{"id":994,"date":"2021-11-28T06:58:33","date_gmt":"2021-11-28T06:58:33","guid":{"rendered":"https:\/\/arsenalbarber.shop\/?post_type=product&#038;p=994"},"modified":"2021-11-30T19:09:19","modified_gmt":"2021-11-30T19:09:19","slug":"nishman-peel-of-black-mask","status":"publish","type":"product","link":"https:\/\/arsenalbarber.shop\/ro\/produse\/pentru-fata\/nishman-peel-of-black-mask\/","title":{"rendered":"Nishman Peel Of Black Mask"},"content":{"rendered":"<h3>Nishman Peel Of Black Mask<\/h3>\n<h4>Masc\u0103 de cur\u0103\u021bare pentru <a href=\"https:\/\/arsenalbarber.shop\/product-category\/pentru-fata\/\">fa\u021b\u0103<\/a> neagr\u0103<\/h4>\n<p><strong>Volum:<\/strong> 150ml<\/p>\n<p><strong>Termen de valabilitate:<\/strong> 3 ani<\/p>\n<p><strong>Produc\u0103tor:<\/strong> Turcia<\/p>\n<p>Masca purificatoare <a href=\"https:\/\/nishman.ru\/\" target=\"_blank\" rel=\"noopener\">Nishman<\/a> ajuta la scaparea punctelor negre, curata si indeparteaza celulele moarte. Dup\u0103 utilizarea filmului-masc\u0103, pielea fe\u021bei arat\u0103 s\u0103n\u0103toas\u0103, bine \u00eengrijit\u0103, c\u0103p\u0103t\u00e2nd un ton uniform, devine elastic\u0103, neted\u0103, luciul uleios dispare. Combate inflama\u021bia, acneea \u0219i porii dilata\u021bi. Masca \u00eembun\u0103t\u0103\u021be\u0219te aspectul \u0219i calitatea tenului gras \u0219i mixt.<\/p>\n<p><strong>Aplicarea:<\/strong> masca se aplic\u0103 \u00eentr-un strat suficient de gros pe pielea cur\u0103\u021bat\u0103 \u00een prealabil (pe zonele care necesit\u0103 cur\u0103\u021bare, evit\u00e2nd pielea din jurul ochilor, buzelor \u0219i zonele de cre\u0219tere a p\u0103rului). L\u0103sa\u021bi 20-25 de minute p\u00e2n\u0103 se usuc\u0103 complet. Scoate\u021bi cu grij\u0103 masca \u00eencep\u00e2nd de jos. Pentru efect maxim, foloseste masca de 1-2 ori pe saptamana, in functie de tipul de ten.<\/p>\n<p><strong>Precau\u021bii:<\/strong> doar pentru uz extern. A nu se lasa la indemana copiilor. Evita contactul cu ochii. \u00cen caz de contact cu ochii, cl\u0103ti\u021bi bine cu mult\u0103 ap\u0103. Un test de alergie trebuie efectuat pe o zon\u0103 mic\u0103 a pielii \u00eenainte de utilizare.<\/p>\n<p><strong>Compozi\u021bie:<\/strong> Agua, Alcohol Denat., Polyvinyl Alcohol, Glycerin, Propylene Glycol, Dimethicone, Parfum, Citric Acid, Phenoxyethanol, Methyl Paraben, Ethyl Paraben, Propyl Paraben, Tocopherol, CI 77499<\/p>","protected":false},"excerpt":{"rendered":"<p>Masc\u0103 de cur\u0103\u021bare pentru fa\u021b\u0103 neagr\u0103 Nishman Peel Of Black Mask<\/p>\n","protected":false},"featured_media":995,"template":"","meta":[],"product_cat":[33],"product_tag":[],"class_list":{"0":"post-994","1":"product","2":"type-product","3":"status-publish","4":"has-post-thumbnail","6":"product_cat-pentru-fata","8":"first","9":"instock","10":"shipping-taxable","11":"product-type-simple"},"_links":{"self":[{"href":"https:\/\/arsenalbarber.shop\/ro\/wp-json\/wp\/v2\/product\/994","targetHints":{"allow":["GET"]}}],"collection":[{"href":"https:\/\/arsenalbarber.shop\/ro\/wp-json\/wp\/v2\/product"}],"about":[{"href":"https:\/\/arsenalbarber.shop\/ro\/wp-json\/wp\/v2\/types\/product"}],"wp:featuredmedia":[{"embeddable":true,"href":"https:\/\/arsenalbarber.shop\/ro\/wp-json\/wp\/v2\/media\/995"}],"wp:attachment":[{"href":"https:\/\/arsenalbarber.shop\/ro\/wp-json\/wp\/v2\/media?parent=994"}],"wp:term":[{"taxonomy":"product_cat","embeddable":true,"href":"https:\/\/arsenalbarber.shop\/ro\/wp-json\/wp\/v2\/product_cat?post=994"},{"taxonomy":"product_tag","embeddable":true,"href":"https:\/\/arsenalbarber.shop\/ro\/wp-json\/wp\/v2\/product_tag?post=994"}],"curies":[{"name":"wp","href":"https:\/\/api.w.org\/{rel}","templated":true}]}}