{"id":984,"date":"2021-11-28T06:55:26","date_gmt":"2021-11-28T06:55:26","guid":{"rendered":"https:\/\/arsenalbarber.shop\/?post_type=product&#038;p=984"},"modified":"2021-11-30T19:04:58","modified_gmt":"2021-11-30T19:04:58","slug":"nishman-hand-face-care-cream-blackberry","status":"publish","type":"product","link":"https:\/\/arsenalbarber.shop\/ro\/produse\/pentru-fata\/nishman-hand-face-care-cream-blackberry\/","title":{"rendered":"Nishman Hand Face Care Cream BlackBerry"},"content":{"rendered":"<h3>Nishman Hand Face Care Cream BlackBerry<\/h3>\n<h4>Crem\u0103 pentru m\u00eeni \u0219i <a href=\"https:\/\/arsenalbarber.shop\/product-category\/pentru-fata\/\">fa\u021b\u0103<\/a> cu miros de mure<\/h4>\n<p><strong>Volum:<\/strong> 300ml<\/p>\n<p><strong>Termen de valabilitate:<\/strong> 3 ani<\/p>\n<p><strong>Produc\u0103tor:<\/strong> Turcia<\/p>\n<p>Formula \u00eembog\u0103\u021bit\u0103 a Cremei de fa\u021b\u0103 \u0219i m\u00e2ini <a href=\"https:\/\/nishman.ru\/\" target=\"_blank\" rel=\"noopener\">Nishman<\/a> ajut\u0103 la calmarea \u0219i relaxarea pielii. Mirosul feeric transform\u0103 rutina zilnic\u0103 de \u00eengrijire a pielii \u00eentr-un ritual pl\u0103cut. Ofer\u0103 hidratare intens\u0103 \u0219i catifelare timp de 24 de ore. Potrivit pentru toate tipurile de piele.<\/p>\n<p><strong>Aplicarea:<\/strong> aplica\u021bi pe m\u00e2ini \u0219i pe fa\u021b\u0103, dup\u0103 cum este necesar.<\/p>\n<p><strong>Precau\u021bii:<\/strong> doar pentru uz extern. A se pastra intr-un loc racoros si uscat ferit de lumina directa a soarelui. \u00cen caz de contact cu ochii, cl\u0103ti\u021bi imediat cu mult\u0103 ap\u0103. A nu se l\u0103sa la \u00eendem\u00e2na copiilor.<\/p>\n<p><strong>Compozi\u021bie:<\/strong> Aqua, Glycerin, Cetearyl Alcohol, Dimethicone, Ceteareth-20, Imidazolidinyl Urea, Phenoxyethanol, Parfum, Methylparaben, Ethylparaben, Propylparaben, Carbomer, Disodium EDTA, Tocopheryl Acetate, Ascorbic Acid, Punica Granatum Fruit Extract, Triethanolamine, Citric Acid, Benzyl Benzoate, Linalool<\/p>","protected":false},"excerpt":{"rendered":"<p>Crem\u0103 pentru m\u00eeni \u0219i fa\u021b\u0103 cu miros de mure Nishman Hand Face Care Cream BlackBerry<\/p>\n","protected":false},"featured_media":985,"template":"","meta":[],"product_cat":[33],"product_tag":[],"class_list":{"0":"post-984","1":"product","2":"type-product","3":"status-publish","4":"has-post-thumbnail","6":"product_cat-pentru-fata","8":"first","9":"instock","10":"shipping-taxable","11":"product-type-simple"},"_links":{"self":[{"href":"https:\/\/arsenalbarber.shop\/ro\/wp-json\/wp\/v2\/product\/984","targetHints":{"allow":["GET"]}}],"collection":[{"href":"https:\/\/arsenalbarber.shop\/ro\/wp-json\/wp\/v2\/product"}],"about":[{"href":"https:\/\/arsenalbarber.shop\/ro\/wp-json\/wp\/v2\/types\/product"}],"wp:featuredmedia":[{"embeddable":true,"href":"https:\/\/arsenalbarber.shop\/ro\/wp-json\/wp\/v2\/media\/985"}],"wp:attachment":[{"href":"https:\/\/arsenalbarber.shop\/ro\/wp-json\/wp\/v2\/media?parent=984"}],"wp:term":[{"taxonomy":"product_cat","embeddable":true,"href":"https:\/\/arsenalbarber.shop\/ro\/wp-json\/wp\/v2\/product_cat?post=984"},{"taxonomy":"product_tag","embeddable":true,"href":"https:\/\/arsenalbarber.shop\/ro\/wp-json\/wp\/v2\/product_tag?post=984"}],"curies":[{"name":"wp","href":"https:\/\/api.w.org\/{rel}","templated":true}]}}