{"id":968,"date":"2021-11-28T06:47:40","date_gmt":"2021-11-28T06:47:40","guid":{"rendered":"https:\/\/arsenalbarber.shop\/?post_type=product&#038;p=968"},"modified":"2021-11-30T19:02:03","modified_gmt":"2021-11-30T19:02:03","slug":"nishman-hair-spray-extra-strong-hold-04","status":"publish","type":"product","link":"https:\/\/arsenalbarber.shop\/ro\/produse\/pentru-fata\/nishman-hair-spray-extra-strong-hold-04\/","title":{"rendered":"Nishman Hair Spray Extra Strong Hold 04"},"content":{"rendered":"<h3>Nishman Hair Spray Extra Strong Hold 04<\/h3>\n<h4>Fixativ pentru <a href=\"https:\/\/arsenalbarber.shop\/ro\/product-category\/pentru-par\/\">p\u0103r<\/a> super fixare<\/h4>\n<p><strong>Volum:<\/strong> 400ml<\/p>\n<p><strong>Termen de valabilitate:<\/strong> 3 ani<\/p>\n<p><strong>Produc\u0103tor:<\/strong> Turcia<\/p>\n<p>Formula inovatoare a lui <a href=\"https:\/\/nishman.ru\/\" target=\"_blank\" rel=\"noopener\">Nishman<\/a> asigur\u0103 o fixare de lung\u0103 durat\u0103. Spray umed.<\/p>\n<p><strong>Aplicare:<\/strong> pentru fixare se pulverizeaza uniform pe par la o distanta de 30 cm.<\/p>\n<p><strong>Precautii:<\/strong> sticla sub presiune. Proteja\u021bi de lumina soarelui \u0219i c\u0103ldur\u0103. Nu perfora\u021bi \u0219i nu arunca\u021bi \u00een foc, chiar \u0219i dup\u0103 utilizare. Nu pulveriza\u021bi l\u00e2ng\u0103 fl\u0103c\u0103ri deschise sau obiecte fierbin\u021bi. Evita\u021bi contactul cu ochii \u0219i fa\u021ba. \u00cen caz de contact cu ochii, cl\u0103ti\u021bi bine cu mult\u0103 ap\u0103. Nu inspira\u021bi.<\/p>\n<p><strong>Compozi\u021bie: <\/strong>Alcohol Denat., Butane, Propane, Acrylates Copolymer, Isobutane, Polyvinylcaprolactam, Aminomethyl Propanol, Parfum, Limonene, Alpha-Isomethyl Ionone, Linalool, Butylphenyl Methylpropional<\/p>","protected":false},"excerpt":{"rendered":"<p>Fixativ pentru p\u0103r super fixare Nishman Hair Spray Extra Strong Hold 04<\/p>\n","protected":false},"featured_media":970,"template":"","meta":[],"product_cat":[33],"product_tag":[],"class_list":{"0":"post-968","1":"product","2":"type-product","3":"status-publish","4":"has-post-thumbnail","6":"product_cat-pentru-fata","8":"first","9":"instock","10":"shipping-taxable","11":"product-type-simple"},"_links":{"self":[{"href":"https:\/\/arsenalbarber.shop\/ro\/wp-json\/wp\/v2\/product\/968","targetHints":{"allow":["GET"]}}],"collection":[{"href":"https:\/\/arsenalbarber.shop\/ro\/wp-json\/wp\/v2\/product"}],"about":[{"href":"https:\/\/arsenalbarber.shop\/ro\/wp-json\/wp\/v2\/types\/product"}],"wp:featuredmedia":[{"embeddable":true,"href":"https:\/\/arsenalbarber.shop\/ro\/wp-json\/wp\/v2\/media\/970"}],"wp:attachment":[{"href":"https:\/\/arsenalbarber.shop\/ro\/wp-json\/wp\/v2\/media?parent=968"}],"wp:term":[{"taxonomy":"product_cat","embeddable":true,"href":"https:\/\/arsenalbarber.shop\/ro\/wp-json\/wp\/v2\/product_cat?post=968"},{"taxonomy":"product_tag","embeddable":true,"href":"https:\/\/arsenalbarber.shop\/ro\/wp-json\/wp\/v2\/product_tag?post=968"}],"curies":[{"name":"wp","href":"https:\/\/api.w.org\/{rel}","templated":true}]}}