{"id":941,"date":"2021-11-27T12:39:12","date_gmt":"2021-11-27T12:39:12","guid":{"rendered":"https:\/\/arsenalbarber.shop\/?post_type=product&#038;p=941"},"modified":"2023-10-30T07:15:07","modified_gmt":"2023-10-30T07:15:07","slug":"nishman-pliablematte-hair-styling-m6-inca-inchi","status":"publish","type":"product","link":"https:\/\/arsenalbarber.shop\/ro\/produse\/pentru-par\/nishman-pliablematte-hair-styling-m6-inca-inchi\/","title":{"rendered":"Nishman Pliablematte Hair Styling M6 Inca Inchi"},"content":{"rendered":"<h3>Nishman Pliablematte Hair Styling M6 Inca Inchi<\/h3>\n<h4>Cear\u0103 mat\u0103 pentru <a href=\"https:\/\/arsenalbarber.shop\/product-category\/pentru-par\/\">p\u0103r<\/a><\/h4>\n<p><strong>Volum:<\/strong> 100 ml<\/p>\n<p><strong>Termen de valabilitate:<\/strong> 3 ani<\/p>\n<p><strong>Produc\u0103tor:<\/strong> Turcia<\/p>\n<p><a href=\"https:\/\/nishman.ru\/\" target=\"_blank\" rel=\"noopener\">Nishman<\/a>\u00a0Hair Styling Wax M6 din seria M Special Matte Look poate fi aplicat\u0103 cu u\u0219urin\u021b\u0103 pe p\u0103r sub form\u0103 de past\u0103. Inka Inchi ajut\u0103 p\u0103rul s\u0103 arate s\u0103n\u0103tos. Ceara M6 ofer\u0103 volum \u0219i \u021binere toat\u0103 ziua. Potrivit pentru toate tipurile de p\u0103r.<\/p>\n<p><strong>Aplicarea:<\/strong> aplica\u021bi o cantitate mic\u0103 de cear\u0103 \u00een palma m\u00e2inii. \u00centinde\u021bi uniform pe palma m\u00e2inii \u0219i aplica\u021bi pe p\u0103rul uscat sau umed.<\/p>\n<p><strong>Compozi\u021bie:<\/strong> Aqua, Ceteareth-25, Kaolin, Polysorbate-20, Glycerin, VP\/VA Copolymer, Parfum, Phenoxyethanol, Methylparaben, EDTA, Plukenetia Volubilis Seed Oil, Ethylparaben, Propylparaben, Cinnamic Alcohol, Citronello, Coumarin, Eugenol,Geraniol, Linalool<\/p>","protected":false},"excerpt":{"rendered":"<p>Pasta de styling mat\u0103 pentru p\u0103r Nishman Pliablematte Hair Styling M6 Inca Inchi<\/p>\n","protected":false},"featured_media":942,"template":"","meta":[],"product_cat":[34],"product_tag":[],"class_list":{"0":"post-941","1":"product","2":"type-product","3":"status-publish","4":"has-post-thumbnail","6":"product_cat-pentru-par","8":"first","9":"instock","10":"shipping-taxable","11":"product-type-simple"},"_links":{"self":[{"href":"https:\/\/arsenalbarber.shop\/ro\/wp-json\/wp\/v2\/product\/941","targetHints":{"allow":["GET"]}}],"collection":[{"href":"https:\/\/arsenalbarber.shop\/ro\/wp-json\/wp\/v2\/product"}],"about":[{"href":"https:\/\/arsenalbarber.shop\/ro\/wp-json\/wp\/v2\/types\/product"}],"wp:featuredmedia":[{"embeddable":true,"href":"https:\/\/arsenalbarber.shop\/ro\/wp-json\/wp\/v2\/media\/942"}],"wp:attachment":[{"href":"https:\/\/arsenalbarber.shop\/ro\/wp-json\/wp\/v2\/media?parent=941"}],"wp:term":[{"taxonomy":"product_cat","embeddable":true,"href":"https:\/\/arsenalbarber.shop\/ro\/wp-json\/wp\/v2\/product_cat?post=941"},{"taxonomy":"product_tag","embeddable":true,"href":"https:\/\/arsenalbarber.shop\/ro\/wp-json\/wp\/v2\/product_tag?post=941"}],"curies":[{"name":"wp","href":"https:\/\/api.w.org\/{rel}","templated":true}]}}