{"id":939,"date":"2021-11-27T12:12:49","date_gmt":"2021-11-27T12:12:49","guid":{"rendered":"https:\/\/arsenalbarber.shop\/?post_type=product&#038;p=939"},"modified":"2023-10-30T07:15:07","modified_gmt":"2023-10-30T07:15:07","slug":"nishman-matte-paste-hair-texturizing-m3-mess-up","status":"publish","type":"product","link":"https:\/\/arsenalbarber.shop\/ro\/produse\/pentru-par\/nishman-matte-paste-hair-texturizing-m3-mess-up\/","title":{"rendered":"Nishman Matte Paste Hair Texturizing M3 Mess Up"},"content":{"rendered":"<h3>Nishman Matte Paste Hair Texturizing M3 Mess Up<\/h3>\n<h4>Pasta de styling mat\u0103 pentru <a href=\"https:\/\/arsenalbarber.shop\/product-category\/pentru-par\/\">p\u0103r<\/a><\/h4>\n<p><strong>Volum:<\/strong> 100 ml<\/p>\n<p><strong>Termen de valabilitate:<\/strong> 3 ani<\/p>\n<p><strong>Produc\u0103tor:<\/strong> Turcia<\/p>\n<p>Pasta de p\u0103r mat\u0103 <a href=\"https:\/\/nishman.ru\/\" target=\"_blank\" rel=\"noopener\">Nishman<\/a> pentru modelarea unei prinderi aleatorii. Consisten\u021ba cear\u0103 ofer\u0103 un finisaj mat, \u00een timp ce se r\u0103sp\u00e2nde\u0219te u\u0219or prin p\u0103r. M3 Styling Paste este similar\u0103 cu M1 Paste ca textur\u0103 \u0219i efect, dar mai u\u0219or de utilizat \u0219i aplicat pe p\u0103r. Poate fi folosit pe parul mai lung de 5 cm.Aderenta puternica, zero stralucire.<\/p>\n<p><strong>Aplicarea:<\/strong> forma\u021bi o emulsie \u00een palmele m\u00e2inilor \u0219i aplica\u021bi o cantitate mic\u0103 pe p\u0103rul umed sau uscat, dup\u0103 cum dori\u021bi.<\/p>\n<p><strong>Compozi\u021bie:<\/strong> Petrolatum, Aqua, Paraffinum Liquidum, Cera Aba, PEG-7 Glyceryl Cocoate, Ceteareth-25, Propylene Glycol, Glycerin, Caprylic\/Capric Triglyceride, Titanium Dioxide, Ozokerite, Parfum, Mica, Phenoxyethanol, Copernicia Cerifera Cera, Methylparaben, Ethylparaben, Propylparaben, Aluminum Hydroxide, Theobroma Cacao Seed Butter, Triethoxycprylylsilane, D-Limonene, CI 77499<\/p>","protected":false},"excerpt":{"rendered":"<p>Pasta de styling mat\u0103 pentru p\u0103r Nishman Matte Paste Hair Texturizing M3 Mess Up<\/p>\n","protected":false},"featured_media":940,"template":"","meta":[],"product_cat":[34],"product_tag":[],"class_list":{"0":"post-939","1":"product","2":"type-product","3":"status-publish","4":"has-post-thumbnail","6":"product_cat-pentru-par","8":"first","9":"instock","10":"shipping-taxable","11":"product-type-simple"},"_links":{"self":[{"href":"https:\/\/arsenalbarber.shop\/ro\/wp-json\/wp\/v2\/product\/939","targetHints":{"allow":["GET"]}}],"collection":[{"href":"https:\/\/arsenalbarber.shop\/ro\/wp-json\/wp\/v2\/product"}],"about":[{"href":"https:\/\/arsenalbarber.shop\/ro\/wp-json\/wp\/v2\/types\/product"}],"wp:featuredmedia":[{"embeddable":true,"href":"https:\/\/arsenalbarber.shop\/ro\/wp-json\/wp\/v2\/media\/940"}],"wp:attachment":[{"href":"https:\/\/arsenalbarber.shop\/ro\/wp-json\/wp\/v2\/media?parent=939"}],"wp:term":[{"taxonomy":"product_cat","embeddable":true,"href":"https:\/\/arsenalbarber.shop\/ro\/wp-json\/wp\/v2\/product_cat?post=939"},{"taxonomy":"product_tag","embeddable":true,"href":"https:\/\/arsenalbarber.shop\/ro\/wp-json\/wp\/v2\/product_tag?post=939"}],"curies":[{"name":"wp","href":"https:\/\/api.w.org\/{rel}","templated":true}]}}