{"id":932,"date":"2021-11-27T11:53:33","date_gmt":"2021-11-27T11:53:33","guid":{"rendered":"https:\/\/arsenalbarber.shop\/?post_type=product&#038;p=932"},"modified":"2023-10-30T07:16:11","modified_gmt":"2023-10-30T07:16:11","slug":"nishman-matte-finish-hair-styling-wax-m4-super-high-hold","status":"publish","type":"product","link":"https:\/\/arsenalbarber.shop\/ro\/produse\/pentru-par\/nishman-matte-finish-hair-styling-wax-m4-super-high-hold\/","title":{"rendered":"Nishman Matte Finish Hair Styling Wax M4 Super High Hold"},"content":{"rendered":"<h3>Nishman Matte Finish Hair Styling Wax M4 Super High Hold<\/h3>\n<h4>Cear\u0103 mat\u0103 de styling pentru <a href=\"https:\/\/arsenalbarber.shop\/product-category\/pentru-par\/\">p\u0103r<\/a><\/h4>\n<p><strong>Volum:<\/strong> 100 ml<\/p>\n<p><strong>Termen de valabilitate:<\/strong> 3 ani<\/p>\n<p><strong>Produc\u0103tor:<\/strong> Turcia<\/p>\n<p>Cear\u0103 de p\u0103r mat\u0103 <a href=\"https:\/\/nishman.ru\/\" target=\"_blank\" rel=\"noopener\">Nishman<\/a> &#8211; fixare ultra puternica pe tot parcursul zilei. Potrivit pentru coafuri groase, texturate \u0219i moderne. Dac\u0103 ai p\u0103rul gros, scurt sau lung \u0219i ondulat, te po\u021bi baza pe ceara mat\u0103 pentru coafare pentru a te ajuta s\u0103 ob\u021bii aspectul dorit.<\/p>\n<p><strong>Aplicarea:<\/strong> Freca\u021bi o cantitate mic\u0103 de cear\u0103 \u00eentre palme. \u00centinde\u021bi prin p\u0103r pentru a crea coafa \u0219i textura dorite.<\/p>\n<p><strong>Compozi\u021bie:<\/strong> Petrolatum, Aqua, Kaolin, Beeswax, VP\/VA Copolymer, PEG-7 Glyceryl Cocoate, Cetearyl Alcohol, Lanolin Alcohol, Parfum, Phenoxyethanol, Hydroxyethyl Acrylate\/Sodium Acryloydimethyl Taurate Copolymer, Squalene, Methylparaben, Ethylparaben, Polysorbate 60, Propylparaben, Sorbitan Isostearte, Limonene, Linalool, Coumarin, Eugenol<\/p>","protected":false},"excerpt":{"rendered":"<p>Cear\u0103 de styling mat\u0103 pentru p\u0103r Nishman Matte Finish Hair Styling Wax M4 Super High Hold<\/p>\n","protected":false},"featured_media":933,"template":"","meta":[],"product_cat":[34],"product_tag":[],"class_list":{"0":"post-932","1":"product","2":"type-product","3":"status-publish","4":"has-post-thumbnail","6":"product_cat-pentru-par","8":"first","9":"instock","10":"shipping-taxable","11":"product-type-simple"},"_links":{"self":[{"href":"https:\/\/arsenalbarber.shop\/ro\/wp-json\/wp\/v2\/product\/932","targetHints":{"allow":["GET"]}}],"collection":[{"href":"https:\/\/arsenalbarber.shop\/ro\/wp-json\/wp\/v2\/product"}],"about":[{"href":"https:\/\/arsenalbarber.shop\/ro\/wp-json\/wp\/v2\/types\/product"}],"wp:featuredmedia":[{"embeddable":true,"href":"https:\/\/arsenalbarber.shop\/ro\/wp-json\/wp\/v2\/media\/933"}],"wp:attachment":[{"href":"https:\/\/arsenalbarber.shop\/ro\/wp-json\/wp\/v2\/media?parent=932"}],"wp:term":[{"taxonomy":"product_cat","embeddable":true,"href":"https:\/\/arsenalbarber.shop\/ro\/wp-json\/wp\/v2\/product_cat?post=932"},{"taxonomy":"product_tag","embeddable":true,"href":"https:\/\/arsenalbarber.shop\/ro\/wp-json\/wp\/v2\/product_tag?post=932"}],"curies":[{"name":"wp","href":"https:\/\/api.w.org\/{rel}","templated":true}]}}