{"id":922,"date":"2021-10-27T11:49:31","date_gmt":"2021-10-27T11:49:31","guid":{"rendered":"https:\/\/arsenalbarber.shop\/?post_type=product&#038;p=922"},"modified":"2023-10-30T07:16:11","modified_gmt":"2023-10-30T07:16:11","slug":"nishman-hair-color-styling-wax-c2-grey-smoked","status":"publish","type":"product","link":"https:\/\/arsenalbarber.shop\/ro\/produse\/pentru-par\/nishman-hair-color-styling-wax-c2-grey-smoked\/","title":{"rendered":"Nishman Hair Color Styling Wax C2 Grey Smoked"},"content":{"rendered":"<h3>Nishman Hair Color Styling Wax C2 Grey Smoked<\/h3>\n<h4>Crem\u0103-cear\u0103 colorat\u0103 pentru a ad\u0103uga culoare <a href=\"https:\/\/arsenalbarber.shop\/ro\/product-category\/pentru-par\/\">p\u0103rului<\/a><\/h4>\n<p><strong>Culori:<\/strong> light silver, , grey smoked, dark black<\/p>\n<p><strong>Volum:<\/strong> 100 ml<\/p>\n<p><strong>Termen de valabilitate:<\/strong> 3 ani<\/p>\n<p><strong>Produc\u0103tor:<\/strong> Turcia<\/p>\n<p><a href=\"https:\/\/nishman.ru\/\" target=\"_blank\" rel=\"noopener\">Nishman<\/a> Color Cream-cear\u0103 pentru a ad\u0103uga culoare p\u0103rului. Inofensiv pentru p\u0103r. Crema-ceara v\u0103 permite s\u0103 ob\u021bine\u021bi nu numai colorare, ci \u0219i s\u0103 da\u021bi o form\u0103 coafurii. Coafarea va dura pe tot parcursul zilei. Solu\u021bia ideal\u0103 pentru cei c\u0103rora le place s\u0103 se schimbe constant. U\u0219or de aplicat, u\u0219or de cl\u0103tit, colorare temporar\u0103 f\u0103r\u0103 a d\u0103una p\u0103rului, efect instantaneu, \u021binere pe termen lung.<\/p>\n<p><strong>Aplicarea:<\/strong> Aplica\u021bi o cantitate mic\u0103 de cear\u0103 crem\u0103 colorat\u0103 pe p\u0103rul uscat sau umed, distribuie pe lungime \u00een func\u021bie de efectul dorit, da textur\u0103 \u0219i form\u0103.<\/p>\n<p><strong>Compozi\u021bie:<\/strong> Aqua, Petrolatum, Cetyl Alcohol, Stearyl Alcohol, Ceteareth-25, Beeswax, Dimethicone, Sorbitol, Isopropyl Myristate, PVP, Parfum, Phenoxyethanol, Cetrimonium Chloride, Myristyl Alcohol, Arachidyl Alcohol, Triethanolamine, Lauryl Alcohol, Iodopropynyl Butylcarbamate, Benzyl Salicylate, D-Limonene, Linalool, Coumarin [+\/- MAY CONTAIN: Mica, CI 77891, CI 77492, CI 77499, CI 15985, CI 19140, CI 77510, CI 77742, CI 15850]","protected":false},"excerpt":{"rendered":"<p>Crem\u0103-cear\u0103 colorat\u0103 pentru a ad\u0103uga culoare p\u0103rului Nishman Hair Color Styling Wax C2 Grey Smoked<\/p>\n","protected":false},"featured_media":923,"template":"","meta":[],"product_cat":[34],"product_tag":[],"class_list":{"0":"post-922","1":"product","2":"type-product","3":"status-publish","4":"has-post-thumbnail","6":"product_cat-pentru-par","8":"first","9":"instock","10":"shipping-taxable","11":"product-type-simple"},"_links":{"self":[{"href":"https:\/\/arsenalbarber.shop\/ro\/wp-json\/wp\/v2\/product\/922","targetHints":{"allow":["GET"]}}],"collection":[{"href":"https:\/\/arsenalbarber.shop\/ro\/wp-json\/wp\/v2\/product"}],"about":[{"href":"https:\/\/arsenalbarber.shop\/ro\/wp-json\/wp\/v2\/types\/product"}],"wp:featuredmedia":[{"embeddable":true,"href":"https:\/\/arsenalbarber.shop\/ro\/wp-json\/wp\/v2\/media\/923"}],"wp:attachment":[{"href":"https:\/\/arsenalbarber.shop\/ro\/wp-json\/wp\/v2\/media?parent=922"}],"wp:term":[{"taxonomy":"product_cat","embeddable":true,"href":"https:\/\/arsenalbarber.shop\/ro\/wp-json\/wp\/v2\/product_cat?post=922"},{"taxonomy":"product_tag","embeddable":true,"href":"https:\/\/arsenalbarber.shop\/ro\/wp-json\/wp\/v2\/product_tag?post=922"}],"curies":[{"name":"wp","href":"https:\/\/api.w.org\/{rel}","templated":true}]}}