{"id":577,"date":"2021-11-23T21:30:48","date_gmt":"2021-11-23T21:30:48","guid":{"rendered":"https:\/\/arsenalbarber.shop\/?post_type=product&#038;p=577"},"modified":"2023-10-30T07:56:20","modified_gmt":"2023-10-30T07:56:20","slug":"nishman-hair-styling-wax-cola-09","status":"publish","type":"product","link":"https:\/\/arsenalbarber.shop\/ro\/produse\/pentru-par\/nishman-hair-styling-wax-cola-09\/","title":{"rendered":"Nishman Hair Styling Wax Cola 09"},"content":{"rendered":"<h3>Nishman Hair Styling Wax Matte 08<\/h3>\n<p>Cear\u0103 pentru modelarea <a href=\"https:\/\/arsenalbarber.shop\/ro\/product-category\/pentru-par\/\">p\u0103rului<\/a> lucioas\u0103 cu arom\u0103 de cola<\/p>\n<p><strong>Termen de valabilitate:<\/strong> 3 ani<\/p>\n<p><strong>Produc\u0103tor:<\/strong> Turcia<\/p>\n<p>Ceara <a href=\"https:\/\/nishman.ru\/\" target=\"_blank\" rel=\"noopener\">Nishman<\/a> cu fixare puternic\u0103 pe baz\u0103 de ap\u0103 este ideal\u0103 pentru a crea textura pe p\u0103rul scurt p\u00e2n\u0103 la mediu. P\u0103streaz\u0103 stilul \u0219i aspectul natural toat\u0103 ziua. Nu se lipe\u0219te, nu \u00eel face mai greu. U\u0219or de aplicat \u0219i de cl\u0103tit datorit\u0103 bazei sale de ap\u0103.<\/p>\n<p><strong>Aplicarea:<\/strong> Aplica\u021bi o cantitate mic\u0103 de cear\u0103 pe p\u0103rul uscat sau umed, forma \u0219i textura.<\/p>\n<p><strong>Compozi\u021bie: <\/strong>Aqua, Ceteareth-25, Glycerin, PEG-40 Hydrogenated Castor Oil, Parfum, BHT, Benzyl Alcohol, PPG-2 Methyl Ether, 2-Bromo-2-Nitropropane-1, 3-Diol, Iodopropynyl Butylcarbamate, Butylphenyl Methylpropional, Coumarin, Limonene, Alpha-Isomethyl Ionone, Hydroxycitronellal, Linalool, Mica, Titanium Dioxide, CI 19140, CI 77491<\/p>","protected":false},"excerpt":{"rendered":"<p><span style=\"font-size: 120%;\">Cear\u0103 pentru modelarea p\u0103rului lucioas\u0103 cu arom\u0103 de cola Nishman Hair Styling Wax Cola 09<\/span><\/p>\n","protected":false},"featured_media":580,"template":"","meta":[],"product_cat":[34],"product_tag":[],"class_list":{"0":"post-577","1":"product","2":"type-product","3":"status-publish","4":"has-post-thumbnail","6":"product_cat-pentru-par","8":"first","9":"instock","10":"shipping-taxable","11":"product-type-variable"},"_links":{"self":[{"href":"https:\/\/arsenalbarber.shop\/ro\/wp-json\/wp\/v2\/product\/577","targetHints":{"allow":["GET"]}}],"collection":[{"href":"https:\/\/arsenalbarber.shop\/ro\/wp-json\/wp\/v2\/product"}],"about":[{"href":"https:\/\/arsenalbarber.shop\/ro\/wp-json\/wp\/v2\/types\/product"}],"wp:featuredmedia":[{"embeddable":true,"href":"https:\/\/arsenalbarber.shop\/ro\/wp-json\/wp\/v2\/media\/580"}],"wp:attachment":[{"href":"https:\/\/arsenalbarber.shop\/ro\/wp-json\/wp\/v2\/media?parent=577"}],"wp:term":[{"taxonomy":"product_cat","embeddable":true,"href":"https:\/\/arsenalbarber.shop\/ro\/wp-json\/wp\/v2\/product_cat?post=577"},{"taxonomy":"product_tag","embeddable":true,"href":"https:\/\/arsenalbarber.shop\/ro\/wp-json\/wp\/v2\/product_tag?post=577"}],"curies":[{"name":"wp","href":"https:\/\/api.w.org\/{rel}","templated":true}]}}