{"id":530,"date":"2021-11-23T18:14:22","date_gmt":"2021-11-23T18:14:22","guid":{"rendered":"https:\/\/arsenalbarber.shop\/?post_type=product&#038;p=530"},"modified":"2022-08-06T08:25:49","modified_gmt":"2022-08-06T08:25:49","slug":"nisman-conditioner-mustache-beard","status":"publish","type":"product","link":"https:\/\/arsenalbarber.shop\/ro\/produse\/pentru-barba-si-mustata\/nisman-conditioner-mustache-beard\/","title":{"rendered":"Nisman Conditioner Mustache Beard"},"content":{"rendered":"<h3>Nisman Conditioner Mustache Beard<\/h3>\n<p>Balsam pentru <a href=\"https:\/\/arsenalbarber.shop\/ro\/product-category\/pentru-barba-si-mustata\/\">barb\u0103 \u0219i musta\u021b\u0103<\/a><\/p>\n<p><strong>Volum:<\/strong> 200 ml<\/p>\n<p><strong>Termen de valabilitate:<\/strong> 3 ani<\/p>\n<p><strong>Produc\u0103tor:<\/strong> Turcia<\/p>\n<p>Balsamul <a href=\"https:\/\/nishman.ru\/\" target=\"_blank\" rel=\"noopener\">Nishman<\/a> Beard &amp; Mustache este special formulat pentru parul fetei si al barbii. Con\u021bine pantenol pentru \u00eengrijirea suplimentar\u0103 a pielii fe\u021bei. Potrivit pentru toate tipurile de p\u0103r, cur\u0103\u021b\u0103 delicat de murd\u0103rie, praf \u0219i exces de sebum. Balsamul are un efect de catifelare \u0219i hidratare, ceea ce face barba mai manevrabil\u0103 \u0219i mai u\u0219or de \u00eengrijit.<\/p>\n<p>Uleiul de argan din balsamul de barb\u0103 Nishman hidrateaz\u0103 p\u0103rul, \u00eel satureaz\u0103 cu multe vitamine \u0219i minerale s\u0103n\u0103toase. Ca urmare, ruperea p\u0103rului este redus\u0103, devine mai elastic \u0219i cap\u0103t\u0103 o str\u0103lucire s\u0103n\u0103toas\u0103.<\/p>\n<p><strong>Aplicarea:<\/strong> Masa\u021bi o cantitate mic\u0103 de balsam pe o barb\u0103 umed\u0103. Cl\u0103ti\u021bi bine cu ap\u0103 rece sau cald\u0103.<\/p>\n<p><strong>Precau\u021bii:<\/strong> doar pentru uz extern. A se p\u0103stra departe de c\u0103ldur\u0103 \u0219i lumin\u0103. Evita contactul cu ochii. \u00cen caz de contact cu ochii, cl\u0103ti\u021bi bine cu ap\u0103. A nu se l\u0103sa la \u00eendem\u00e2na copiilor.<\/p>\n<p><strong>Compozi\u021bie: <\/strong>Aqua, Sodium Laureth Sulfate, Cocamidopropyl Betaine, Decyl Glucoside, Sodium Chloride, Cocamide Dea, Glycerin, Parfum, Dipropylene Glycol, Panthenol, Polyquaternium-10, PEG-7 Glyceryl Cocoate, Polysilicone-29, Guar Hydroxypropyltrimonium Chloride, Tetrasodium Edta, Prunus Amygdalus Dulcis oil, Simmondsia Chinensis Seed Oil, Helianthus Annuus Seed Oil, Olea Europaea Fruit Oil, Argania Spinosa Kernel Oil, Magnesium Chloride, Methylisothiazolinone, Magnesium Nitrate, Citroneliol, Hexyl Cinnamal, Hydroxycitronellal, Limonene, Linalool<\/p>","protected":false},"excerpt":{"rendered":"<p>Balsam pentru barb\u0103 \u0219i musta\u021b\u0103 Nisman Conditioner Mustache Beard<\/p>\n","protected":false},"featured_media":533,"template":"","meta":[],"product_cat":[40],"product_tag":[],"class_list":{"0":"post-530","1":"product","2":"type-product","3":"status-publish","4":"has-post-thumbnail","6":"product_cat-pentru-barba-si-mustata","8":"first","9":"instock","10":"shipping-taxable","11":"product-type-simple"},"_links":{"self":[{"href":"https:\/\/arsenalbarber.shop\/ro\/wp-json\/wp\/v2\/product\/530","targetHints":{"allow":["GET"]}}],"collection":[{"href":"https:\/\/arsenalbarber.shop\/ro\/wp-json\/wp\/v2\/product"}],"about":[{"href":"https:\/\/arsenalbarber.shop\/ro\/wp-json\/wp\/v2\/types\/product"}],"wp:featuredmedia":[{"embeddable":true,"href":"https:\/\/arsenalbarber.shop\/ro\/wp-json\/wp\/v2\/media\/533"}],"wp:attachment":[{"href":"https:\/\/arsenalbarber.shop\/ro\/wp-json\/wp\/v2\/media?parent=530"}],"wp:term":[{"taxonomy":"product_cat","embeddable":true,"href":"https:\/\/arsenalbarber.shop\/ro\/wp-json\/wp\/v2\/product_cat?post=530"},{"taxonomy":"product_tag","embeddable":true,"href":"https:\/\/arsenalbarber.shop\/ro\/wp-json\/wp\/v2\/product_tag?post=530"}],"curies":[{"name":"wp","href":"https:\/\/api.w.org\/{rel}","templated":true}]}}