{"id":523,"date":"2021-10-23T16:50:31","date_gmt":"2021-10-23T16:50:31","guid":{"rendered":"https:\/\/arsenalbarber.shop\/?post_type=product&#038;p=523"},"modified":"2022-08-06T08:42:23","modified_gmt":"2022-08-06T08:42:23","slug":"nishman-2-phase-conditioner","status":"publish","type":"product","link":"https:\/\/arsenalbarber.shop\/ro\/produse\/pentru-par\/nishman-2-phase-conditioner\/","title":{"rendered":"Nishman 2 Phase Conditioner"},"content":{"rendered":"<h3>Nishman 2 Phase Conditioner<\/h3>\n<p>Spray \u00een dou\u0103 faze pentru piept\u0103narea u\u0219oar\u0103 a <a href=\"https:\/\/arsenalbarber.shop\/ro\/product-category\/pentru-par\/\">p\u0103rului<\/a> (complex de cheratin\u0103)<\/p>\n<p><strong>Volum:<\/strong> 400 ml<\/p>\n<p><strong>Termen de valabilitate:<\/strong> 3 ani<\/p>\n<p><strong>Produc\u0103tor:<\/strong> Turcia<\/p>\n<p><span style=\"font-size: 14.4px;\">Balsam hidratant cu dou\u0103 faze <a href=\"https:\/\/nishman.ru\/\" target=\"_blank\" rel=\"noopener\">Nishman<\/a> pentru p\u0103r. Ac\u021bioneaz\u0103 imediat dup\u0103 pulverizarea pe p\u0103r. Are propriet\u0103\u021bi de protec\u021bie termic\u0103 u\u0219oar\u0103 a p\u0103rului la uscare. Nu necesit\u0103 cl\u0103tire, ceea ce este un mare plus \u00een via\u021ba de zi cu zi. \u00cent\u0103re\u0219te p\u0103rul, nu creeaz\u0103 un efect de \u201ep\u0103r greu\u201d. P\u0103rul este u\u0219or de piept\u0103nat dup\u0103 aplicarea balsamului. Potrivit pentru toate tipurile de p\u0103r.<\/span><\/p>\n<p><strong>Aplicarea:<\/strong> Distribui\u021bi balsamul uniform pe p\u0103rul sp\u0103lat curat \u0219i umed, scutur\u00e2nd sticla p\u00e2n\u0103 se ob\u021bine o consisten\u021b\u0103 uniform\u0103. Nu cl\u0103ti.<\/p>\n<p><strong>Precau\u021bii:<\/strong> doar pentru uz extern. A se p\u0103stra departe de c\u0103ldur\u0103 \u0219i lumina direct\u0103 a soarelui. Evita contactul cu ochii. Nu inspira\u021bi. A nu se lasa la indemana copiilor.<\/p>\n<p><strong>Compozi\u021bie: <\/strong>Aqua, Cyclopentasiloxane, PEG-7 Glyceryl Cocoate, Polyquaternium 6, PEG-40 Hydrogenated Castor Oil, Hydrolyzed Keratin, Phenoxyethanol, Parfum, Citric Acid, Iodopropynyl Butylcarbamete, Benzyl Salicylate, Butylphenyl Methylpropional, Benzyl Salicylate, Hexyl Cinnamal, Alpha Isomethyl Ionone, CI 42090<\/p>","protected":false},"excerpt":{"rendered":"<p><span style=\"font-size: 120%;\">Spray \u00een dou\u0103 faze pentru piept\u0103narea u\u0219oar\u0103 a p\u0103rului (complex de cheratin\u0103) Nishman 2 Phase Conditioner<\/span><\/p>\n","protected":false},"featured_media":525,"template":"","meta":[],"product_cat":[34],"product_tag":[],"class_list":{"0":"post-523","1":"product","2":"type-product","3":"status-publish","4":"has-post-thumbnail","6":"product_cat-pentru-par","8":"first","9":"instock","10":"shipping-taxable","11":"product-type-simple"},"_links":{"self":[{"href":"https:\/\/arsenalbarber.shop\/ro\/wp-json\/wp\/v2\/product\/523","targetHints":{"allow":["GET"]}}],"collection":[{"href":"https:\/\/arsenalbarber.shop\/ro\/wp-json\/wp\/v2\/product"}],"about":[{"href":"https:\/\/arsenalbarber.shop\/ro\/wp-json\/wp\/v2\/types\/product"}],"wp:featuredmedia":[{"embeddable":true,"href":"https:\/\/arsenalbarber.shop\/ro\/wp-json\/wp\/v2\/media\/525"}],"wp:attachment":[{"href":"https:\/\/arsenalbarber.shop\/ro\/wp-json\/wp\/v2\/media?parent=523"}],"wp:term":[{"taxonomy":"product_cat","embeddable":true,"href":"https:\/\/arsenalbarber.shop\/ro\/wp-json\/wp\/v2\/product_cat?post=523"},{"taxonomy":"product_tag","embeddable":true,"href":"https:\/\/arsenalbarber.shop\/ro\/wp-json\/wp\/v2\/product_tag?post=523"}],"curies":[{"name":"wp","href":"https:\/\/api.w.org\/{rel}","templated":true}]}}