{"id":1011,"date":"2021-11-28T07:11:27","date_gmt":"2021-11-28T07:11:27","guid":{"rendered":"https:\/\/arsenalbarber.shop\/?post_type=product&#038;p=1011"},"modified":"2021-11-30T19:10:56","modified_gmt":"2021-11-30T19:10:56","slug":"nishman-shaving-gel-easy-shave-3-4","status":"publish","type":"product","link":"https:\/\/arsenalbarber.shop\/ro\/produse\/pentru-fata\/nishman-shaving-gel-easy-shave-3-4\/","title":{"rendered":"Nishman Shaving Gel Easy Shave 3-4"},"content":{"rendered":"<h3>Nishman Shaving Gel Easy Shave 3-4<\/h3>\n<h4>Gel pentru <a href=\"https:\/\/arsenalbarber.shop\/product-category\/pentru-fata\/\">ras<\/a> &#8222;easy shave&#8221;<\/h4>\n<p><strong>Termen de valabilitate:<\/strong> 3 ani<\/p>\n<p><strong>Produc\u0103tor:<\/strong> Turcia<\/p>\n<p><a href=\"https:\/\/nishman.ru\/\" target=\"_blank\" rel=\"noopener\">Nishman<\/a> Gel pentru ras ofer\u0103 o alunecare perfect\u0103 a aparatului de ras, \u00eenmoaie barba \u0219i miri\u0219tea. Ideal pentru contururi \u0219i linii precise. U\u0219or de aplicat, permite aparatului de ras s\u0103 alunece mai delicat pe piele, hidrateaz\u0103 pielea pe m\u0103sur\u0103 ce te b\u0103rbiere\u0219ti \u0219i previne irita\u021bia. Nu se usuc\u0103 mult timp. Nu face spum\u0103.<\/p>\n<p><strong>Aplicarea:<\/strong> Aplica\u021bi o cantitate mic\u0103 de gel pe piele \u0219i masa\u021bi u\u0219or pe fa\u021b\u0103.<\/p>\n<p><strong>Precau\u021bii:<\/strong> doar pentru uz extern. A se p\u0103stra departe de c\u0103ldur\u0103 \u0219i lumina direct\u0103 a soarelui. Evita contactul cu ochii. \u00cen caz de contact cu ochii, cl\u0103ti\u021bi bine cu mult\u0103 ap\u0103. A nu se lasa la indemana copiilor.<\/p>\n<p><strong>Compozi\u021bie:<\/strong> Aqua, Glycerin, Carbomer, Triethanolamine, Xanthan Gum, Parfum, Magnesium Nitrate, Methylchloroisothiazolinone, Methylisothiazolinone, Magnesium Chloride<\/p>","protected":false},"excerpt":{"rendered":"<p>Gel pentru ras Nishman Shaving Gel Easy Shave 3-4<\/p>\n","protected":false},"featured_media":1012,"template":"","meta":[],"product_cat":[33],"product_tag":[],"class_list":{"0":"post-1011","1":"product","2":"type-product","3":"status-publish","4":"has-post-thumbnail","6":"product_cat-pentru-fata","8":"first","9":"instock","10":"shipping-taxable","11":"product-type-variable"},"_links":{"self":[{"href":"https:\/\/arsenalbarber.shop\/ro\/wp-json\/wp\/v2\/product\/1011","targetHints":{"allow":["GET"]}}],"collection":[{"href":"https:\/\/arsenalbarber.shop\/ro\/wp-json\/wp\/v2\/product"}],"about":[{"href":"https:\/\/arsenalbarber.shop\/ro\/wp-json\/wp\/v2\/types\/product"}],"wp:featuredmedia":[{"embeddable":true,"href":"https:\/\/arsenalbarber.shop\/ro\/wp-json\/wp\/v2\/media\/1012"}],"wp:attachment":[{"href":"https:\/\/arsenalbarber.shop\/ro\/wp-json\/wp\/v2\/media?parent=1011"}],"wp:term":[{"taxonomy":"product_cat","embeddable":true,"href":"https:\/\/arsenalbarber.shop\/ro\/wp-json\/wp\/v2\/product_cat?post=1011"},{"taxonomy":"product_tag","embeddable":true,"href":"https:\/\/arsenalbarber.shop\/ro\/wp-json\/wp\/v2\/product_tag?post=1011"}],"curies":[{"name":"wp","href":"https:\/\/api.w.org\/{rel}","templated":true}]}}