{"id":1007,"date":"2021-11-28T07:05:22","date_gmt":"2021-11-28T07:05:22","guid":{"rendered":"https:\/\/arsenalbarber.shop\/?post_type=product&#038;p=1007"},"modified":"2021-11-30T19:09:42","modified_gmt":"2021-11-30T19:09:42","slug":"nishman-apricot-scrub","status":"publish","type":"product","link":"https:\/\/arsenalbarber.shop\/ro\/produse\/pentru-fata\/nishman-apricot-scrub\/","title":{"rendered":"Nishman Apricot Scrub"},"content":{"rendered":"<h3>Nishman Apricot Scrub<\/h3>\n<h4>Scrub de cur\u0103\u021bare pentru <a href=\"https:\/\/arsenalbarber.shop\/product-category\/pentru-fata\/\">fa\u021b\u0103<\/a> cu parfum de caise<\/h4>\n<p><strong>Volum:<\/strong> 150ml<\/p>\n<p><strong>Termen de valabilitate:<\/strong> 3 ani<\/p>\n<p><strong>Produc\u0103tor:<\/strong> Turcia<\/p>\n<p>Acest scrub natural de cur\u0103\u021bare profund\u0103 este special formulat pentru a \u00eendep\u0103rta delicat \u0219i eficient celulele moarte ale pielii. Scrubul este potrivit pentru toate tipurile de piele. Are efect hidratant. Cu utilizarea regulat\u0103, pielea devine mai fin\u0103, mai moale \u0219i mai s\u0103n\u0103toas\u0103.<\/p>\n<p>Linia con\u021bine dou\u0103 scrub-uri cu acelea\u0219i propriet\u0103\u021bi. Ele difer\u0103 \u00een compozi\u021bie. Nishman Abricot Scrub con\u021bine ulei de migdale, iar <a href=\"https:\/\/nishman.ru\/\" target=\"_blank\" rel=\"noopener\">Nishman<\/a> Avokado Scrub con\u021bine ulei de avocado.<\/p>\n<p><strong>Aplicarea:<\/strong> Aplica\u021bi o cantitate mic\u0103 de scrub pe pielea umed\u0103 a fe\u021bei, mas\u00e2nd u\u0219or \u00eentr-o mi\u0219care circular\u0103. Apoi cl\u0103ti\u021bi cu ap\u0103. Se recomand\u0103 utilizarea scrubului o dat\u0103 pe s\u0103pt\u0103m\u00e2n\u0103 pentru tipurile de piele normal\u0103 p\u00e2n\u0103 la uscat\u0103 \u0219i de 2 ori pe s\u0103pt\u0103m\u00e2n\u0103 pentru tenul gras \u0219i cu probleme.<\/p>\n<p><strong>Precau\u021bii:<\/strong> doar pentru uz extern. A nu se lasa la indemana copiilor. Evita contactul cu ochii. \u00cen caz de contact cu ochii, cl\u0103ti\u021bi bine cu mult\u0103 ap\u0103. Un test de alergie trebuie efectuat pe o zon\u0103 mic\u0103 a pielii \u00eenainte de utilizare.<\/p>\n<p><strong>Compozi\u021bie:<\/strong> Aqua, Stearic Acid, Kaolin, Prunus Armeniaca Seed Powder, Paraffinum Liquidum, Ceteareth-25, Stearyl Alcohol, Cetearyl Alcohol, Propylene Glycol, Phenoxyethanol, Parfum, Prunus Amygdalus Dulcis Oil, Carbomer, Ethylhexylglycerin,Tocopheryl Acetate, Disodium EDTA<\/p>","protected":false},"excerpt":{"rendered":"<p>Scrub de cur\u0103\u021bare pentru fa\u021b\u0103 cu parfum de caise Nishman Apricot Scrub<\/p>\n","protected":false},"featured_media":1008,"template":"","meta":[],"product_cat":[33],"product_tag":[],"class_list":{"0":"post-1007","1":"product","2":"type-product","3":"status-publish","4":"has-post-thumbnail","6":"product_cat-pentru-fata","8":"first","9":"instock","10":"shipping-taxable","11":"product-type-simple"},"_links":{"self":[{"href":"https:\/\/arsenalbarber.shop\/ro\/wp-json\/wp\/v2\/product\/1007","targetHints":{"allow":["GET"]}}],"collection":[{"href":"https:\/\/arsenalbarber.shop\/ro\/wp-json\/wp\/v2\/product"}],"about":[{"href":"https:\/\/arsenalbarber.shop\/ro\/wp-json\/wp\/v2\/types\/product"}],"wp:featuredmedia":[{"embeddable":true,"href":"https:\/\/arsenalbarber.shop\/ro\/wp-json\/wp\/v2\/media\/1008"}],"wp:attachment":[{"href":"https:\/\/arsenalbarber.shop\/ro\/wp-json\/wp\/v2\/media?parent=1007"}],"wp:term":[{"taxonomy":"product_cat","embeddable":true,"href":"https:\/\/arsenalbarber.shop\/ro\/wp-json\/wp\/v2\/product_cat?post=1007"},{"taxonomy":"product_tag","embeddable":true,"href":"https:\/\/arsenalbarber.shop\/ro\/wp-json\/wp\/v2\/product_tag?post=1007"}],"curies":[{"name":"wp","href":"https:\/\/api.w.org\/{rel}","templated":true}]}}