{"id":91,"date":"2021-10-10T20:37:33","date_gmt":"2021-10-10T20:37:33","guid":{"rendered":"https:\/\/arsenalbarber.shop\/?page_id=91"},"modified":"2025-03-02T14:22:41","modified_gmt":"2025-03-02T14:22:41","slug":"despre-companie","status":"publish","type":"page","link":"https:\/\/arsenalbarber.shop\/ro\/despre-companie\/","title":{"rendered":"Despre companie"},"content":{"rendered":"<section class=\"section dark\" id=\"section_1270200535\">\n\t\t<div class=\"section-bg fill\" >\n\t\t\t\t\t\t\t\t\t\n\t\t\t\n\n\t\t<\/div>\n\n\t\t\n\n\t\t<div class=\"section-content relative\">\n\t\t\t\n<div class=\"row\" style=\"max-width:1300px\" id=\"row-11624556\">\n\n\t<div id=\"col-1038425265\" class=\"col medium-8 small-12 large-6\"  >\n\t\t\t\t<div class=\"col-inner\"  >\n\t\t\t\n\t\t\t\n\t<div id=\"gap-1028508537\" class=\"gap-element clearfix\" style=\"display:block; height:auto;\">\n\t\t\n<style>\n#gap-1028508537 {\n  padding-top: 200px;\n}\n<\/style>\n\t<\/div>\n\t\n\t<div id=\"text-1727427561\" class=\"text\">\n\t\t\n<h2 class=\"uppercase\">Despre companie<\/h2>\n\t\t\n<style>\n#text-1727427561 {\n  font-size: 1.2rem;\n}\n@media (min-width:550px) {\n  #text-1727427561 {\n    font-size: 1rem;\n  }\n}\n<\/style>\n\t<\/div>\n\t\n\t\t<\/div>\n\t\t\t\t\t<\/div>\n\n\t\n<\/div>\n\t\t<\/div>\n\n\t\t\n<style>\n#section_1270200535 {\n  padding-top: 30px;\n  padding-bottom: 30px;\n  min-height: 350px;\n  background-color: #000000;\n}\n@media (min-width:550px) {\n  #section_1270200535 {\n    min-height: 339px;\n  }\n}\n<\/style>\n\t<\/section>\n\t\n\n\t<section class=\"section dark\" id=\"section_308166356\">\n\t\t<div class=\"section-bg fill\" >\n\t\t\t\t\t\t\t\t\t\n\t\t\t\n\n\t\t<\/div>\n\n\t\t\n\n\t\t<div class=\"section-content relative\">\n\t\t\t\n<div class=\"row align-center\" style=\"max-width:1300px\" id=\"row-1254176386\">\n\n\t<div id=\"col-529649282\" class=\"col medium-9 small-12 large-8\"  >\n\t\t\t\t<div class=\"col-inner\"  >\n\t\t\t\n\t\t\t\n\t<div id=\"text-2289096120\" class=\"text\">\n\t\t\n<p>Arsenal Barbershop nu este doar o frizerie. Aici este o atmosfer\u0103 b\u0103rb\u0103teasc\u0103 brutal\u0103, companie pl\u0103cut\u0103, personal prietenos, e un loc de odihn\u0103 \u0219i relaxare. Acesta este primul barbershop din lume \u00een stil militar. Arsenal Barbershop este un club pentru b\u0103rba\u021bi adev\u0103ra\u021bi.<\/p>\n<p>Designul interior unic este o caracteristic\u0103 distinctiv\u0103 a salonului nostru. Aici ve\u021bi g\u0103si o mul\u021bime de detalii interesante \u00eentr-un stil militar \u0219i, \u00eempreun\u0103 cu ele &#8211; idei pentru o \u0219edin\u021b\u0103 foto. Arsenal Barbershop este cu siguran\u021b\u0103 un loc elegant.<\/p>\n\t\t\n<style>\n#text-2289096120 {\n  font-size: 1rem;\n  text-align: center;\n}\n<\/style>\n\t<\/div>\n\t\n\t\t<\/div>\n\t\t\t\t\t<\/div>\n\n\t\n<\/div>\n<div class=\"row row-small\" style=\"max-width:1300px\" id=\"row-1957712563\">\n\n\t<div id=\"col-585400203\" class=\"col medium-6 small-12 large-12\"  >\n\t\t\t\t<div class=\"col-inner\"  >\n\t\t\t\n\t\t\t\n  <div class=\"banner-grid-wrapper\">\n  <div id=\"banner-grid-1174859638\" class=\"banner-grid row row-grid row-small row-full-width\" data-packery-options=\"\">\n                      \n<div class=\"col grid-col large-8 grid-col-2-3\" ><div class=\"col-inner\">\n\t<div class=\"img has-hover x md-x lg-x y md-y lg-y\" id=\"image_908366922\">\n\t\t\t\t\t\t\t\t<div class=\"img-inner dark\" >\n\t\t\t<img decoding=\"async\" width=\"1020\" height=\"574\" src=\"https:\/\/arsenalbarber.shop\/wp-content\/uploads\/2021\/11\/photo_2021-11-29_21-49-09-1024x576.jpg\" class=\"attachment-large size-large\" alt=\"arsenalbarber.shop\" srcset=\"https:\/\/arsenalbarber.shop\/wp-content\/uploads\/2021\/11\/photo_2021-11-29_21-49-09-1024x576.jpg 1024w, https:\/\/arsenalbarber.shop\/wp-content\/uploads\/2021\/11\/photo_2021-11-29_21-49-09-510x287.jpg 510w, https:\/\/arsenalbarber.shop\/wp-content\/uploads\/2021\/11\/photo_2021-11-29_21-49-09-300x169.jpg 300w, https:\/\/arsenalbarber.shop\/wp-content\/uploads\/2021\/11\/photo_2021-11-29_21-49-09-768x432.jpg 768w, https:\/\/arsenalbarber.shop\/wp-content\/uploads\/2021\/11\/photo_2021-11-29_21-49-09-600x338.jpg 600w, https:\/\/arsenalbarber.shop\/wp-content\/uploads\/2021\/11\/photo_2021-11-29_21-49-09.jpg 1280w\" sizes=\"(max-width: 1020px) 100vw, 1020px\" \/>\t\t\t\t\t\t\n\t\t\t\t\t<\/div>\n\t\t\t\t\t\t\t\t\n<style>\n#image_908366922 {\n  width: 100%;\n}\n<\/style>\n\t<\/div>\n\t\n<\/div><\/div>\n<div class=\"col grid-col large-4 grid-col-2-3\" ><div class=\"col-inner\">\n\t<div class=\"img has-hover x md-x lg-x y md-y lg-y\" id=\"image_2023000026\">\n\t\t\t\t\t\t\t\t<div class=\"img-inner dark\" >\n\t\t\t<img decoding=\"async\" width=\"821\" height=\"1024\" src=\"https:\/\/arsenalbarber.shop\/wp-content\/uploads\/2021\/12\/IMG_4765-821x1024.jpg\" class=\"attachment-large size-large\" alt=\"Arsenal Barbershop photo\" srcset=\"https:\/\/arsenalbarber.shop\/wp-content\/uploads\/2021\/12\/IMG_4765-821x1024.jpg 821w, https:\/\/arsenalbarber.shop\/wp-content\/uploads\/2021\/12\/IMG_4765-510x636.jpg 510w, https:\/\/arsenalbarber.shop\/wp-content\/uploads\/2021\/12\/IMG_4765-240x300.jpg 240w, https:\/\/arsenalbarber.shop\/wp-content\/uploads\/2021\/12\/IMG_4765-768x958.jpg 768w, https:\/\/arsenalbarber.shop\/wp-content\/uploads\/2021\/12\/IMG_4765-1231x1536.jpg 1231w, https:\/\/arsenalbarber.shop\/wp-content\/uploads\/2021\/12\/IMG_4765-300x374.jpg 300w, https:\/\/arsenalbarber.shop\/wp-content\/uploads\/2021\/12\/IMG_4765-600x749.jpg 600w, https:\/\/arsenalbarber.shop\/wp-content\/uploads\/2021\/12\/IMG_4765.jpg 1242w\" sizes=\"(max-width: 821px) 100vw, 821px\" \/>\t\t\t\t\t\t\n\t\t\t\t\t<\/div>\n\t\t\t\t\t\t\t\t\n<style>\n#image_2023000026 {\n  width: 100%;\n}\n<\/style>\n\t<\/div>\n\t\n<\/div><\/div>\n            <\/div>\n    <style>\n    #banner-grid-1174859638 .grid-col-1{height: 600px}\n    #banner-grid-1174859638 .grid-col-1-2{height: 300px}\n    #banner-grid-1174859638 .grid-col-1-3{height:200px}\n    #banner-grid-1174859638 .grid-col-2-3{height: 400px}\n    #banner-grid-1174859638 .grid-col-1-4{height: 150px}\n    #banner-grid-1174859638 .grid-col-3-4{height: 450px}\n\n\n    \n    \n\n  <\/style>\n    <\/div>\n  \n\t\t<\/div>\n\t\t\t\t\t<\/div>\n\n\t\n<\/div>\n\t\t<\/div>\n\n\t\t\n<style>\n#section_308166356 {\n  padding-top: 35px;\n  padding-bottom: 35px;\n  background-color: rgb(24, 25, 27);\n}\n@media (min-width:850px) {\n  #section_308166356 {\n    padding-top: 50px;\n    padding-bottom: 50px;\n  }\n}\n<\/style>\n\t<\/section>\n\t\n\n\t<section class=\"section dark\" id=\"section_806980460\">\n\t\t<div class=\"section-bg fill\" >\n\t\t\t\t\t\t\t\t\t\n\t\t\t\n\n\t\t<\/div>\n\n\t\t\n\n\t\t<div class=\"section-content relative\">\n\t\t\t\n<div class=\"row row-collapse row-full-width align-middle\"  id=\"row-166821077\">\n\n\t<div id=\"col-538783713\" class=\"col medium-12 small-12 large-5\"  >\n\t\t\t\t<div class=\"col-inner\"  >\n\t\t\t\n\t\t\t\n\n  <div class=\"banner has-hover\" id=\"banner-277923101\">\n          <div class=\"banner-inner fill\">\n        <div class=\"banner-bg fill\" >\n            <img decoding=\"async\" width=\"2200\" height=\"1467\" src=\"https:\/\/arsenalbarber.shop\/wp-content\/uploads\/2021\/11\/IMG_4710.jpg\" class=\"bg attachment-original size-original\" alt=\"arsenalbarber.shop\" \/>                                    \n                    <\/div>\n\t\t\n        <div class=\"banner-layers container\">\n            <div class=\"fill banner-link\"><\/div>            \n        <\/div>\n      <\/div>\n\n            \n<style>\n#banner-277923101 {\n  padding-top: 300px;\n  background-color: rgb(36, 38, 42);\n}\n#banner-277923101 .banner-bg img {\n  object-position: 100% 31%;\n}\n@media (min-width:550px) {\n  #banner-277923101 {\n    padding-top: 400px;\n  }\n}\n@media (min-width:850px) {\n  #banner-277923101 {\n    padding-top: 540px;\n  }\n}\n<\/style>\n  <\/div>\n\n\n\t\t<\/div>\n\t\t\t\t\n<style>\n#col-538783713 > .col-inner {\n  padding: 0px 0px 0px 0px;\n}\n<\/style>\n\t<\/div>\n\n\t\n\n\t<div id=\"col-1789005522\" class=\"col medium-12 small-12 large-7 small-col-first\"  >\n\t\t\t\t<div class=\"col-inner text-left\"  >\n\t\t\t\n\t\t\t\n<div class=\"row align-center\"  id=\"row-519218271\">\n\n\t<div id=\"col-754733133\" class=\"col medium-10 small-10 large-10\"  >\n\t\t\t\t<div class=\"col-inner\"  >\n\t\t\t\n\t\t\t\n\t<div id=\"gap-1485756059\" class=\"gap-element clearfix show-for-medium\" style=\"display:block; height:auto;\">\n\t\t\n<style>\n#gap-1485756059 {\n  padding-top: 30px;\n}\n<\/style>\n\t<\/div>\n\t\n<p>Compania noastr\u0103 a fost fondat\u0103 relativ recent &#8211; \u00een 2019. Cu toate acestea, de aproape 5 ani ne \u00eenc\u00e2nt\u0103m vizitatorii cu servicii de cel mai \u00eenalt nivel. Munca noastr\u0103 nu este doar profit, este stilul t\u0103u, starea ta de spirit \u0219i \u00eencrederea \u00een sine.<\/p>\n<p>\u0218tim sigur c\u0103 succesul, prestigiul, cariera, via\u021ba personal\u0103, adic\u0103 \u00eentreaga via\u021b\u0103 depinde de aspectul t\u0103u. To\u021bi barberii no\u0219tri au o vast\u0103 experien\u021b\u0103 \u00een comunicarea cu clien\u021bii, \u00een\u021beleg \u0219i anticipeaz\u0103 dorin\u021bele tale. Munca de calitate este \u00eentotdeauna apreciat\u0103. Recompensa noastr\u0103 este un client mul\u021bumit, iar scopul nostru principal este s\u0103-ti dep\u0103\u0219im a\u0219tept\u0103rile.<\/p>\n\t\t<\/div>\n\t\t\t\t\t<\/div>\n\n\t\n\n<style>\n#row-519218271 > .col > .col-inner {\n  padding: 20px 0px 20px 0px;\n}\n@media (min-width:550px) {\n  #row-519218271 > .col > .col-inner {\n    padding: 60px 0px 60px 0px;\n  }\n}\n@media (min-width:850px) {\n  #row-519218271 > .col > .col-inner {\n    padding: 60px 0px 40px 0px;\n  }\n}\n<\/style>\n<\/div>\n\t\t<\/div>\n\t\t\t\t\t<\/div>\n\n\t\n<\/div>\n\t\t<\/div>\n\n\t\t\n<style>\n#section_806980460 {\n  padding-top: 0px;\n  padding-bottom: 0px;\n  min-height: 540px;\n  background-color: rgb(36, 38, 42);\n}\n@media (min-width:550px) {\n  #section_806980460 {\n    padding-top: 0px;\n    padding-bottom: 0px;\n    min-height: 540px;\n  }\n}\n<\/style>\n\t<\/section>\n\t\n\n\t<section class=\"section dark\" id=\"section_665387151\">\n\t\t<div class=\"section-bg fill\" >\n\t\t\t\t\t\t\t\t\t\n\t\t\t\n\n\t\t<\/div>\n\n\t\t\n\n\t\t<div class=\"section-content relative\">\n\t\t\t\n<div class=\"row\"  id=\"row-1557034811\">\n\n\t<div id=\"col-134169832\" class=\"col small-12 large-12\"  >\n\t\t\t\t<div class=\"col-inner dark\"  >\n\t\t\t\n\t\t\t\n\t<div id=\"gap-1092857715\" class=\"gap-element clearfix\" style=\"display:block; height:auto;\">\n\t\t\n<style>\n#gap-1092857715 {\n  padding-top: 35px;\n}\n<\/style>\n\t<\/div>\n\t\n\t<div id=\"text-3127179166\" class=\"text\">\n\t\t\n<h2 class=\"uppercase\"><a href=\"https:\/\/www.facebook.com\/arsenal.barbershopmd\" target=\"_blank\" rel=\"noopener\"><span style=\"color: #ffffff;\">Urm\u0103ri\u021bi-ne<\/span><\/a><\/h2>\n\t\t\n<style>\n#text-3127179166 {\n  font-size: 1rem;\n  text-align: center;\n}\n<\/style>\n\t<\/div>\n\t\n<div class=\"social-icons follow-icons full-width text-center\" style=\"font-size:120%\"><a href=\"https:\/\/www.facebook.com\/arsenal.barbershopmd\/\" target=\"_blank\" data-label=\"Facebook\" class=\"icon button circle is-outline facebook tooltip\" title=\"Follow on Facebook\" aria-label=\"Follow on Facebook\" rel=\"noopener nofollow\"><i class=\"icon-facebook\" ><\/i><\/a><a href=\"https:\/\/www.instagram.com\/arsenal.barbershop\/\" target=\"_blank\" data-label=\"Instagram\" class=\"icon button circle is-outline instagram tooltip\" title=\"Follow on Instagram\" aria-label=\"Follow on Instagram\" rel=\"noopener nofollow\"><i class=\"icon-instagram\" ><\/i><\/a><a href=\"tel:+373 69 505 022\" data-label=\"Phone\" target=\"_blank\" class=\"icon button circle is-outline phone tooltip\" title=\"Call us\" aria-label=\"Call us\" rel=\"nofollow noopener\" ><i class=\"icon-phone\" ><\/i><\/a><\/div>\n\t\t<\/div>\n\t\t\t\t\t<\/div>\n\n\t\n<\/div>\n\t\t<\/div>\n\n\t\t\n<style>\n#section_665387151 {\n  padding-top: 30px;\n  padding-bottom: 30px;\n}\n<\/style>\n\t<\/section>\n\t\n\n\t<section class=\"section dark\" id=\"section_2107555714\">\n\t\t<div class=\"section-bg fill\" >\n\t\t\t\t\t\t\t\t\t\n\t\t\t\n\n\t\t<\/div>\n\n\t\t\n\n\t\t<div class=\"section-content relative\">\n\t\t\t\n<div class=\"row row-collapse row-full-width align-middle\"  id=\"row-785402968\">\n\n\t<div id=\"col-1743799162\" class=\"col medium-12 small-12 large-7\"  >\n\t\t\t\t<div class=\"col-inner text-left\"  >\n\t\t\t\n\t\t\t\n<div class=\"row align-center\"  id=\"row-1150907275\">\n\n\t<div id=\"col-236338497\" class=\"col medium-10 small-10 large-10\"  >\n\t\t\t\t<div class=\"col-inner\"  >\n\t\t\t\n\t\t\t\n\t<div id=\"text-2613592405\" class=\"text\">\n\t\t\n<p>Principalul avantaj al companiei noastre este o echip\u0103 puternic\u0103. Lucr\u0103torii no\u0219tri sunt profesionisti in domeniul lor. Fiecare dintre ei are o experien\u021b\u0103 bogat\u0103 \u0219i iube\u0219te ceea ce face. De asemenea, \u0219tim c\u0103 tehnologii evoluez, industria modei se schimb\u0103 rapid. Prin urmare, nu \u00eencet\u0103m s\u0103 \u00eenv\u0103\u021b\u0103m lucruri noi, s\u0103 c\u0103ut\u0103m metode noi, s\u0103 actualiz\u0103m servicii. Pur \u0219i simplu, \u021binem mereu pasul cu timpul.<\/p>\n<p>Arsenal Barbershop ofer\u0103 o gam\u0103 larg\u0103 de <a href=\"https:\/\/arsenalbarber.shop\/ro\/servicii\/\">servicii<\/a>. Vom selecta o tunsoare care se potrive\u0219te perfect stilului, formei de fa\u021b\u0103 \u0219i statutului t\u0103u. Vom aranja cu competen\u021b\u0103 o musta\u021b\u0103 \u0219i o barb\u0103, dac\u0103 se dore\u0219te, vom efectua tonarea \u0219i vom oferi sfaturi valoroase cu privire la \u00eengrijire. Exper\u021bii no\u0219tri v\u0103 vor b\u0103rbieri profesional cu brici cu lama interschimbabil\u0103, vor epila p\u0103rul facial nedorit \u0219i vor oferi diverse servicii de \u00eengrijire a pielii faciale, folosind cele mai bune produse cosmetice pentru b\u0103rba\u021bi adev\u0103ra\u021bi.<\/p>\n\t\t\n<style>\n#text-2613592405 {\n  font-size: 1rem;\n}\n<\/style>\n\t<\/div>\n\t\n\t<div id=\"gap-96423722\" class=\"gap-element clearfix\" style=\"display:block; height:auto;\">\n\t\t\n<style>\n#gap-96423722 {\n  padding-top: 10px;\n}\n<\/style>\n\t<\/div>\n\t\n<a href=\"https:\/\/arsenalbarber.shop\/ro\/servicii\/\" class=\"button white is-outline is-small\" style=\"border-radius:99px;padding:5px 30px 5px 30px;\">\n\t\t<span>despre servicii<\/span>\n\t<i class=\"icon-angle-right\" aria-hidden=\"true\" ><\/i><\/a>\n\n\t\t<\/div>\n\t\t\t\t\t<\/div>\n\n\t\n\n<style>\n#row-1150907275 > .col > .col-inner {\n  padding: 20px 0px 20px 0px;\n}\n@media (min-width:550px) {\n  #row-1150907275 > .col > .col-inner {\n    padding: 60px 0px 60px 0px;\n  }\n}\n@media (min-width:850px) {\n  #row-1150907275 > .col > .col-inner {\n    padding: 60px 0px 40px 0px;\n  }\n}\n<\/style>\n<\/div>\n\t\t<\/div>\n\t\t\t\t\t<\/div>\n\n\t\n\n\t<div id=\"col-1297140280\" class=\"col medium-12 small-12 large-5 medium-col-first\"  >\n\t\t\t\t<div class=\"col-inner\"  >\n\t\t\t\n\t\t\t\n\n  <div class=\"banner has-hover\" id=\"banner-1338088942\">\n          <div class=\"banner-inner fill\">\n        <div class=\"banner-bg fill\" >\n            <img decoding=\"async\" width=\"1020\" height=\"680\" src=\"https:\/\/arsenalbarber.shop\/wp-content\/uploads\/2021\/11\/IMG_4717-1024x683.jpg\" class=\"bg attachment-large size-large\" alt=\"arsenalbarber.shop\" \/>                                    \n                    <\/div>\n\t\t\n        <div class=\"banner-layers container\">\n            <div class=\"fill banner-link\"><\/div>            \n        <\/div>\n      <\/div>\n\n            \n<style>\n#banner-1338088942 {\n  padding-top: 300px;\n  background-color: rgb(36, 38, 42);\n}\n#banner-1338088942 .banner-bg img {\n  object-position: 69% 6%;\n}\n@media (min-width:550px) {\n  #banner-1338088942 {\n    padding-top: 500px;\n  }\n}\n@media (min-width:850px) {\n  #banner-1338088942 {\n    padding-top: 600px;\n  }\n}\n<\/style>\n  <\/div>\n\n\n\t\t<\/div>\n\t\t\t\t\t<\/div>\n\n\t\n<\/div>\n\t\t<\/div>\n\n\t\t\n<style>\n#section_2107555714 {\n  padding-top: 0px;\n  padding-bottom: 0px;\n  min-height: 600px;\n  background-color: rgb(36, 38, 42);\n}\n@media (min-width:550px) {\n  #section_2107555714 {\n    min-height: 600px;\n  }\n}\n<\/style>\n\t<\/section>\n\t\n\n\t<section class=\"section dark\" id=\"section_2130649523\">\n\t\t<div class=\"section-bg fill\" >\n\t\t\t\t\t\t\t\t\t<div class=\"section-bg-overlay absolute fill\"><\/div>\n\t\t\t\n\n\t\t<\/div>\n\n\t\t\n\n\t\t<div class=\"section-content relative\">\n\t\t\t\n<div class=\"row\"  id=\"row-1796226565\">\n\n\t<div id=\"col-1506909140\" class=\"col small-12 large-12\"  >\n\t\t\t\t<div class=\"col-inner text-center\"  >\n\t\t\t\n\t\t\t\n\t<div id=\"gap-1069079702\" class=\"gap-element clearfix\" style=\"display:block; height:auto;\">\n\t\t\n<style>\n#gap-1069079702 {\n  padding-top: 35px;\n}\n<\/style>\n\t<\/div>\n\t\n\t<div id=\"text-28947710\" class=\"text\">\n\t\t\n<p>Pe l\u0103ng\u0103 calitatea ridicat\u0103 a serviciilor presatate, un alt avantaj al companiei noastre reprezint\u0103 pre\u021burile adecvate. Nu uit\u0103m de sistemele de reduceri, bonusuri \u0219i promo\u021bii. Viziteaz\u0103 Arsenal Barbershop \u0219i vezi singur. Ne bucur\u0103m pentru fiecare client.<\/p>\n\t\t\n<style>\n#text-28947710 {\n  font-size: 1.2rem;\n  text-align: center;\n}\n@media (min-width:550px) {\n  #text-28947710 {\n    font-size: 1.2rem;\n  }\n}\n<\/style>\n\t<\/div>\n\t\n\t\t<\/div>\n\t\t\t\t\t<\/div>\n\n\t\n<\/div>\n\t\t<\/div>\n\n\t\t\n<style>\n#section_2130649523 {\n  padding-top: 50px;\n  padding-bottom: 50px;\n  background-color: #3b3b39;\n}\n#section_2130649523 .section-bg-overlay {\n  background-color: rgba(255,255,255,.5);\n}\n<\/style>\n\t<\/section>","protected":false},"excerpt":{"rendered":"","protected":false},"author":1,"featured_media":46,"parent":0,"menu_order":0,"comment_status":"closed","ping_status":"closed","template":"","meta":{"footnotes":""},"class_list":["post-91","page","type-page","status-publish","has-post-thumbnail","hentry"],"_links":{"self":[{"href":"https:\/\/arsenalbarber.shop\/ro\/wp-json\/wp\/v2\/pages\/91","targetHints":{"allow":["GET"]}}],"collection":[{"href":"https:\/\/arsenalbarber.shop\/ro\/wp-json\/wp\/v2\/pages"}],"about":[{"href":"https:\/\/arsenalbarber.shop\/ro\/wp-json\/wp\/v2\/types\/page"}],"author":[{"embeddable":true,"href":"https:\/\/arsenalbarber.shop\/ro\/wp-json\/wp\/v2\/users\/1"}],"replies":[{"embeddable":true,"href":"https:\/\/arsenalbarber.shop\/ro\/wp-json\/wp\/v2\/comments?post=91"}],"version-history":[{"count":18,"href":"https:\/\/arsenalbarber.shop\/ro\/wp-json\/wp\/v2\/pages\/91\/revisions"}],"predecessor-version":[{"id":1852,"href":"https:\/\/arsenalbarber.shop\/ro\/wp-json\/wp\/v2\/pages\/91\/revisions\/1852"}],"wp:featuredmedia":[{"embeddable":true,"href":"https:\/\/arsenalbarber.shop\/ro\/wp-json\/wp\/v2\/media\/46"}],"wp:attachment":[{"href":"https:\/\/arsenalbarber.shop\/ro\/wp-json\/wp\/v2\/media?parent=91"}],"curies":[{"name":"wp","href":"https:\/\/api.w.org\/{rel}","templated":true}]}}