{"id":182,"date":"2021-10-11T09:48:58","date_gmt":"2021-10-11T09:48:58","guid":{"rendered":"https:\/\/arsenalbarber.shop\/?page_id=182"},"modified":"2021-12-08T18:12:56","modified_gmt":"2021-12-08T18:12:56","slug":"epilarea-cu-ceara","status":"publish","type":"page","link":"https:\/\/arsenalbarber.shop\/ro\/servicii\/epilarea-cu-ceara\/","title":{"rendered":"Epilarea pe fa\u021b\u0103 cu cear\u0103 fierbinte"},"content":{"rendered":"<div class=\"banner has-hover\" id=\"banner-1022699914\">\n          <div class=\"banner-inner fill\">\n        <div class=\"banner-bg fill\" >\n                                                \n                    <\/div>\n\t\t\n        <div class=\"banner-layers container\">\n            <div class=\"fill banner-link\"><\/div>            \n   <div id=\"text-box-1123027685\" class=\"text-box banner-layer x0 md-x0 lg-x0 y50 md-y50 lg-y50 res-text\">\n                                <div class=\"text-box-content text dark\">\n              \n              <div class=\"text-inner text-center\">\n                  \n\t<div id=\"text-2595229942\" class=\"text\">\n\t\t\n<h2><span style=\"font-size: 50%;\">ARSENAL BARBERSHOP<\/span><\/h2>\n\t\t\n<style>\n#text-2595229942 {\n  font-size: 0.75rem;\n}\n<\/style>\n\t<\/div>\n\t\n\t<div id=\"text-1696242115\" class=\"text\">\n\t\t\n<h1><span style=\"font-size: 50%;\"><strong>EPILAREA PE FA\u021a\u0102 CU CEAR\u0102 FIERBINTE<\/strong><\/span><\/h1>\n\t\t\n<style>\n#text-1696242115 {\n  font-size: 1rem;\n}\n<\/style>\n\t<\/div>\n\t\n              <\/div>\n           <\/div>\n                            \n<style>\n#text-box-1123027685 {\n  width: 100%;\n}\n#text-box-1123027685 .text-box-content {\n  font-size: 50%;\n}\n@media (min-width:550px) {\n  #text-box-1123027685 {\n    width: 66%;\n  }\n}\n<\/style>\n    <\/div>\n \n        <\/div>\n      <\/div>\n\n            \n<style>\n#banner-1022699914 {\n  padding-top: 60%;\n  background-color: #08090d;\n}\n@media (min-width:550px) {\n  #banner-1022699914 {\n    padding-top: 15%;\n  }\n}\n<\/style>\n  <\/div>\n\n\n\n\t<section class=\"section dark\" id=\"section_1761558092\">\n\t\t<div class=\"section-bg fill\" >\n\t\t\t\t\t\t\t\t\t<div class=\"section-bg-overlay absolute fill\"><\/div>\n\t\t\t\n\n\t\t<\/div>\n\n\t\t\n\n\t\t<div class=\"section-content relative\">\n\t\t\t\n<div class=\"row\"  id=\"row-2015400483\">\n\n\t<div id=\"col-347443433\" class=\"col small-12 large-12\"  >\n\t\t\t\t<div class=\"col-inner\"  >\n\t\t\t\n\t\t\t\n\t<div id=\"text-1258833270\" class=\"text\">\n\t\t\n<p><strong>Epilarea pe fa\u021b\u0103 la Arsenal Barbershop<\/strong><br \/>\n\t\t\n<style>\n#text-1258833270 {\n  font-size: 1.3rem;\n  text-align: center;\n}\n<\/style>\n\t<\/div>\n\t\n\t<div id=\"text-1409656436\" class=\"text\">\n\t\t\n<p>P\u00e2n\u0103 de cur\u00e2nd, epilarea b\u0103rba\u021bilor p\u0103rea o procedur\u0103 s\u0103lbatic\u0103 pe care doar femeile o pot face. Cu toate acestea, a sosit momentul \u00een care un b\u0103rbat ar trebui s\u0103 fie nu numai muncitor, puternic, brutal. Un b\u0103rbat \u00eengrijit este acum foarte apreciat.<\/p>\n<p>Trebuie recunoscut c\u0103 vegeta\u021bia nedorit\u0103 \u00een zona nasului \u0219i \u00eentre spr\u00e2ncene nu face imaginea atractiv\u0103, dimpotriv\u0103, creeaz\u0103 impresia de dezordine. Prin urmare, procedura de \u00eendep\u0103rtare a p\u0103rului facial pentru b\u0103rba\u021bi devine foarte popular\u0103.<\/p>\n\t\t\n<style>\n#text-1409656436 {\n  font-size: 1.15rem;\n}\n<\/style>\n\t<\/div>\n\t\n\t\t<\/div>\n\t\t\t\t\t<\/div>\n\n\t\n<\/div>\n<div class=\"row row-full-width\"  id=\"row-1060567950\">\n\n\t<div id=\"col-1985637659\" class=\"col medium-4 small-12 large-4\"  >\n\t\t\t\t<div class=\"col-inner\"  >\n\t\t\t\n\t\t\t\n\n  <div class=\"banner has-hover\" id=\"banner-1811303570\">\n          <div class=\"banner-inner fill\">\n        <div class=\"banner-bg fill\" >\n            <img decoding=\"async\" width=\"1020\" height=\"680\" src=\"https:\/\/arsenalbarber.shop\/wp-content\/uploads\/2021\/11\/epilarea-cu-ceara-fierbinte-la-arsenal-barbershop-1024x683.jpg\" class=\"bg attachment-large size-large\" alt=\"Epilarea cu ceara fierbinte\" \/>                                    \n                    <\/div>\n\t\t\n        <div class=\"banner-layers container\">\n            <div class=\"fill banner-link\"><\/div>            \n   <div id=\"text-box-889219833\" class=\"text-box banner-layer x50 md-x50 lg-x50 y50 md-y50 lg-y50 res-text\">\n                                <div class=\"text-box-content text dark\">\n              \n              <div class=\"text-inner text-center\">\n                  \n              <\/div>\n           <\/div>\n                            \n<style>\n#text-box-889219833 {\n  width: 60%;\n}\n#text-box-889219833 .text-box-content {\n  font-size: 100%;\n}\n<\/style>\n    <\/div>\n \n        <\/div>\n      <\/div>\n\n              <div class=\"height-fix is-invisible\"><img decoding=\"async\" width=\"1020\" height=\"680\" src=\"https:\/\/arsenalbarber.shop\/wp-content\/uploads\/2021\/11\/epilarea-cu-ceara-fierbinte-la-arsenal-barbershop-1024x683.jpg\" class=\"attachment-large size-large\" alt=\"Epilarea cu ceara fierbinte\" srcset=\"https:\/\/arsenalbarber.shop\/wp-content\/uploads\/2021\/11\/epilarea-cu-ceara-fierbinte-la-arsenal-barbershop-1024x683.jpg 1024w, https:\/\/arsenalbarber.shop\/wp-content\/uploads\/2021\/11\/epilarea-cu-ceara-fierbinte-la-arsenal-barbershop-510x340.jpg 510w, https:\/\/arsenalbarber.shop\/wp-content\/uploads\/2021\/11\/epilarea-cu-ceara-fierbinte-la-arsenal-barbershop-300x200.jpg 300w, https:\/\/arsenalbarber.shop\/wp-content\/uploads\/2021\/11\/epilarea-cu-ceara-fierbinte-la-arsenal-barbershop-768x512.jpg 768w, https:\/\/arsenalbarber.shop\/wp-content\/uploads\/2021\/11\/epilarea-cu-ceara-fierbinte-la-arsenal-barbershop-1536x1024.jpg 1536w, https:\/\/arsenalbarber.shop\/wp-content\/uploads\/2021\/11\/epilarea-cu-ceara-fierbinte-la-arsenal-barbershop-2048x1366.jpg 2048w, https:\/\/arsenalbarber.shop\/wp-content\/uploads\/2021\/11\/epilarea-cu-ceara-fierbinte-la-arsenal-barbershop-600x400.jpg 600w\" sizes=\"(max-width: 1020px) 100vw, 1020px\" \/><\/div>\n              <\/div>\n\n\n\t\t<\/div>\n\t\t\t\t\t<\/div>\n\n\t\n\n\t<div id=\"col-1310824307\" class=\"col medium-4 small-12 large-4\"  >\n\t\t\t\t<div class=\"col-inner\"  >\n\t\t\t\n\t\t\t\n\n  <div class=\"banner has-hover\" id=\"banner-1693361255\">\n          <div class=\"banner-inner fill\">\n        <div class=\"banner-bg fill\" >\n            <img decoding=\"async\" width=\"1020\" height=\"680\" src=\"https:\/\/arsenalbarber.shop\/wp-content\/uploads\/2021\/11\/Epilarea-cu-ceara-fierbinte-1024x683.jpg\" class=\"bg attachment-large size-large\" alt=\"Epilarea cu ceara fierbinte\" \/>                                    \n                    <\/div>\n\t\t\n        <div class=\"banner-layers container\">\n            <div class=\"fill banner-link\"><\/div>            \n   <div id=\"text-box-491490206\" class=\"text-box banner-layer x50 md-x50 lg-x50 y50 md-y50 lg-y50 res-text\">\n                                <div class=\"text-box-content text dark\">\n              \n              <div class=\"text-inner text-center\">\n                  \n              <\/div>\n           <\/div>\n                            \n<style>\n#text-box-491490206 {\n  width: 60%;\n}\n#text-box-491490206 .text-box-content {\n  font-size: 100%;\n}\n<\/style>\n    <\/div>\n \n        <\/div>\n      <\/div>\n\n              <div class=\"height-fix is-invisible\"><img decoding=\"async\" width=\"1020\" height=\"680\" src=\"https:\/\/arsenalbarber.shop\/wp-content\/uploads\/2021\/11\/Epilarea-cu-ceara-fierbinte-1024x683.jpg\" class=\"attachment-large size-large\" alt=\"Epilarea cu ceara fierbinte\" srcset=\"https:\/\/arsenalbarber.shop\/wp-content\/uploads\/2021\/11\/Epilarea-cu-ceara-fierbinte-1024x683.jpg 1024w, https:\/\/arsenalbarber.shop\/wp-content\/uploads\/2021\/11\/Epilarea-cu-ceara-fierbinte-510x340.jpg 510w, https:\/\/arsenalbarber.shop\/wp-content\/uploads\/2021\/11\/Epilarea-cu-ceara-fierbinte-300x200.jpg 300w, https:\/\/arsenalbarber.shop\/wp-content\/uploads\/2021\/11\/Epilarea-cu-ceara-fierbinte-768x512.jpg 768w, https:\/\/arsenalbarber.shop\/wp-content\/uploads\/2021\/11\/Epilarea-cu-ceara-fierbinte-1536x1024.jpg 1536w, https:\/\/arsenalbarber.shop\/wp-content\/uploads\/2021\/11\/Epilarea-cu-ceara-fierbinte-2048x1366.jpg 2048w, https:\/\/arsenalbarber.shop\/wp-content\/uploads\/2021\/11\/Epilarea-cu-ceara-fierbinte-600x400.jpg 600w\" sizes=\"(max-width: 1020px) 100vw, 1020px\" \/><\/div>\n              <\/div>\n\n\n\t\t<\/div>\n\t\t\t\t\t<\/div>\n\n\t\n\n\t<div id=\"col-1399549683\" class=\"col medium-4 small-12 large-4\"  >\n\t\t\t\t<div class=\"col-inner\"  >\n\t\t\t\n\t\t\t\n\n  <div class=\"banner has-hover\" id=\"banner-1222812580\">\n          <div class=\"banner-inner fill\">\n        <div class=\"banner-bg fill\" >\n            <img decoding=\"async\" width=\"1020\" height=\"680\" src=\"https:\/\/arsenalbarber.shop\/wp-content\/uploads\/2021\/11\/Epilarea-cu-ceara-1024x683.jpg\" class=\"bg attachment-large size-large\" alt=\"Epilarea cu ceara\" \/>                                    \n                    <\/div>\n\t\t\n        <div class=\"banner-layers container\">\n            <div class=\"fill banner-link\"><\/div>            \n   <div id=\"text-box-454578899\" class=\"text-box banner-layer x50 md-x50 lg-x50 y50 md-y50 lg-y50 res-text\">\n                                <div class=\"text-box-content text dark\">\n              \n              <div class=\"text-inner text-center\">\n                  \n              <\/div>\n           <\/div>\n                            \n<style>\n#text-box-454578899 {\n  width: 60%;\n}\n#text-box-454578899 .text-box-content {\n  font-size: 100%;\n}\n<\/style>\n    <\/div>\n \n        <\/div>\n      <\/div>\n\n              <div class=\"height-fix is-invisible\"><img decoding=\"async\" width=\"1020\" height=\"680\" src=\"https:\/\/arsenalbarber.shop\/wp-content\/uploads\/2021\/11\/Epilarea-cu-ceara-1024x683.jpg\" class=\"attachment-large size-large\" alt=\"Epilarea cu ceara\" srcset=\"https:\/\/arsenalbarber.shop\/wp-content\/uploads\/2021\/11\/Epilarea-cu-ceara-1024x683.jpg 1024w, https:\/\/arsenalbarber.shop\/wp-content\/uploads\/2021\/11\/Epilarea-cu-ceara-510x340.jpg 510w, https:\/\/arsenalbarber.shop\/wp-content\/uploads\/2021\/11\/Epilarea-cu-ceara-300x200.jpg 300w, https:\/\/arsenalbarber.shop\/wp-content\/uploads\/2021\/11\/Epilarea-cu-ceara-768x512.jpg 768w, https:\/\/arsenalbarber.shop\/wp-content\/uploads\/2021\/11\/Epilarea-cu-ceara-1536x1024.jpg 1536w, https:\/\/arsenalbarber.shop\/wp-content\/uploads\/2021\/11\/Epilarea-cu-ceara-2048x1366.jpg 2048w, https:\/\/arsenalbarber.shop\/wp-content\/uploads\/2021\/11\/Epilarea-cu-ceara-600x400.jpg 600w\" sizes=\"(max-width: 1020px) 100vw, 1020px\" \/><\/div>\n              <\/div>\n\n\n\t\t<\/div>\n\t\t\t\t\t<\/div>\n\n\t\n<\/div>\n\t\t<\/div>\n\n\t\t\n<style>\n#section_1761558092 {\n  padding-top: 30px;\n  padding-bottom: 30px;\n  min-height: 400px;\n  background-color: rgb(255,255,255);\n}\n#section_1761558092 .section-bg-overlay {\n  background-color: rgba(0,0,0,.5);\n}\n@media (min-width:550px) {\n  #section_1761558092 {\n    padding-top: 40px;\n    padding-bottom: 40px;\n    min-height: 600px;\n  }\n}\n@media (min-width:850px) {\n  #section_1761558092 {\n    padding-top: 30px;\n    padding-bottom: 30px;\n  }\n}\n<\/style>\n\t<\/section>\n\t\n\n\t<section class=\"section dark\" id=\"section_20296744\">\n\t\t<div class=\"section-bg fill\" >\n\t\t\t\t\t\t\t\t\t\n\t\t\t\n\n\t\t<\/div>\n\n\t\t\n\n\t\t<div class=\"section-content relative\">\n\t\t\t\n<div class=\"row align-center\"  id=\"row-909070399\">\n\n\t<div id=\"col-916918022\" class=\"col medium-7 small-12 large-7\"  >\n\t\t\t\t<div class=\"col-inner text-center\"  >\n\t\t\t\n\t\t\t\n\t<div id=\"gap-10512237\" class=\"gap-element clearfix\" style=\"display:block; height:auto;\">\n\t\t\n<style>\n#gap-10512237 {\n  padding-top: 20px;\n}\n<\/style>\n\t<\/div>\n\t\n\t<div id=\"text-3890191773\" class=\"text\">\n\t\t\n<p>Profesioni\u0219tii de la Arsenal Barbershop v\u0103 ofer\u0103 serviciul de epilare p\u0103rului nedorit cu cear\u0103 fiebinte. Avantajele epil\u0103rii cu cear\u0103 sunt c\u0103 efectul neted dureaz\u0103 mai mult dec\u00e2t dup\u0103 b\u0103rbierit, iar ceara capteaz\u0103 firele de p\u0103r de la 2mm.<\/p>\n<p>Nu v\u0103 face\u021bi griji, nu suger\u0103m epilarea cu cear\u0103 a \u00eentregului p\u0103r facial. Practic, aceast\u0103 procedur\u0103 presupune modelarea spr\u00e2ncenelor, \u00eendep\u0103rtarea firelor de p\u0103r din nas \u0219i urechi \u0219i \u00eendep\u0103rtarea firelor de p\u0103r care se extind dincolo de barb\u0103.<\/p>\n<p>Pentru a modela spr\u00e2ncenele, indep\u0103rteaza firele de p\u0103r de deasupra podului nasului, precum \u0219i \u00een acele locuri \u00een care spr\u00e2ncenele au crescut prea mult. P\u0103rul din urechi \u0219i nas nu trebuie \u00eendep\u0103rtat cu penseta din cauza probabilit\u0103\u021bii mari de infectare a timpanului, provoc\u00e2nd fire de p\u0103r \u00eencarnate.<\/p>\n\t\t\n<style>\n#text-3890191773 {\n  font-size: 1.1rem;\n}\n<\/style>\n\t<\/div>\n\t\n\t\t<\/div>\n\t\t\t\t\t<\/div>\n\n\t\n\n\t<div id=\"col-623368422\" class=\"col medium-5 small-12 large-5\"  >\n\t\t\t\t<div class=\"col-inner text-right\"  >\n\t\t\t\n\t\t\t\n\n  <div class=\"banner has-hover\" id=\"banner-1790402644\">\n          <div class=\"banner-inner fill\">\n        <div class=\"banner-bg fill\" >\n            <img decoding=\"async\" width=\"960\" height=\"640\" src=\"https:\/\/arsenalbarber.shop\/wp-content\/uploads\/2021\/11\/Ceara-fierbinte.jpg\" class=\"bg attachment-original size-original\" alt=\"epilarea cu cara fierbinte la Arsenal Barbershop\" \/>                                    \n                    <\/div>\n\t\t\n        <div class=\"banner-layers container\">\n            <div class=\"fill banner-link\"><\/div>            \n   <div id=\"text-box-1011136445\" class=\"text-box banner-layer x50 md-x50 lg-x50 y50 md-y50 lg-y50 res-text\">\n                                <div class=\"text-box-content text dark\">\n              \n              <div class=\"text-inner text-center\">\n                  \n              <\/div>\n           <\/div>\n                            \n<style>\n#text-box-1011136445 {\n  width: 60%;\n}\n#text-box-1011136445 .text-box-content {\n  font-size: 100%;\n}\n<\/style>\n    <\/div>\n \n        <\/div>\n      <\/div>\n\n            \n<style>\n#banner-1790402644 {\n  padding-top: 99.99%;\n}\n#banner-1790402644 .banner-bg img {\n  object-position: 26% 0%;\n}\n<\/style>\n  <\/div>\n\n\n\t\t<\/div>\n\t\t\t\t\t<\/div>\n\n\t\n<\/div>\n\t\t<\/div>\n\n\t\t\n<style>\n#section_20296744 {\n  padding-top: 40px;\n  padding-bottom: 40px;\n  background-color: #000000;\n}\n@media (min-width:550px) {\n  #section_20296744 {\n    padding-top: 60px;\n    padding-bottom: 60px;\n  }\n}\n@media (min-width:850px) {\n  #section_20296744 {\n    padding-top: 30px;\n    padding-bottom: 30px;\n  }\n}\n<\/style>\n\t<\/section>\n\t\n\n\t<section class=\"section dark\" id=\"section_1692644493\">\n\t\t<div class=\"section-bg fill\" >\n\t\t\t\t\t\t\t\t\t\n\t\t\t\n\n\t\t<\/div>\n\n\t\t\n\n\t\t<div class=\"section-content relative\">\n\t\t\t\n<div class=\"row row-full-width\"  id=\"row-96647088\">\n\n\t<div id=\"col-1296064979\" class=\"col medium-4 small-12 large-4\"  >\n\t\t\t\t<div class=\"col-inner text-center\"  >\n\t\t\t\n\t\t\t\n\n  <div class=\"banner has-hover\" id=\"banner-165497479\">\n          <div class=\"banner-inner fill\">\n        <div class=\"banner-bg fill\" >\n            <img decoding=\"async\" width=\"731\" height=\"454\" src=\"https:\/\/arsenalbarber.shop\/wp-content\/uploads\/2021\/11\/Nishman-for-hair.jpg\" class=\"bg attachment-large size-large\" alt=\"Produse Nishman\" \/>                                    \n                    <\/div>\n\t\t\n        <div class=\"banner-layers container\">\n            <div class=\"fill banner-link\"><\/div>            \n   <div id=\"text-box-524247803\" class=\"text-box banner-layer x50 md-x50 lg-x50 y50 md-y50 lg-y50 res-text\">\n                                <div class=\"text-box-content text dark\">\n              \n              <div class=\"text-inner text-center\">\n                  \n              <\/div>\n           <\/div>\n                            \n<style>\n#text-box-524247803 {\n  width: 60%;\n}\n#text-box-524247803 .text-box-content {\n  font-size: 100%;\n}\n<\/style>\n    <\/div>\n \n        <\/div>\n      <\/div>\n\n            \n<style>\n#banner-165497479 {\n  padding-top: 99.99%;\n}\n#banner-165497479 .banner-bg img {\n  object-position: 86% 0%;\n}\n<\/style>\n  <\/div>\n\n\n\t<div id=\"gap-1832489835\" class=\"gap-element clearfix\" style=\"display:block; height:auto;\">\n\t\t\n<style>\n#gap-1832489835 {\n  padding-top: 30px;\n}\n<\/style>\n\t<\/div>\n\t\n\t\t<\/div>\n\t\t\t\t\t<\/div>\n\n\t\n\n\t<div id=\"col-752844099\" class=\"col medium-8 small-12 large-8\"  >\n\t\t\t\t<div class=\"col-inner text-center\"  >\n\t\t\t\n\t\t\t\n\t<div id=\"text-2540245122\" class=\"text\">\n\t\t\n<p>Serviciul de \u00eendep\u0103rtare a p\u0103rului facial cu cear\u0103 fierbinte la Arsenal Barbershop v\u0103 costa de la 100 p\u00een\u0103 la 150 de lei. Procesul nu dureaz\u0103 mult timp, \u00een plus, epilarea poate fi efectuat\u0103 pe parcurs proceduriilor principale. Cear\u0103 se incalze\u0219te \u0219i se aplic\u0103 cu o spatula special\u0103 pe zonele care au nevoie de epilare. Dup\u0103 \u00eent\u0103rirea complet\u0103, ceara se \u00eendep\u0103rteaz\u0103 cu o mi\u0219care ascu\u021bit\u0103, \u00een urma c\u0103reia se \u00eendep\u0103rtez \u0219i firele de p\u0103r nedorite.<\/p>\n<p>Procedura se efectueaz\u0103 exclusiv de profesioni\u0219ti, folosind produse cosmetice speciale de \u00eengrijire a pieli<span style=\"font-size: 100%;\">i, inclusiv <a href=\"https:\/\/arsenalbarber.shop\/ro\/produse\/\">produse cosmetice<\/a> <a href=\"https:\/\/nishman.com.tr\/\" target=\"_blank\" rel=\"noopener\">Nishman<\/a> <\/span>pentru b\u0103rba\u021bi. Nu recomandam epilarea acas\u0103. Cear\u0103 fierbinte \u00een m\u00e2ini necalificate poate deteriora pielea.<\/p>\n\t\t\n<style>\n#text-2540245122 {\n  font-size: 1.2rem;\n  text-align: left;\n}\n<\/style>\n\t<\/div>\n\t\n<a href=\"https:\/\/arsenalbarber.shop\/ro\/produse\/\" class=\"button white is-outline\" style=\"border-radius:99px;padding:5px 20px 0px 20px;\">\n\t\t<span>\u00cen catalog<\/span>\n\t<i class=\"icon-angle-right\" aria-hidden=\"true\" ><\/i><\/a>\n\n\t\t<\/div>\n\t\t\t\t\t<\/div>\n\n\t\n<\/div>\n\t\t<\/div>\n\n\t\t\n<style>\n#section_1692644493 {\n  padding-top: 40px;\n  padding-bottom: 40px;\n  background-color: rgb(53, 53, 53);\n}\n@media (min-width:550px) {\n  #section_1692644493 {\n    padding-top: 60px;\n    padding-bottom: 60px;\n  }\n}\n@media (min-width:850px) {\n  #section_1692644493 {\n    padding-top: 60px;\n    padding-bottom: 60px;\n  }\n}\n<\/style>\n\t<\/section>\n\t\n\n\t<section class=\"section dark\" id=\"section_1736585757\">\n\t\t<div class=\"section-bg fill\" >\n\t\t\t\t\t\t\t\t\t\n\t\t\t\n\n\t\t<\/div>\n\n\t\t\n\n\t\t<div class=\"section-content relative\">\n\t\t\t\n<div class=\"row align-center\" style=\"max-width:700px\" id=\"row-582097560\">\n\n\t<div id=\"col-1752597025\" class=\"col small-12 large-12\"  >\n\t\t\t\t<div class=\"col-inner\"  >\n\t\t\t\n\t\t\t\n\t<div id=\"gap-217627709\" class=\"gap-element clearfix show-for-medium\" style=\"display:block; height:auto;\">\n\t\t\n<style>\n#gap-217627709 {\n  padding-top: 30px;\n}\n<\/style>\n\t<\/div>\n\t\n\t<div id=\"text-3317817412\" class=\"text\">\n\t\t\n<p>Arsenal Barbershop nu este doar o frizerie. Aici este o atmosfer\u0103 b\u0103rb\u0103teasc\u0103, o companie pl\u0103cut\u0103, un loc de odihn\u0103 \u0219i relaxare. Arsenal Barbershop este un club pentru b\u0103rba\u021bi adev\u0103ra\u021bi. Nimeni nu va r\u0103m\u00e2ne indiferent.<\/p>\n\t\t\n<style>\n#text-3317817412 {\n  font-size: 1.2rem;\n  text-align: center;\n}\n<\/style>\n\t<\/div>\n\t\n\t\t<\/div>\n\t\t\t\t\t<\/div>\n\n\t\n\n\t<div id=\"col-1233793473\" class=\"col small-12 large-12\"  >\n\t\t\t\t<div class=\"col-inner text-center\"  >\n\t\t\t\n\t\t\t\n<a href=\"https:\/\/arsenalbarber.shop\/ro\/despre-companie\/\" class=\"button white is-outline is-small https:\/\/arsenalbarber.shop\/ro\/despre-companie\/\" style=\"border-radius:99px;\">\n\t\t<span>mai mult despre noi<\/span>\n\t<i class=\"icon-angle-right\" aria-hidden=\"true\" ><\/i><\/a>\n\n\t\t<\/div>\n\t\t\t\t\t<\/div>\n\n\t\n<\/div>\n\t\t<\/div>\n\n\t\t\n<style>\n#section_1736585757 {\n  padding-top: 0px;\n  padding-bottom: 0px;\n  background-color: rgb(35, 35, 35);\n}\n@media (min-width:550px) {\n  #section_1736585757 {\n    padding-top: 60px;\n    padding-bottom: 60px;\n  }\n}\n@media (min-width:850px) {\n  #section_1736585757 {\n    padding-top: 61px;\n    padding-bottom: 61px;\n  }\n}\n<\/style>\n\t<\/section>","protected":false},"excerpt":{"rendered":"","protected":false},"author":1,"featured_media":1385,"parent":144,"menu_order":0,"comment_status":"closed","ping_status":"closed","template":"page-blank.php","meta":{"footnotes":""},"class_list":["post-182","page","type-page","status-publish","has-post-thumbnail","hentry"],"_links":{"self":[{"href":"https:\/\/arsenalbarber.shop\/ro\/wp-json\/wp\/v2\/pages\/182","targetHints":{"allow":["GET"]}}],"collection":[{"href":"https:\/\/arsenalbarber.shop\/ro\/wp-json\/wp\/v2\/pages"}],"about":[{"href":"https:\/\/arsenalbarber.shop\/ro\/wp-json\/wp\/v2\/types\/page"}],"author":[{"embeddable":true,"href":"https:\/\/arsenalbarber.shop\/ro\/wp-json\/wp\/v2\/users\/1"}],"replies":[{"embeddable":true,"href":"https:\/\/arsenalbarber.shop\/ro\/wp-json\/wp\/v2\/comments?post=182"}],"version-history":[{"count":12,"href":"https:\/\/arsenalbarber.shop\/ro\/wp-json\/wp\/v2\/pages\/182\/revisions"}],"predecessor-version":[{"id":1699,"href":"https:\/\/arsenalbarber.shop\/ro\/wp-json\/wp\/v2\/pages\/182\/revisions\/1699"}],"up":[{"embeddable":true,"href":"https:\/\/arsenalbarber.shop\/ro\/wp-json\/wp\/v2\/pages\/144"}],"wp:featuredmedia":[{"embeddable":true,"href":"https:\/\/arsenalbarber.shop\/ro\/wp-json\/wp\/v2\/media\/1385"}],"wp:attachment":[{"href":"https:\/\/arsenalbarber.shop\/ro\/wp-json\/wp\/v2\/media?parent=182"}],"curies":[{"name":"wp","href":"https:\/\/api.w.org\/{rel}","templated":true}]}}