{"id":180,"date":"2021-10-11T09:46:43","date_gmt":"2021-10-11T09:46:43","guid":{"rendered":"https:\/\/arsenalbarber.shop\/?page_id=180"},"modified":"2024-07-10T06:46:47","modified_gmt":"2024-07-10T06:46:47","slug":"black-mask","status":"publish","type":"page","link":"https:\/\/arsenalbarber.shop\/ro\/servicii\/black-mask\/","title":{"rendered":"Black Mask"},"content":{"rendered":"<div class=\"banner has-hover\" id=\"banner-1980089535\">\n          <div class=\"banner-inner fill\">\n        <div class=\"banner-bg fill\" >\n                                                \n                    <\/div>\n\t\t\n        <div class=\"banner-layers container\">\n            <div class=\"fill banner-link\"><\/div>            \n   <div id=\"text-box-1452852498\" class=\"text-box banner-layer x0 md-x0 lg-x0 y50 md-y50 lg-y50 res-text\">\n                                <div class=\"text-box-content text dark\">\n              \n              <div class=\"text-inner text-center\">\n                  \n\t<div id=\"text-2757283046\" class=\"text\">\n\t\t\n<h2><span style=\"font-size: 50%;\">ARSENAL BARBERSHOP<\/span><\/h2>\n\t\t\n<style>\n#text-2757283046 {\n  font-size: 0.75rem;\n}\n<\/style>\n\t<\/div>\n\t\n\t<div id=\"text-3366717918\" class=\"text\">\n\t\t\n<h1 class=\"uppercase\"><span style=\"font-size: 50%;\"><strong>BLACK MASK pentru b\u0103rba\u021bi<\/strong><\/span><\/h1>\n\t\t\n<style>\n#text-3366717918 {\n  font-size: 1rem;\n}\n<\/style>\n\t<\/div>\n\t\n              <\/div>\n           <\/div>\n                            \n<style>\n#text-box-1452852498 {\n  width: 100%;\n}\n#text-box-1452852498 .text-box-content {\n  font-size: 50%;\n}\n@media (min-width:550px) {\n  #text-box-1452852498 {\n    width: 60%;\n  }\n}\n<\/style>\n    <\/div>\n \n        <\/div>\n      <\/div>\n\n            \n<style>\n#banner-1980089535 {\n  padding-top: 60%;\n  background-color: #08090d;\n}\n@media (min-width:550px) {\n  #banner-1980089535 {\n    padding-top: 15%;\n  }\n}\n<\/style>\n  <\/div>\n\n\n\n\t<section class=\"section dark\" id=\"section_1033056892\">\n\t\t<div class=\"section-bg fill\" >\n\t\t\t\t\t\t\t\t\t<div class=\"section-bg-overlay absolute fill\"><\/div>\n\t\t\t\n\n\t\t<\/div>\n\n\t\t\n\n\t\t<div class=\"section-content relative\">\n\t\t\t\n<div class=\"row align-center\"  id=\"row-854590903\">\n\n\t<div id=\"col-1835143866\" class=\"col medium-9 small-12 large-12\"  >\n\t\t\t\t<div class=\"col-inner text-center\"  >\n\t\t\t\n\t\t\t\n\t<div id=\"text-1765604463\" class=\"text\">\n\t\t\n<h2><span style=\"font-size: 80%;\">Black Mask la Arsenal Barbershop<\/span><\/h2>\n\t\t\n<style>\n#text-1765604463 {\n  font-size: 1.2rem;\n}\n<\/style>\n\t<\/div>\n\t\n\t<div id=\"text-886267962\" class=\"text\">\n\t\t\n<p>Noi suntem de mult obi\u0219nui\u021bi cu faptul c\u0103 aspectul este ceea ce creeaz\u0103 prima impresie a unei persoane. Cur\u0103\u021benia \u0219i aspectul \u00eengrijit ast\u0103zi sunt indispensabile pentru o carier\u0103 de succes, atitudinea respectuoas\u0103, simpatia celorlal\u021bi.<\/p>\n<p>Detalii importante ale unui aspect respectabil \u00een orice moment sunt p\u0103rul, unghiile, \u00eenc\u0103l\u021b\u0103minte. Cu toate acestea, ast\u0103zi nu trebuie s\u0103 uit\u0103m de starea pielii. \u00cen epoca tehnologiilor \u00een dezvoltare, a metropolelor \u00een cre\u0219tere \u0219i ritmului de via\u021b\u0103 extrem de energic, pielea noastr\u0103 este adesea l\u0103sat\u0103 f\u0103r\u0103 aten\u021bia cuvenit\u0103. \u00cenfundarea porilor duce la probleme ale pielii, \u00eengrijire insuficient\u0103 pentru erup\u021bii cutanate, str\u0103lucire uleioas\u0103.<br \/>\n\t\t\n<style>\n#text-886267962 {\n  font-size: 1.2rem;\n  text-align: left;\n}\n<\/style>\n\t<\/div>\n\t\n\t\t<\/div>\n\t\t\t\t\t<\/div>\n\n\t\n<\/div>\n<div class=\"row\"  id=\"row-1624941480\">\n\n\t<div id=\"col-1819342620\" class=\"col medium-4 small-6 large-4\"  >\n\t\t\t\t<div class=\"col-inner\"  >\n\t\t\t\n\t\t\t\n\n  <div class=\"banner has-hover\" id=\"banner-1489597721\">\n          <div class=\"banner-inner fill\">\n        <div class=\"banner-bg fill\" >\n            <img decoding=\"async\" width=\"1020\" height=\"780\" src=\"https:\/\/arsenalbarber.shop\/wp-content\/uploads\/2021\/11\/Black-Mask1-1024x783.jpg\" class=\"bg attachment-large size-large\" alt=\"Black Mask la Arsenal Barbershop\" \/>                                    \n                    <\/div>\n\t\t\n        <div class=\"banner-layers container\">\n            <div class=\"fill banner-link\"><\/div>            \n   <div id=\"text-box-1448943831\" class=\"text-box banner-layer x50 md-x50 lg-x50 y50 md-y50 lg-y50 res-text\">\n                                <div class=\"text-box-content text dark\">\n              \n              <div class=\"text-inner text-center\">\n                  \n              <\/div>\n           <\/div>\n                            \n<style>\n#text-box-1448943831 {\n  width: 60%;\n}\n#text-box-1448943831 .text-box-content {\n  font-size: 100%;\n}\n<\/style>\n    <\/div>\n \n        <\/div>\n      <\/div>\n\n              <div class=\"height-fix is-invisible\"><img decoding=\"async\" width=\"1020\" height=\"780\" src=\"https:\/\/arsenalbarber.shop\/wp-content\/uploads\/2021\/11\/Black-Mask1-1024x783.jpg\" class=\"attachment-large size-large\" alt=\"Black Mask la Arsenal Barbershop\" srcset=\"https:\/\/arsenalbarber.shop\/wp-content\/uploads\/2021\/11\/Black-Mask1-1024x783.jpg 1024w, https:\/\/arsenalbarber.shop\/wp-content\/uploads\/2021\/11\/Black-Mask1-510x390.jpg 510w, https:\/\/arsenalbarber.shop\/wp-content\/uploads\/2021\/11\/Black-Mask1-300x229.jpg 300w, https:\/\/arsenalbarber.shop\/wp-content\/uploads\/2021\/11\/Black-Mask1-768x587.jpg 768w, https:\/\/arsenalbarber.shop\/wp-content\/uploads\/2021\/11\/Black-Mask1-1536x1175.jpg 1536w, https:\/\/arsenalbarber.shop\/wp-content\/uploads\/2021\/11\/Black-Mask1-600x459.jpg 600w, https:\/\/arsenalbarber.shop\/wp-content\/uploads\/2021\/11\/Black-Mask1.jpg 1700w\" sizes=\"(max-width: 1020px) 100vw, 1020px\" \/><\/div>\n              <\/div>\n\n\n\t\t<\/div>\n\t\t\t\t\t<\/div>\n\n\t\n\n\t<div id=\"col-1314708651\" class=\"col medium-4 small-6 large-4\"  >\n\t\t\t\t<div class=\"col-inner\"  >\n\t\t\t\n\t\t\t\n\n  <div class=\"banner has-hover\" id=\"banner-1197457595\">\n          <div class=\"banner-inner fill\">\n        <div class=\"banner-bg fill\" >\n            <img decoding=\"async\" width=\"1020\" height=\"781\" src=\"https:\/\/arsenalbarber.shop\/wp-content\/uploads\/2021\/11\/Black-Mask2-1024x784.jpg\" class=\"bg attachment-large size-large\" alt=\"Black Mask\" \/>                                    \n                    <\/div>\n\t\t\n        <div class=\"banner-layers container\">\n            <div class=\"fill banner-link\"><\/div>            \n   <div id=\"text-box-86748741\" class=\"text-box banner-layer x50 md-x50 lg-x50 y50 md-y50 lg-y50 res-text\">\n                                <div class=\"text-box-content text dark\">\n              \n              <div class=\"text-inner text-center\">\n                  \n              <\/div>\n           <\/div>\n                            \n<style>\n#text-box-86748741 {\n  width: 60%;\n}\n#text-box-86748741 .text-box-content {\n  font-size: 100%;\n}\n<\/style>\n    <\/div>\n \n        <\/div>\n      <\/div>\n\n              <div class=\"height-fix is-invisible\"><img decoding=\"async\" width=\"1020\" height=\"781\" src=\"https:\/\/arsenalbarber.shop\/wp-content\/uploads\/2021\/11\/Black-Mask2-1024x784.jpg\" class=\"attachment-large size-large\" alt=\"Black Mask\" srcset=\"https:\/\/arsenalbarber.shop\/wp-content\/uploads\/2021\/11\/Black-Mask2-1024x784.jpg 1024w, https:\/\/arsenalbarber.shop\/wp-content\/uploads\/2021\/11\/Black-Mask2-510x390.jpg 510w, https:\/\/arsenalbarber.shop\/wp-content\/uploads\/2021\/11\/Black-Mask2-300x230.jpg 300w, https:\/\/arsenalbarber.shop\/wp-content\/uploads\/2021\/11\/Black-Mask2-768x588.jpg 768w, https:\/\/arsenalbarber.shop\/wp-content\/uploads\/2021\/11\/Black-Mask2-1536x1175.jpg 1536w, https:\/\/arsenalbarber.shop\/wp-content\/uploads\/2021\/11\/Black-Mask2-600x459.jpg 600w, https:\/\/arsenalbarber.shop\/wp-content\/uploads\/2021\/11\/Black-Mask2.jpg 1700w\" sizes=\"(max-width: 1020px) 100vw, 1020px\" \/><\/div>\n              <\/div>\n\n\n\t\t<\/div>\n\t\t\t\t\t<\/div>\n\n\t\n\n\t<div id=\"col-1674991176\" class=\"col medium-4 small-6 large-4\"  >\n\t\t\t\t<div class=\"col-inner\"  >\n\t\t\t\n\t\t\t\n\n  <div class=\"banner has-hover\" id=\"banner-1522560486\">\n          <div class=\"banner-inner fill\">\n        <div class=\"banner-bg fill\" >\n            <img decoding=\"async\" width=\"1020\" height=\"780\" src=\"https:\/\/arsenalbarber.shop\/wp-content\/uploads\/2021\/11\/Black-Mask-1024x783.jpg\" class=\"bg attachment-large size-large\" alt=\"Black Mask\" \/>                                    \n                    <\/div>\n\t\t\n        <div class=\"banner-layers container\">\n            <div class=\"fill banner-link\"><\/div>            \n   <div id=\"text-box-707806650\" class=\"text-box banner-layer x50 md-x50 lg-x50 y50 md-y50 lg-y50 res-text\">\n                                <div class=\"text-box-content text dark\">\n              \n              <div class=\"text-inner text-center\">\n                  \n              <\/div>\n           <\/div>\n                            \n<style>\n#text-box-707806650 {\n  width: 60%;\n}\n#text-box-707806650 .text-box-content {\n  font-size: 100%;\n}\n<\/style>\n    <\/div>\n \n        <\/div>\n      <\/div>\n\n              <div class=\"height-fix is-invisible\"><img decoding=\"async\" width=\"1020\" height=\"780\" src=\"https:\/\/arsenalbarber.shop\/wp-content\/uploads\/2021\/11\/Black-Mask-1024x783.jpg\" class=\"attachment-large size-large\" alt=\"Black Mask\" srcset=\"https:\/\/arsenalbarber.shop\/wp-content\/uploads\/2021\/11\/Black-Mask-1024x783.jpg 1024w, https:\/\/arsenalbarber.shop\/wp-content\/uploads\/2021\/11\/Black-Mask-510x390.jpg 510w, https:\/\/arsenalbarber.shop\/wp-content\/uploads\/2021\/11\/Black-Mask-300x229.jpg 300w, https:\/\/arsenalbarber.shop\/wp-content\/uploads\/2021\/11\/Black-Mask-768x587.jpg 768w, https:\/\/arsenalbarber.shop\/wp-content\/uploads\/2021\/11\/Black-Mask-1536x1175.jpg 1536w, https:\/\/arsenalbarber.shop\/wp-content\/uploads\/2021\/11\/Black-Mask-600x459.jpg 600w, https:\/\/arsenalbarber.shop\/wp-content\/uploads\/2021\/11\/Black-Mask.jpg 1700w\" sizes=\"(max-width: 1020px) 100vw, 1020px\" \/><\/div>\n              <\/div>\n\n\n\t\t<\/div>\n\t\t\t\t\t<\/div>\n\n\t\n<\/div>\n\t\t<\/div>\n\n\t\t\n<style>\n#section_1033056892 {\n  padding-top: 50px;\n  padding-bottom: 50px;\n  background-color: #3b3b39;\n}\n#section_1033056892 .section-bg-overlay {\n  background-color: rgba(0,0,0,.5);\n}\n@media (min-width:550px) {\n  #section_1033056892 {\n    padding-top: 90px;\n    padding-bottom: 90px;\n  }\n}\n@media (min-width:850px) {\n  #section_1033056892 {\n    padding-top: 30px;\n    padding-bottom: 30px;\n  }\n}\n<\/style>\n\t<\/section>\n\t\n\n\t<section class=\"section\" id=\"section_1765334227\">\n\t\t<div class=\"section-bg fill\" >\n\t\t\t\t\t\t\t\t\t\n\t\t\t\n\n\t\t<\/div>\n\n\t\t\n\n\t\t<div class=\"section-content relative\">\n\t\t\t\n\t<div id=\"text-50947051\" class=\"text\">\n\t\t\n<p>Profesioni\u0219tii de la Arsenal Barbershop \u0219tiu cum s\u0103 v\u0103 ajute pielea s\u0103 arate neted\u0103, proasp\u0103t\u0103 \u0219i s\u0103n\u0103toas\u0103. Oferim procedura ideal\u0103 &#8211; Black Mask.<\/p>\n<p>Ce este Black Mask? Masca neagr\u0103 are o compozi\u021bie special\u0103 care p\u0103trunde ad\u00e2nc \u00een pori, cur\u0103\u021b\u0103 pielea \u0219i \u00eendep\u0103rteaz\u0103 str\u0103lucirea uleioas\u0103 de pe aceasta. Masca neagr\u0103 are efect antiseptic, combate acneea, elimin\u0103 punctele negre, ofer\u0103 un aspect s\u0103n\u0103tos, ferm \u0219i neted.<br \/>\n\t\t\n<style>\n#text-50947051 {\n  font-size: 1.2rem;\n  text-align: center;\n}\n<\/style>\n\t<\/div>\n\t\n\t<div id=\"gap-887400978\" class=\"gap-element clearfix\" style=\"display:block; height:auto;\">\n\t\t\n<style>\n#gap-887400978 {\n  padding-top: 63px;\n}\n<\/style>\n\t<\/div>\n\t\n<div class=\"row\"  id=\"row-1895300991\">\n\n\t<div id=\"col-1106769807\" class=\"col medium-7 small-12 large-7\"  >\n\t\t\t\t<div class=\"col-inner text-center\"  >\n\t\t\t\n\t\t\t\n\t<div id=\"text-71025689\" class=\"text\">\n\t\t\n<p>Procesul are loc \u00een mai multe etape. Pielea fe\u021bei se cur\u0103\u021b\u0103 temeinic cu ajutorul <a href=\"https:\/\/arsenalbarber.shop\/ro\/produse\/\">produselor cosmetice<\/a> speciale <a href=\"https:\/\/nishman.com.tr\/urun-kategori\/skin-care\/page\/2\/\" target=\"_blank\" rel=\"noopener\">Nishman<\/a> \u0219i se aplic\u0103 un scrub u\u0219or de fa\u021b\u0103. Pielea se abure\u0219te astfel inc\u00eet porii s\u0103 se dilate \u0219i masca s\u0103 p\u0103trund\u0103 c\u00eet mai ad\u00eenc pentru o cur\u0103\u021bare maxim\u0103.<\/p>\n<p>Masca neagr\u0103 se aplic\u0103 \u00een strat gros pe zonele fe\u021bei lipsite de vegeta\u021bie. Dureaz\u0103 aproximativ 30 de minute pentru ca masca s\u0103 se usuce complet. Acest timp poate fi petrecut util dac\u0103 combina\u021bi procedura, de exemplu, cu o frizur\u0103.<\/p>\n<p>Dup\u0103 ce masca se usuc\u0103, se \u00eendep\u0103rteaz\u0103 ca o pelicul\u0103, de sus \u00een jos. Dup\u0103 masc\u0103, este imperativ s\u0103 aplica\u021bi un tonic care s\u0103 \u00eenchid\u0103 porii \u0219i s\u0103 \u00eempiedice p\u0103trunderea murd\u0103riei \u00een ei. Pute\u021bi repeta procedura aproximativ o dat\u0103 pe s\u0103pt\u0103m\u00e2n\u0103.<br \/>\n\t\t\n<style>\n#text-71025689 {\n  font-size: 1.1rem;\n}\n<\/style>\n\t<\/div>\n\t\n\t\t<\/div>\n\t\t\t\t\t<\/div>\n\n\t\n\n\t<div id=\"col-722150259\" class=\"col medium-5 small-12 large-5\"  >\n\t\t\t\t<div class=\"col-inner text-center\"  >\n\t\t\t\n\t\t\t\n\n  <div class=\"banner has-hover\" id=\"banner-275855613\">\n          <div class=\"banner-inner fill\">\n        <div class=\"banner-bg fill\" >\n            <img decoding=\"async\" width=\"500\" height=\"500\" src=\"https:\/\/arsenalbarber.shop\/wp-content\/uploads\/2021\/10\/Nishman-banner1.jpg\" class=\"bg attachment-large size-large\" alt=\"Nishman banner\" \/>                                    \n                    <\/div>\n\t\t\n        <div class=\"banner-layers container\">\n            <div class=\"fill banner-link\"><\/div>            \n   <div id=\"text-box-1865522671\" class=\"text-box banner-layer x50 md-x50 lg-x50 y50 md-y50 lg-y50 res-text\">\n                                <div class=\"text-box-content text dark\">\n              \n              <div class=\"text-inner text-center\">\n                  \n              <\/div>\n           <\/div>\n                            \n<style>\n#text-box-1865522671 {\n  width: 60%;\n}\n#text-box-1865522671 .text-box-content {\n  font-size: 100%;\n}\n<\/style>\n    <\/div>\n \n        <\/div>\n      <\/div>\n\n            \n<style>\n#banner-275855613 {\n  padding-top: 88%;\n}\n#banner-275855613 .banner-bg img {\n  object-position: 0% 0%;\n}\n<\/style>\n  <\/div>\n\n\n\t<div id=\"gap-1272457553\" class=\"gap-element clearfix\" style=\"display:block; height:auto;\">\n\t\t\n<style>\n#gap-1272457553 {\n  padding-top: 30px;\n}\n<\/style>\n\t<\/div>\n\t\n<a href=\"https:\/\/arsenalbarber.shop\/ro\/produse\/\" class=\"button white is-outline\" style=\"border-radius:99px;padding:px 20px 0px 20px;\">\n\t\t<span>catalog<\/span>\n\t<i class=\"icon-angle-right\" aria-hidden=\"true\" ><\/i><\/a>\n\n\t\t<\/div>\n\t\t\t\t\t<\/div>\n\n\t\n<\/div>\n\t\t<\/div>\n\n\t\t\n<style>\n#section_1765334227 {\n  padding-top: 30px;\n  padding-bottom: 30px;\n  background-color: #3b3b39;\n}\n<\/style>\n\t<\/section>\n\t\n\n\t<section class=\"section dark\" id=\"section_1101799373\">\n\t\t<div class=\"section-bg fill\" >\n\t\t\t\t\t\t\t\t\t\n\t\t\t\n\n\t\t<\/div>\n\n\t\t\n\n\t\t<div class=\"section-content relative\">\n\t\t\t\n\t<div id=\"gap-243061125\" class=\"gap-element clearfix\" style=\"display:block; height:auto;\">\n\t\t\n<style>\n#gap-243061125 {\n  padding-top: 30px;\n}\n<\/style>\n\t<\/div>\n\t\n<div class=\"row\"  id=\"row-1239569130\">\n\n\t<div id=\"col-1916070260\" class=\"col medium-8 small-12 large-8\"  >\n\t\t\t\t<div class=\"col-inner\"  >\n\t\t\t\n\t\t\t\n\t<div id=\"text-1439263323\" class=\"text\">\n\t\t\n<p><span style=\"color: #333333;\">Serviciul Black Mask de la Arsenal Barbershop nu va bate prea tare buzunarul &#8211; doar 200 de lei. To\u021bi barberii no\u0219tri au o vast\u0103 experien\u021b\u0103 \u00een comunicarea cu clien\u021bii, \u00een\u021beleg \u0219i anticipeaz\u0103 dorin\u021bele acestora. Munca de calitate este \u00eentotdeauna apreciat\u0103. Recompensa noastr\u0103 este un client mul\u021bumit, iar scopul nostru principal este s\u0103 te dep\u0103\u0219im a\u0219tept\u0103rile.\u00a0<\/span><\/p>\n<p><span style=\"color: #333333;\">Arsenal Barbershop nu este doar un salon. Aici este o atmosfer\u0103 b\u0103rb\u0103teasc\u0103, o companie pl\u0103cut\u0103, un loc de odihn\u0103 \u0219i relaxare. Arsenal Barbershop este un club pentru b\u0103rba\u021bi adev\u0103ra\u021bi. Nimeni nu va r\u0103m\u00e2ne indiferent.<\/span><\/p>\n\t\t\n<style>\n#text-1439263323 {\n  font-size: 1.2rem;\n}\n@media (min-width:550px) {\n  #text-1439263323 {\n    font-size: 1.2rem;\n  }\n}\n<\/style>\n\t<\/div>\n\t\n\t\t<\/div>\n\t\t\t\t\t<\/div>\n\n\t\n\n\t<div id=\"col-2018005673\" class=\"col medium-4 small-12 large-4\"  >\n\t\t\t\t<div class=\"col-inner text-center\"  >\n\t\t\t\n\t\t\t\n\t<div id=\"gap-1195597017\" class=\"gap-element clearfix\" style=\"display:block; height:auto;\">\n\t\t\n<style>\n#gap-1195597017 {\n  padding-top: 0px;\n}\n<\/style>\n\t<\/div>\n\t\n<a href=\"https:\/\/arsenalbarber.shop\/ro\/despre-companie\/\" class=\"button white is-outline is-smaller\" style=\"border-radius:99px;padding:5px 30px 5px 30px;\">\n\t\t<span>descoper\u0103 mai mult despre noi<\/span>\n\t<i class=\"icon-angle-right\" aria-hidden=\"true\" ><\/i><\/a>\n\n\t\t<\/div>\n\t\t\t\t\n<style>\n#col-2018005673 > .col-inner {\n  padding: 123px 0px 0px 0px;\n}\n<\/style>\n\t<\/div>\n\n\t\n<\/div>\n\t\t<\/div>\n\n\t\t\n<style>\n#section_1101799373 {\n  padding-top: 30px;\n  padding-bottom: 30px;\n  background-color: rgb(168, 177, 171);\n}\n@media (min-width:550px) {\n  #section_1101799373 {\n    padding-top: 60px;\n    padding-bottom: 60px;\n  }\n}\n@media (min-width:850px) {\n  #section_1101799373 {\n    padding-top: 0px;\n    padding-bottom: 0px;\n  }\n}\n<\/style>\n\t<\/section>","protected":false},"excerpt":{"rendered":"","protected":false},"author":1,"featured_media":1380,"parent":144,"menu_order":0,"comment_status":"closed","ping_status":"closed","template":"page-blank.php","meta":{"footnotes":""},"class_list":["post-180","page","type-page","status-publish","has-post-thumbnail","hentry"],"_links":{"self":[{"href":"https:\/\/arsenalbarber.shop\/ro\/wp-json\/wp\/v2\/pages\/180","targetHints":{"allow":["GET"]}}],"collection":[{"href":"https:\/\/arsenalbarber.shop\/ro\/wp-json\/wp\/v2\/pages"}],"about":[{"href":"https:\/\/arsenalbarber.shop\/ro\/wp-json\/wp\/v2\/types\/page"}],"author":[{"embeddable":true,"href":"https:\/\/arsenalbarber.shop\/ro\/wp-json\/wp\/v2\/users\/1"}],"replies":[{"embeddable":true,"href":"https:\/\/arsenalbarber.shop\/ro\/wp-json\/wp\/v2\/comments?post=180"}],"version-history":[{"count":13,"href":"https:\/\/arsenalbarber.shop\/ro\/wp-json\/wp\/v2\/pages\/180\/revisions"}],"predecessor-version":[{"id":1833,"href":"https:\/\/arsenalbarber.shop\/ro\/wp-json\/wp\/v2\/pages\/180\/revisions\/1833"}],"up":[{"embeddable":true,"href":"https:\/\/arsenalbarber.shop\/ro\/wp-json\/wp\/v2\/pages\/144"}],"wp:featuredmedia":[{"embeddable":true,"href":"https:\/\/arsenalbarber.shop\/ro\/wp-json\/wp\/v2\/media\/1380"}],"wp:attachment":[{"href":"https:\/\/arsenalbarber.shop\/ro\/wp-json\/wp\/v2\/media?parent=180"}],"curies":[{"name":"wp","href":"https:\/\/api.w.org\/{rel}","templated":true}]}}