{"id":178,"date":"2021-10-11T09:46:03","date_gmt":"2021-10-11T09:46:03","guid":{"rendered":"https:\/\/arsenalbarber.shop\/?page_id=178"},"modified":"2025-03-02T14:17:33","modified_gmt":"2025-03-02T14:17:33","slug":"tonarea-barbii","status":"publish","type":"page","link":"https:\/\/arsenalbarber.shop\/ro\/servicii\/tonarea-barbii\/","title":{"rendered":"Tonarea b\u0103rbii"},"content":{"rendered":"<div class=\"banner has-hover\" id=\"banner-1653682289\">\n          <div class=\"banner-inner fill\">\n        <div class=\"banner-bg fill\" >\n                                                \n                    <\/div>\n\t\t\n        <div class=\"banner-layers container\">\n            <div class=\"fill banner-link\"><\/div>            \n   <div id=\"text-box-1226994498\" class=\"text-box banner-layer x0 md-x0 lg-x0 y50 md-y50 lg-y50 res-text\">\n                                <div class=\"text-box-content text dark\">\n              \n              <div class=\"text-inner text-center\">\n                  \n\t<div id=\"text-851190673\" class=\"text\">\n\t\t\n<h2><span style=\"font-size: 50%;\">ARSENAL BARBERSHOP<\/span><\/h2>\n\t\t\n<style>\n#text-851190673 {\n  font-size: 0.75rem;\n}\n<\/style>\n\t<\/div>\n\t\n\t<div id=\"text-404065522\" class=\"text\">\n\t\t\n<h1><span style=\"font-size: 50%;\"><strong>TONAREA B\u0102RBII<\/strong><\/span><\/h1>\n\t\t\n<style>\n#text-404065522 {\n  font-size: 1rem;\n}\n<\/style>\n\t<\/div>\n\t\n              <\/div>\n           <\/div>\n                            \n<style>\n#text-box-1226994498 {\n  width: 100%;\n}\n#text-box-1226994498 .text-box-content {\n  font-size: 50%;\n}\n@media (min-width:550px) {\n  #text-box-1226994498 {\n    width: 66%;\n  }\n}\n<\/style>\n    <\/div>\n \n        <\/div>\n      <\/div>\n\n            \n<style>\n#banner-1653682289 {\n  padding-top: 60%;\n  background-color: #08090d;\n}\n@media (min-width:550px) {\n  #banner-1653682289 {\n    padding-top: 15%;\n  }\n}\n<\/style>\n  <\/div>\n\n\n\n\t<section class=\"section dark\" id=\"section_1899743533\">\n\t\t<div class=\"section-bg fill\" >\n\t\t\t\t\t\t\t\t\t<div class=\"section-bg-overlay absolute fill\"><\/div>\n\t\t\t\n\n\t\t<\/div>\n\n\t\t\n\n\t\t<div class=\"section-content relative\">\n\t\t\t\n<div class=\"row\"  id=\"row-793327329\">\n\n\t<div id=\"col-1287441598\" class=\"col small-12 large-12\"  >\n\t\t\t\t<div class=\"col-inner\"  >\n\t\t\t\n\t\t\t\n\t<div id=\"text-175044895\" class=\"text\">\n\t\t\n<p><strong>Tonarea b\u0103rbii la Arsenal Barbershop<\/strong><br \/>\n\t\t\n<style>\n#text-175044895 {\n  font-size: 1.3rem;\n  text-align: center;\n}\n<\/style>\n\t<\/div>\n\t\n\t<div id=\"text-981147661\" class=\"text\">\n\t\t\n<p>Barb\u0103 unui b\u0103rbat ast\u0103zi a devenit principalul atribut al imaginii, acesta este ceea ce atrage \u00een primul r\u00e2nd aten\u021bia, de aceea este nevoie de \u00eengrijire constant\u0103 pentru ea, deoarece o barb\u0103 ne\u00eengrijit\u0103 creeaz\u0103 un aspect neglijent.<\/p>\n<p>Noi to\u021bi suntem obi\u0219nui\u021bi cu faptul c\u0103, indiferent c\u00e2t de \u00eenalt\u0103 calitate sunt vopselele de p\u0103r, acestea provoac\u0103 daune enorme structurii p\u0103rului. P\u0103rul devine casant \u0219i indisciplinat, se desface \u0219i cap\u0103t\u0103 un aspect ne\u00eengrijit.<br \/>\n\t\t\n<style>\n#text-981147661 {\n  font-size: 1.15rem;\n}\n<\/style>\n\t<\/div>\n\t\n\t\t<\/div>\n\t\t\t\t\t<\/div>\n\n\t\n<\/div>\n<div class=\"row\"  id=\"row-1261109405\">\n\n\t<div id=\"col-1389123310\" class=\"col medium-6 small-12 large-6\"  >\n\t\t\t\t<div class=\"col-inner\"  >\n\t\t\t\n\t\t\t\n\n  <div class=\"banner has-hover\" id=\"banner-853687089\">\n          <div class=\"banner-inner fill\">\n        <div class=\"banner-bg fill\" >\n            <img decoding=\"async\" width=\"1020\" height=\"679\" src=\"https:\/\/arsenalbarber.shop\/wp-content\/uploads\/2021\/11\/tonarea-barbii1-1024x682.jpg\" class=\"bg attachment-large size-large\" alt=\"Male in barber shop\" \/>                                    \n                    <\/div>\n\t\t\n        <div class=\"banner-layers container\">\n            <div class=\"fill banner-link\"><\/div>            \n   <div id=\"text-box-561853667\" class=\"text-box banner-layer x50 md-x50 lg-x50 y50 md-y50 lg-y50 res-text\">\n                                <div class=\"text-box-content text dark\">\n              \n              <div class=\"text-inner text-center\">\n                  \n              <\/div>\n           <\/div>\n                            \n<style>\n#text-box-561853667 {\n  width: 60%;\n}\n#text-box-561853667 .text-box-content {\n  font-size: 100%;\n}\n<\/style>\n    <\/div>\n \n        <\/div>\n      <\/div>\n\n            \n<style>\n#banner-853687089 {\n  padding-top: 50%;\n}\n#banner-853687089 .banner-bg img {\n  object-position: 1% 0%;\n}\n<\/style>\n  <\/div>\n\n\n\t\t<\/div>\n\t\t\t\t\t<\/div>\n\n\t\n\n\t<div id=\"col-711411064\" class=\"col medium-6 small-12 large-6\"  >\n\t\t\t\t<div class=\"col-inner\"  >\n\t\t\t\n\t\t\t\n\n  <div class=\"banner has-hover\" id=\"banner-1062958152\">\n          <div class=\"banner-inner fill\">\n        <div class=\"banner-bg fill\" >\n            <img decoding=\"async\" width=\"1020\" height=\"679\" src=\"https:\/\/arsenalbarber.shop\/wp-content\/uploads\/2021\/11\/tonarea-barbii-1-1024x682.jpg\" class=\"bg attachment-large size-large\" alt=\"Old fashioned and stylish cutting in luxurious barbershop\" \/>                                    \n                    <\/div>\n\t\t\n        <div class=\"banner-layers container\">\n            <div class=\"fill banner-link\"><\/div>            \n   <div id=\"text-box-2108106068\" class=\"text-box banner-layer x50 md-x50 lg-x50 y50 md-y50 lg-y50 res-text\">\n                                <div class=\"text-box-content text dark\">\n              \n              <div class=\"text-inner text-center\">\n                  \n              <\/div>\n           <\/div>\n                            \n<style>\n#text-box-2108106068 {\n  width: 60%;\n}\n#text-box-2108106068 .text-box-content {\n  font-size: 100%;\n}\n<\/style>\n    <\/div>\n \n        <\/div>\n      <\/div>\n\n            \n<style>\n#banner-1062958152 {\n  padding-top: 50%;\n}\n#banner-1062958152 .banner-bg img {\n  object-position: 0% 72%;\n}\n<\/style>\n  <\/div>\n\n\n\t\t<\/div>\n\t\t\t\t\t<\/div>\n\n\t\n<\/div>\n\t\t<\/div>\n\n\t\t\n<style>\n#section_1899743533 {\n  padding-top: 30px;\n  padding-bottom: 30px;\n  min-height: 400px;\n  background-color: rgb(255,255,255);\n}\n#section_1899743533 .section-bg-overlay {\n  background-color: rgba(0,0,0,.5);\n}\n@media (min-width:550px) {\n  #section_1899743533 {\n    padding-top: 40px;\n    padding-bottom: 40px;\n    min-height: 600px;\n  }\n}\n@media (min-width:850px) {\n  #section_1899743533 {\n    padding-top: 30px;\n    padding-bottom: 30px;\n  }\n}\n<\/style>\n\t<\/section>\n\t\n\n\t<section class=\"section dark\" id=\"section_944065515\">\n\t\t<div class=\"section-bg fill\" >\n\t\t\t\t\t\t\t\t\t<div class=\"section-bg-overlay absolute fill\"><\/div>\n\t\t\t\n\n\t\t<\/div>\n\n\t\t\n\n\t\t<div class=\"section-content relative\">\n\t\t\t\n<div class=\"row align-center\"  id=\"row-1226978344\">\n\n\t<div id=\"col-243378482\" class=\"col medium-6 small-12 large-6\"  >\n\t\t\t\t<div class=\"col-inner text-center\"  >\n\t\t\t\n\t\t\t\n\t<div id=\"gap-4528109\" class=\"gap-element clearfix hide-for-medium\" style=\"display:block; height:auto;\">\n\t\t\n<style>\n#gap-4528109 {\n  padding-top: 71px;\n}\n<\/style>\n\t<\/div>\n\t\n\t<div id=\"text-3085995234\" class=\"text\">\n\t\t\n<p>Cu toate acestea, serviciul de nuan\u021bare a b\u0103rbii se realizeaz\u0103 printr-un mod complet diferit. Toner &#8211; difer\u0103 de vopselele de p\u0103r prin faptul c\u0103 nu decoloreaz\u0103 \u0219i nu \u00eenlocuie\u0219te culoarea natural\u0103 a p\u0103rului, ci doar creeaz\u0103 un strat deasupra care ascunde temporar p\u0103rul gri sau creeaz\u0103 o nou\u0103 imagine pentru tine. Exist\u0103 o credin\u021b\u0103 puternic\u0103 c\u0103 tonerul protejeaz\u0103 \u0219i p\u0103rul.<\/p>\n<p>Exist\u0103 o gam\u0103 larg\u0103 de culori, iar satura\u021bia culorii poate fi ajustat\u0103. Tonerul se spal\u0103 treptat de pe p\u0103r, nu con\u021bine substan\u021be chimice nocive, prin urmare nu atac\u0103 p\u0103rul \u00een mod agresiv \u0219i este un mijloc sigur de schimbare a culorii b\u0103rbii.<br \/>\n\t\t\n<style>\n#text-3085995234 {\n  font-size: 1.2rem;\n}\n<\/style>\n\t<\/div>\n\t\n\t\t<\/div>\n\t\t\t\t\t<\/div>\n\n\t\n\n\t<div id=\"col-1931473151\" class=\"col medium-6 small-12 large-6\"  >\n\t\t\t\t<div class=\"col-inner text-right\"  >\n\t\t\t\n\t\t\t\n\n  <div class=\"banner has-hover\" id=\"banner-1201442022\">\n          <div class=\"banner-inner fill\">\n        <div class=\"banner-bg fill\" >\n            <img decoding=\"async\" width=\"1020\" height=\"1020\" src=\"https:\/\/arsenalbarber.shop\/wp-content\/uploads\/2021\/11\/Tonarea-barbii-la-Arsenal-Barbershop-1024x1024.jpg\" class=\"bg attachment-large size-large\" alt=\"Stylish confident man\" \/>                                    \n                    <\/div>\n\t\t\n        <div class=\"banner-layers container\">\n            <div class=\"fill banner-link\"><\/div>            \n   <div id=\"text-box-1119094780\" class=\"text-box banner-layer x50 md-x50 lg-x50 y50 md-y50 lg-y50 res-text\">\n                                <div class=\"text-box-content text dark\">\n              \n              <div class=\"text-inner text-center\">\n                  \n              <\/div>\n           <\/div>\n                            \n<style>\n#text-box-1119094780 {\n  width: 60%;\n}\n#text-box-1119094780 .text-box-content {\n  font-size: 100%;\n}\n<\/style>\n    <\/div>\n \n        <\/div>\n      <\/div>\n\n            \n<style>\n#banner-1201442022 {\n  padding-top: 99.99%;\n}\n<\/style>\n  <\/div>\n\n\n\t\t<\/div>\n\t\t\t\t\t<\/div>\n\n\t\n<\/div>\n\t\t<\/div>\n\n\t\t\n<style>\n#section_944065515 {\n  padding-top: 40px;\n  padding-bottom: 40px;\n  background-color: #3b3b39;\n}\n#section_944065515 .section-bg-overlay {\n  background-color: rgba(0,0,0,.5);\n}\n@media (min-width:550px) {\n  #section_944065515 {\n    padding-top: 60px;\n    padding-bottom: 60px;\n  }\n}\n@media (min-width:850px) {\n  #section_944065515 {\n    padding-top: 30px;\n    padding-bottom: 30px;\n  }\n}\n<\/style>\n\t<\/section>\n\t\n\n\t<section class=\"section dark\" id=\"section_1814724068\">\n\t\t<div class=\"section-bg fill\" >\n\t\t\t\t\t\t\t\t\t\n\t\t\t\n\n\t\t<\/div>\n\n\t\t\n\n\t\t<div class=\"section-content relative\">\n\t\t\t\n<div class=\"row row-full-width\"  id=\"row-2138841317\">\n\n\t<div id=\"col-1634236309\" class=\"col medium-4 small-12 large-4\"  >\n\t\t\t\t<div class=\"col-inner text-center\"  >\n\t\t\t\n\t\t\t\n\n  <div class=\"banner has-hover\" id=\"banner-629781796\">\n          <div class=\"banner-inner fill\">\n        <div class=\"banner-bg fill\" >\n            <img decoding=\"async\" width=\"1020\" height=\"765\" src=\"https:\/\/arsenalbarber.shop\/wp-content\/uploads\/2021\/11\/Nishman-for-beard-banner-1024x768.jpg\" class=\"bg attachment-large size-large\" alt=\"Nishman for beard banner\" \/>                                    \n                    <\/div>\n\t\t\n        <div class=\"banner-layers container\">\n            <div class=\"fill banner-link\"><\/div>            \n   <div id=\"text-box-1054235830\" class=\"text-box banner-layer x50 md-x50 lg-x50 y50 md-y50 lg-y50 res-text\">\n                                <div class=\"text-box-content text dark\">\n              \n              <div class=\"text-inner text-center\">\n                  \n              <\/div>\n           <\/div>\n                            \n<style>\n#text-box-1054235830 {\n  width: 60%;\n}\n#text-box-1054235830 .text-box-content {\n  font-size: 100%;\n}\n<\/style>\n    <\/div>\n \n        <\/div>\n      <\/div>\n\n              <div class=\"height-fix is-invisible\"><img decoding=\"async\" width=\"1020\" height=\"765\" src=\"https:\/\/arsenalbarber.shop\/wp-content\/uploads\/2021\/11\/Nishman-for-beard-banner-1024x768.jpg\" class=\"attachment-large size-large\" alt=\"Nishman for beard banner\" srcset=\"https:\/\/arsenalbarber.shop\/wp-content\/uploads\/2021\/11\/Nishman-for-beard-banner-1024x768.jpg 1024w, https:\/\/arsenalbarber.shop\/wp-content\/uploads\/2021\/11\/Nishman-for-beard-banner-510x383.jpg 510w, https:\/\/arsenalbarber.shop\/wp-content\/uploads\/2021\/11\/Nishman-for-beard-banner-300x225.jpg 300w, https:\/\/arsenalbarber.shop\/wp-content\/uploads\/2021\/11\/Nishman-for-beard-banner-768x576.jpg 768w, https:\/\/arsenalbarber.shop\/wp-content\/uploads\/2021\/11\/Nishman-for-beard-banner-600x450.jpg 600w, https:\/\/arsenalbarber.shop\/wp-content\/uploads\/2021\/11\/Nishman-for-beard-banner.jpg 1053w\" sizes=\"(max-width: 1020px) 100vw, 1020px\" \/><\/div>\n            \n<style>\n#banner-629781796 .banner-bg img {\n  object-position: 100% 0%;\n}\n<\/style>\n  <\/div>\n\n\n\t<div id=\"gap-1152741496\" class=\"gap-element clearfix\" style=\"display:block; height:auto;\">\n\t\t\n<style>\n#gap-1152741496 {\n  padding-top: 30px;\n}\n<\/style>\n\t<\/div>\n\t\n\t\t<\/div>\n\t\t\t\t\t<\/div>\n\n\t\n\n\t<div id=\"col-867918530\" class=\"col medium-8 small-12 large-8\"  >\n\t\t\t\t<div class=\"col-inner text-center\"  >\n\t\t\t\n\t\t\t\n\t<div id=\"text-1672299720\" class=\"text\">\n\t\t\n<p>Dar, chiar \u0219i cu aceste beneficii, nu recomand\u0103m s\u0103 face\u021bi procedura acas\u0103. Un barber bun va alege un toner care se potrive\u0219te cu structura \u0219i culoarea p\u0103rului t\u0103u \u0219i va putea, de asemenea, s\u0103-\u0219i ajusteze \u00een mod corespunz\u0103tor timpul de expunere.<\/p>\n<p>Costul unui serviciu de nuan\u021bare a b\u0103rbii la Arsenal Barbershop variaz\u0103 de la 200 la 300 de lei. Procedura include etapele preg\u0103tirii fe\u021bei, precum \u0219i \u00eengrijirea pielii fe\u021bei cu <a href=\"https:\/\/arsenalbarber.shop\/ro\/produse\/\">prod<\/a><span style=\"font-size: 100%;\"><a href=\"https:\/\/arsenalbarber.shop\/produse\/\">use<\/a> <a href=\"https:\/\/nishman.com.tr\/\" target=\"_blank\" rel=\"noopener\">Nishman<\/a>.<\/span><\/p>\n\t\t\n<style>\n#text-1672299720 {\n  font-size: 1.2rem;\n  text-align: left;\n}\n<\/style>\n\t<\/div>\n\t\n<a href=\"https:\/\/arsenalbarber.shop\/ro\/produse\/\" class=\"button white is-outline\" style=\"border-radius:99px;padding:5px 20px 0px 20px;\">\n\t\t<span>\u00cen catalog<\/span>\n\t<i class=\"icon-angle-right\" aria-hidden=\"true\" ><\/i><\/a>\n\n\t\t<\/div>\n\t\t\t\t\t<\/div>\n\n\t\n<\/div>\n\t\t<\/div>\n\n\t\t\n<style>\n#section_1814724068 {\n  padding-top: 40px;\n  padding-bottom: 40px;\n  background-color: rgb(53, 53, 53);\n}\n@media (min-width:550px) {\n  #section_1814724068 {\n    padding-top: 60px;\n    padding-bottom: 60px;\n  }\n}\n@media (min-width:850px) {\n  #section_1814724068 {\n    padding-top: 60px;\n    padding-bottom: 60px;\n  }\n}\n<\/style>\n\t<\/section>\n\t\n\n\t<section class=\"section dark\" id=\"section_1241978524\">\n\t\t<div class=\"section-bg fill\" >\n\t\t\t\t\t\t\t\t\t\n\t\t\t\n\n\t\t<\/div>\n\n\t\t\n\n\t\t<div class=\"section-content relative\">\n\t\t\t\n<div class=\"row align-center\" style=\"max-width:700px\" id=\"row-798262375\">\n\n\t<div id=\"col-1681217791\" class=\"col small-12 large-12\"  >\n\t\t\t\t<div class=\"col-inner\"  >\n\t\t\t\n\t\t\t\n\t<div id=\"gap-456434442\" class=\"gap-element clearfix show-for-medium\" style=\"display:block; height:auto;\">\n\t\t\n<style>\n#gap-456434442 {\n  padding-top: 40px;\n}\n@media (min-width:550px) {\n  #gap-456434442 {\n    padding-top: 30px;\n  }\n}\n<\/style>\n\t<\/div>\n\t\n\t<div id=\"text-4270035542\" class=\"text\">\n\t\t\n<p>Arsenal Barbershop nu este doar o frizerie. Aici este o atmosfer\u0103 b\u0103rb\u0103teasc\u0103, o companie pl\u0103cut\u0103, un loc de odihn\u0103 \u0219i relaxare. Arsenal Barbershop este un club pentru b\u0103rba\u021bi adev\u0103ra\u021bi. Nimeni nu va r\u0103m\u00e2ne indiferent.<\/p>\n\t\t\n<style>\n#text-4270035542 {\n  font-size: 1.2rem;\n  text-align: center;\n}\n<\/style>\n\t<\/div>\n\t\n\t\t<\/div>\n\t\t\t\t\t<\/div>\n\n\t\n\n\t<div id=\"col-1402121815\" class=\"col small-12 large-12\"  >\n\t\t\t\t<div class=\"col-inner text-center\"  >\n\t\t\t\n\t\t\t\n<a href=\"https:\/\/arsenalbarber.shop\/ro\/despre-companie\/\" class=\"button white is-outline is-small https:\/\/arsenalbarber.shop\/ro\/despre-companie\/\" style=\"border-radius:99px;\">\n\t\t<span>mai mult despre noi<\/span>\n\t<i class=\"icon-angle-right\" aria-hidden=\"true\" ><\/i><\/a>\n\n\t\t<\/div>\n\t\t\t\t\t<\/div>\n\n\t\n<\/div>\n\t\t<\/div>\n\n\t\t\n<style>\n#section_1241978524 {\n  padding-top: 0px;\n  padding-bottom: 0px;\n  background-color: rgb(35, 35, 35);\n}\n@media (min-width:550px) {\n  #section_1241978524 {\n    padding-top: 60px;\n    padding-bottom: 60px;\n  }\n}\n@media (min-width:850px) {\n  #section_1241978524 {\n    padding-top: 61px;\n    padding-bottom: 61px;\n  }\n}\n<\/style>\n\t<\/section>","protected":false},"excerpt":{"rendered":"","protected":false},"author":1,"featured_media":1326,"parent":144,"menu_order":0,"comment_status":"closed","ping_status":"closed","template":"page-blank.php","meta":{"footnotes":""},"class_list":["post-178","page","type-page","status-publish","has-post-thumbnail","hentry"],"_links":{"self":[{"href":"https:\/\/arsenalbarber.shop\/ro\/wp-json\/wp\/v2\/pages\/178","targetHints":{"allow":["GET"]}}],"collection":[{"href":"https:\/\/arsenalbarber.shop\/ro\/wp-json\/wp\/v2\/pages"}],"about":[{"href":"https:\/\/arsenalbarber.shop\/ro\/wp-json\/wp\/v2\/types\/page"}],"author":[{"embeddable":true,"href":"https:\/\/arsenalbarber.shop\/ro\/wp-json\/wp\/v2\/users\/1"}],"replies":[{"embeddable":true,"href":"https:\/\/arsenalbarber.shop\/ro\/wp-json\/wp\/v2\/comments?post=178"}],"version-history":[{"count":24,"href":"https:\/\/arsenalbarber.shop\/ro\/wp-json\/wp\/v2\/pages\/178\/revisions"}],"predecessor-version":[{"id":1850,"href":"https:\/\/arsenalbarber.shop\/ro\/wp-json\/wp\/v2\/pages\/178\/revisions\/1850"}],"up":[{"embeddable":true,"href":"https:\/\/arsenalbarber.shop\/ro\/wp-json\/wp\/v2\/pages\/144"}],"wp:featuredmedia":[{"embeddable":true,"href":"https:\/\/arsenalbarber.shop\/ro\/wp-json\/wp\/v2\/media\/1326"}],"wp:attachment":[{"href":"https:\/\/arsenalbarber.shop\/ro\/wp-json\/wp\/v2\/media?parent=178"}],"curies":[{"name":"wp","href":"https:\/\/api.w.org\/{rel}","templated":true}]}}