{"id":176,"date":"2021-10-11T09:45:15","date_gmt":"2021-10-11T09:45:15","guid":{"rendered":"https:\/\/arsenalbarber.shop\/?page_id=176"},"modified":"2025-03-02T14:16:24","modified_gmt":"2025-03-02T14:16:24","slug":"ras-royal","status":"publish","type":"page","link":"https:\/\/arsenalbarber.shop\/ro\/servicii\/ras-royal\/","title":{"rendered":"Ras Royal"},"content":{"rendered":"<div class=\"banner has-hover\" id=\"banner-1209250149\">\n          <div class=\"banner-inner fill\">\n        <div class=\"banner-bg fill\" >\n                                                \n                    <\/div>\n\t\t\n        <div class=\"banner-layers container\">\n            <div class=\"fill banner-link\"><\/div>            \n   <div id=\"text-box-2001621517\" class=\"text-box banner-layer x0 md-x0 lg-x0 y50 md-y50 lg-y50 res-text\">\n                                <div class=\"text-box-content text dark\">\n              \n              <div class=\"text-inner text-center\">\n                  \n\t<div id=\"text-795541754\" class=\"text\">\n\t\t\n<h2><span style=\"font-size: 50%;\">ARSENAL BARBERSHOP<\/span><\/h2>\n\t\t\n<style>\n#text-795541754 {\n  font-size: 0.75rem;\n}\n<\/style>\n\t<\/div>\n\t\n\t<div id=\"text-3087634298\" class=\"text\">\n\t\t\n<h1 class=\"uppercase\"><span style=\"font-size: 50%;\"><strong>RAS ROYAL<\/strong><\/span><\/h1>\n\t\t\n<style>\n#text-3087634298 {\n  font-size: 1rem;\n}\n<\/style>\n\t<\/div>\n\t\n              <\/div>\n           <\/div>\n                            \n<style>\n#text-box-2001621517 {\n  width: 100%;\n}\n#text-box-2001621517 .text-box-content {\n  font-size: 50%;\n}\n@media (min-width:550px) {\n  #text-box-2001621517 {\n    width: 60%;\n  }\n}\n<\/style>\n    <\/div>\n \n        <\/div>\n      <\/div>\n\n            \n<style>\n#banner-1209250149 {\n  padding-top: 60%;\n  background-color: #08090d;\n}\n@media (min-width:550px) {\n  #banner-1209250149 {\n    padding-top: 15%;\n  }\n}\n<\/style>\n  <\/div>\n\n\n\n\t<section class=\"section dark\" id=\"section_1289635274\">\n\t\t<div class=\"section-bg fill\" >\n\t\t\t\t\t\t\t\t\t<div class=\"section-bg-overlay absolute fill\"><\/div>\n\t\t\t\n\n\t\t<\/div>\n\n\t\t\n\n\t\t<div class=\"section-content relative\">\n\t\t\t\n<div class=\"row align-center\"  id=\"row-1476981742\">\n\n\t<div id=\"col-1619402565\" class=\"col medium-9 small-12 large-12\"  >\n\t\t\t\t<div class=\"col-inner text-center\"  >\n\t\t\t\n\t\t\t\n\t<div id=\"text-2394040713\" class=\"text\">\n\t\t\n<h2><span style=\"font-size: 80%;\">Ras Royal Arsenal Barbershop<\/span><\/h2>\n\t\t\n<style>\n#text-2394040713 {\n  font-size: 1.3rem;\n}\n<\/style>\n\t<\/div>\n\t\n\t<div id=\"text-720893441\" class=\"text\">\n\t\t\n<p>Ce este un ras royal? Aceasta este o procedur\u0103 de elit\u0103 pentru b\u0103rba\u021bii adev\u0103ra\u021bi, care reprezint\u0103 barbierit cu brici clasic. Briciul este un instrument cu o lam\u0103 interschimbabil\u0103, foarte ascu\u021bit\u0103, care garanteaz\u0103 cea mai fin\u0103 piele dup\u0103 procedur\u0103. Acest efect nu poate fi ob\u021binut acas\u0103.<\/p>\n<p>Procedura are un efect benefic asupra pielii, indep\u0103rteaz\u0103 epiderma moart\u0103, o face mai fin\u0103 \u0219i mai delicat\u0103, folosind produse cosmetice atent selec\u021bionate pentru tipul t\u0103u de ten \u0219i sezon.<\/p>\n\t\t\n<style>\n#text-720893441 {\n  text-align: left;\n}\n<\/style>\n\t<\/div>\n\t\n\t\t<\/div>\n\t\t\t\t\t<\/div>\n\n\t\n<\/div>\n<div class=\"row\"  id=\"row-511414462\">\n\n\t<div id=\"col-537217350\" class=\"col medium-4 small-12 large-4\"  >\n\t\t\t\t<div class=\"col-inner\"  >\n\t\t\t\n\t\t\t\n\n  <div class=\"banner has-hover\" id=\"banner-1591296629\">\n          <div class=\"banner-inner fill\">\n        <div class=\"banner-bg fill\" >\n            <img decoding=\"async\" width=\"1020\" height=\"679\" src=\"https:\/\/arsenalbarber.shop\/wp-content\/uploads\/2021\/11\/shaving-in-the-barbershop-2021-09-03-20-37-45-utc-1024x682.jpg\" class=\"bg attachment-large size-large\" alt=\"shaving-in-the-barbershop\" \/>                                    \n                    <\/div>\n\t\t\n        <div class=\"banner-layers container\">\n            <div class=\"fill banner-link\"><\/div>            \n   <div id=\"text-box-1864282758\" class=\"text-box banner-layer x50 md-x50 lg-x50 y50 md-y50 lg-y50 res-text\">\n                                <div class=\"text-box-content text dark\">\n              \n              <div class=\"text-inner text-center\">\n                  \n              <\/div>\n           <\/div>\n                            \n<style>\n#text-box-1864282758 {\n  width: 60%;\n}\n#text-box-1864282758 .text-box-content {\n  font-size: 100%;\n}\n<\/style>\n    <\/div>\n \n        <\/div>\n      <\/div>\n\n              <div class=\"height-fix is-invisible\"><img decoding=\"async\" width=\"1020\" height=\"679\" src=\"https:\/\/arsenalbarber.shop\/wp-content\/uploads\/2021\/11\/shaving-in-the-barbershop-2021-09-03-20-37-45-utc-1024x682.jpg\" class=\"attachment-large size-large\" alt=\"shaving-in-the-barbershop\" srcset=\"https:\/\/arsenalbarber.shop\/wp-content\/uploads\/2021\/11\/shaving-in-the-barbershop-2021-09-03-20-37-45-utc-1024x682.jpg 1024w, https:\/\/arsenalbarber.shop\/wp-content\/uploads\/2021\/11\/shaving-in-the-barbershop-2021-09-03-20-37-45-utc-510x340.jpg 510w, https:\/\/arsenalbarber.shop\/wp-content\/uploads\/2021\/11\/shaving-in-the-barbershop-2021-09-03-20-37-45-utc-300x200.jpg 300w, https:\/\/arsenalbarber.shop\/wp-content\/uploads\/2021\/11\/shaving-in-the-barbershop-2021-09-03-20-37-45-utc-768x512.jpg 768w, https:\/\/arsenalbarber.shop\/wp-content\/uploads\/2021\/11\/shaving-in-the-barbershop-2021-09-03-20-37-45-utc-1536x1024.jpg 1536w, https:\/\/arsenalbarber.shop\/wp-content\/uploads\/2021\/11\/shaving-in-the-barbershop-2021-09-03-20-37-45-utc-2048x1365.jpg 2048w, https:\/\/arsenalbarber.shop\/wp-content\/uploads\/2021\/11\/shaving-in-the-barbershop-2021-09-03-20-37-45-utc-600x400.jpg 600w\" sizes=\"(max-width: 1020px) 100vw, 1020px\" \/><\/div>\n              <\/div>\n\n\n\t\t<\/div>\n\t\t\t\t\t<\/div>\n\n\t\n\n\t<div id=\"col-757309155\" class=\"col medium-4 small-12 large-4\"  >\n\t\t\t\t<div class=\"col-inner\"  >\n\t\t\t\n\t\t\t\n\n  <div class=\"banner has-hover\" id=\"banner-710182713\">\n          <div class=\"banner-inner fill\">\n        <div class=\"banner-bg fill\" >\n            <img decoding=\"async\" width=\"1020\" height=\"679\" src=\"https:\/\/arsenalbarber.shop\/wp-content\/uploads\/2021\/11\/shaving-in-the-barbershop-2021-09-03-17-41-56-utc-1024x682.jpg\" class=\"bg attachment-large size-large\" alt=\"shaving-in-the-barbershop\" \/>                                    \n                    <\/div>\n\t\t\n        <div class=\"banner-layers container\">\n            <div class=\"fill banner-link\"><\/div>            \n   <div id=\"text-box-1181757628\" class=\"text-box banner-layer x50 md-x50 lg-x50 y50 md-y50 lg-y50 res-text\">\n                                <div class=\"text-box-content text dark\">\n              \n              <div class=\"text-inner text-center\">\n                  \n              <\/div>\n           <\/div>\n                            \n<style>\n#text-box-1181757628 {\n  width: 60%;\n}\n#text-box-1181757628 .text-box-content {\n  font-size: 100%;\n}\n<\/style>\n    <\/div>\n \n        <\/div>\n      <\/div>\n\n              <div class=\"height-fix is-invisible\"><img decoding=\"async\" width=\"1020\" height=\"679\" src=\"https:\/\/arsenalbarber.shop\/wp-content\/uploads\/2021\/11\/shaving-in-the-barbershop-2021-09-03-17-41-56-utc-1024x682.jpg\" class=\"attachment-large size-large\" alt=\"shaving-in-the-barbershop\" srcset=\"https:\/\/arsenalbarber.shop\/wp-content\/uploads\/2021\/11\/shaving-in-the-barbershop-2021-09-03-17-41-56-utc-1024x682.jpg 1024w, https:\/\/arsenalbarber.shop\/wp-content\/uploads\/2021\/11\/shaving-in-the-barbershop-2021-09-03-17-41-56-utc-510x340.jpg 510w, https:\/\/arsenalbarber.shop\/wp-content\/uploads\/2021\/11\/shaving-in-the-barbershop-2021-09-03-17-41-56-utc-300x200.jpg 300w, https:\/\/arsenalbarber.shop\/wp-content\/uploads\/2021\/11\/shaving-in-the-barbershop-2021-09-03-17-41-56-utc-768x512.jpg 768w, https:\/\/arsenalbarber.shop\/wp-content\/uploads\/2021\/11\/shaving-in-the-barbershop-2021-09-03-17-41-56-utc-1536x1024.jpg 1536w, https:\/\/arsenalbarber.shop\/wp-content\/uploads\/2021\/11\/shaving-in-the-barbershop-2021-09-03-17-41-56-utc-2048x1365.jpg 2048w, https:\/\/arsenalbarber.shop\/wp-content\/uploads\/2021\/11\/shaving-in-the-barbershop-2021-09-03-17-41-56-utc-600x400.jpg 600w\" sizes=\"(max-width: 1020px) 100vw, 1020px\" \/><\/div>\n              <\/div>\n\n\n\t\t<\/div>\n\t\t\t\t\t<\/div>\n\n\t\n\n\t<div id=\"col-429571821\" class=\"col medium-4 small-12 large-4\"  >\n\t\t\t\t<div class=\"col-inner\"  >\n\t\t\t\n\t\t\t\n\n  <div class=\"banner has-hover\" id=\"banner-1647731445\">\n          <div class=\"banner-inner fill\">\n        <div class=\"banner-bg fill\" >\n            <img decoding=\"async\" width=\"1020\" height=\"679\" src=\"https:\/\/arsenalbarber.shop\/wp-content\/uploads\/2021\/11\/shaving-in-the-barbershop-2021-09-03-18-00-56-utc-1024x682.jpg\" class=\"bg attachment-large size-large\" alt=\"shaving-in-the-barbershop\" \/>                                    \n                    <\/div>\n\t\t\n        <div class=\"banner-layers container\">\n            <div class=\"fill banner-link\"><\/div>            \n   <div id=\"text-box-1510082630\" class=\"text-box banner-layer x50 md-x50 lg-x50 y50 md-y50 lg-y50 res-text\">\n                                <div class=\"text-box-content text dark\">\n              \n              <div class=\"text-inner text-center\">\n                  \n              <\/div>\n           <\/div>\n                            \n<style>\n#text-box-1510082630 {\n  width: 60%;\n}\n#text-box-1510082630 .text-box-content {\n  font-size: 100%;\n}\n<\/style>\n    <\/div>\n \n        <\/div>\n      <\/div>\n\n              <div class=\"height-fix is-invisible\"><img decoding=\"async\" width=\"1020\" height=\"679\" src=\"https:\/\/arsenalbarber.shop\/wp-content\/uploads\/2021\/11\/shaving-in-the-barbershop-2021-09-03-18-00-56-utc-1024x682.jpg\" class=\"attachment-large size-large\" alt=\"shaving-in-the-barbershop\" srcset=\"https:\/\/arsenalbarber.shop\/wp-content\/uploads\/2021\/11\/shaving-in-the-barbershop-2021-09-03-18-00-56-utc-1024x682.jpg 1024w, https:\/\/arsenalbarber.shop\/wp-content\/uploads\/2021\/11\/shaving-in-the-barbershop-2021-09-03-18-00-56-utc-510x340.jpg 510w, https:\/\/arsenalbarber.shop\/wp-content\/uploads\/2021\/11\/shaving-in-the-barbershop-2021-09-03-18-00-56-utc-300x200.jpg 300w, https:\/\/arsenalbarber.shop\/wp-content\/uploads\/2021\/11\/shaving-in-the-barbershop-2021-09-03-18-00-56-utc-768x512.jpg 768w, https:\/\/arsenalbarber.shop\/wp-content\/uploads\/2021\/11\/shaving-in-the-barbershop-2021-09-03-18-00-56-utc-1536x1024.jpg 1536w, https:\/\/arsenalbarber.shop\/wp-content\/uploads\/2021\/11\/shaving-in-the-barbershop-2021-09-03-18-00-56-utc-2048x1365.jpg 2048w, https:\/\/arsenalbarber.shop\/wp-content\/uploads\/2021\/11\/shaving-in-the-barbershop-2021-09-03-18-00-56-utc-600x400.jpg 600w\" sizes=\"(max-width: 1020px) 100vw, 1020px\" \/><\/div>\n              <\/div>\n\n\n\t\t<\/div>\n\t\t\t\t\t<\/div>\n\n\t\n<\/div>\n\t\t<\/div>\n\n\t\t\n<style>\n#section_1289635274 {\n  padding-top: 50px;\n  padding-bottom: 50px;\n  background-color: #3b3b39;\n}\n#section_1289635274 .section-bg-overlay {\n  background-color: rgba(0,0,0,.5);\n}\n@media (min-width:550px) {\n  #section_1289635274 {\n    padding-top: 90px;\n    padding-bottom: 90px;\n  }\n}\n@media (min-width:850px) {\n  #section_1289635274 {\n    padding-top: 30px;\n    padding-bottom: 30px;\n  }\n}\n<\/style>\n\t<\/section>\n\t\n\n\t<section class=\"section\" id=\"section_1273342413\">\n\t\t<div class=\"section-bg fill\" >\n\t\t\t\t\t\t\t\t\t\n\t\t\t\n\n\t\t<\/div>\n\n\t\t\n\n\t\t<div class=\"section-content relative\">\n\t\t\t\n<div class=\"row\"  id=\"row-776113855\">\n\n\t<div id=\"col-417902318\" class=\"col medium-6 small-12 large-6\"  >\n\t\t\t\t<div class=\"col-inner text-center\"  >\n\t\t\t\n\t\t\t\n\t<div id=\"gap-65225887\" class=\"gap-element clearfix hide-for-medium\" style=\"display:block; height:auto;\">\n\t\t\n<style>\n#gap-65225887 {\n  padding-top: 82px;\n}\n<\/style>\n\t<\/div>\n\t\n\t<div id=\"text-1164242636\" class=\"text\">\n\t\t\n<p>Procesul necesit\u0103 cel mai \u00eenalt profesionalism, cele mai bune instrumente \u0219i <a href=\"https:\/\/arsenalbarber.shop\/produse\/\">produse cosmetice<\/a> de calitate. Prin urmare, b\u0103rbierirea regal\u0103 \u00een Arsenal Barbershop se efectueaz\u0103 numai de cei mai buni barberii de \u00eenalt\u0103 calificare, se folosesc numai lame de unic\u0103 folosin\u021b\u0103, instrumentul de ras este procesat \u0219i dezinfectat cu aten\u021bie, iar cosmeticele sunt doar clasa premium a m\u0103rcii <a href=\"https:\/\/nishman.com.tr\/urun-kategori\/skin-care\/page\/2\/\" target=\"_blank\" rel=\"noopener\">Nishman<\/a> pentru b\u0103rba\u021bi.<\/p>\n\t\t\n<style>\n#text-1164242636 {\n  font-size: 1.1rem;\n}\n@media (min-width:550px) {\n  #text-1164242636 {\n    font-size: 1.3rem;\n  }\n}\n<\/style>\n\t<\/div>\n\t\n<a href=\"https:\/\/arsenalbarber.shop\/ro\/produse\/\" class=\"button white is-outline is-large\" style=\"border-radius:99px;padding:3px 20px 0px 20px;\">\n\t\t<span>catalog<\/span>\n\t<i class=\"icon-angle-right\" aria-hidden=\"true\" ><\/i><\/a>\n\n\t\t<\/div>\n\t\t\t\t\t<\/div>\n\n\t\n\n\t<div id=\"col-993222663\" class=\"col medium-5 small-12 large-5\"  >\n\t\t\t\t<div class=\"col-inner\"  >\n\t\t\t\n\t\t\t\n\n  <div class=\"banner has-hover\" id=\"banner-254535419\">\n          <div class=\"banner-inner fill\">\n        <div class=\"banner-bg fill\" >\n            <img decoding=\"async\" width=\"700\" height=\"875\" src=\"https:\/\/arsenalbarber.shop\/wp-content\/uploads\/2021\/11\/Nishman-Shaving-Gel.png\" class=\"bg attachment-large size-large\" alt=\"Nishman Shaving Gel\" \/>                                    \n                    <\/div>\n\t\t\n        <div class=\"banner-layers container\">\n            <div class=\"fill banner-link\"><\/div>            \n   <div id=\"text-box-1763016917\" class=\"text-box banner-layer x50 md-x50 lg-x50 y50 md-y50 lg-y50 res-text\">\n                                <div class=\"text-box-content text dark\">\n              \n              <div class=\"text-inner text-center\">\n                  \n              <\/div>\n           <\/div>\n                            \n<style>\n#text-box-1763016917 {\n  width: 60%;\n}\n#text-box-1763016917 .text-box-content {\n  font-size: 100%;\n}\n<\/style>\n    <\/div>\n \n        <\/div>\n      <\/div>\n\n              <div class=\"height-fix is-invisible\"><img decoding=\"async\" width=\"700\" height=\"875\" src=\"https:\/\/arsenalbarber.shop\/wp-content\/uploads\/2021\/11\/Nishman-Shaving-Gel.png\" class=\"attachment-large size-large\" alt=\"Nishman Shaving Gel\" srcset=\"https:\/\/arsenalbarber.shop\/wp-content\/uploads\/2021\/11\/Nishman-Shaving-Gel.png 700w, https:\/\/arsenalbarber.shop\/wp-content\/uploads\/2021\/11\/Nishman-Shaving-Gel-510x638.png 510w, https:\/\/arsenalbarber.shop\/wp-content\/uploads\/2021\/11\/Nishman-Shaving-Gel-240x300.png 240w, https:\/\/arsenalbarber.shop\/wp-content\/uploads\/2021\/11\/Nishman-Shaving-Gel-300x375.png 300w, https:\/\/arsenalbarber.shop\/wp-content\/uploads\/2021\/11\/Nishman-Shaving-Gel-600x750.png 600w\" sizes=\"(max-width: 700px) 100vw, 700px\" \/><\/div>\n              <\/div>\n\n\n\t\t<\/div>\n\t\t\t\t\t<\/div>\n\n\t\n\n\t<div id=\"col-837935982\" class=\"col small-12 large-12\"  >\n\t\t\t\t<div class=\"col-inner\"  >\n\t\t\t\n\t\t\t\n\t<div id=\"gap-353253644\" class=\"gap-element clearfix\" style=\"display:block; height:auto;\">\n\t\t\n<style>\n#gap-353253644 {\n  padding-top: 63px;\n}\n<\/style>\n\t<\/div>\n\t\n\t<div id=\"text-3654218440\" class=\"text\">\n\t\t\n<p>Procesul de ras royal se desf\u0103\u0219oar\u0103 \u00een mai multe etape: preg\u0103tirea pielii cu ajutorul unor produse cosmetice speciale pentru alunecarea u\u0219oar\u0103 a lamei \u0219i prevenirea firelor de p\u0103r \u00eencarnate, aplicarea spumei, b\u0103rbierirea propriu-zis\u0103, utilizarea produselor after-shave.<br \/>\n\t\t\n<style>\n#text-3654218440 {\n  text-align: center;\n}\n<\/style>\n\t<\/div>\n\t\n\t\t<\/div>\n\t\t\t\t\t<\/div>\n\n\t\n<\/div>\n\t\t<\/div>\n\n\t\t\n<style>\n#section_1273342413 {\n  padding-top: 30px;\n  padding-bottom: 30px;\n  background-color: #3b3b39;\n}\n<\/style>\n\t<\/section>\n\t\n\n\t<section class=\"section dark\" id=\"section_1073536624\">\n\t\t<div class=\"section-bg fill\" >\n\t\t\t\t\t\t\t\t\t\n\t\t\t\n\n\t\t<\/div>\n\n\t\t\n\n\t\t<div class=\"section-content relative\">\n\t\t\t\n\t<div id=\"gap-1400727974\" class=\"gap-element clearfix\" style=\"display:block; height:auto;\">\n\t\t\n<style>\n#gap-1400727974 {\n  padding-top: 30px;\n}\n<\/style>\n\t<\/div>\n\t\n<div class=\"row\"  id=\"row-1331801644\">\n\n\t<div id=\"col-580180082\" class=\"col medium-8 small-12 large-8\"  >\n\t\t\t\t<div class=\"col-inner\"  >\n\t\t\t\n\t\t\t\n\t<div id=\"text-2937531912\" class=\"text\">\n\t\t\n<p>Costul serviciu ras royal \u00een Arsenal Barbershop variaz\u0103 de la 250 la 300 de lei. Procedura dureaz\u0103 aproximativ 40 de minute \u0219i acesta este momentul potrivit pentru a v\u0103 a\u0219eza pe un scaun confortabil \u0219i a v\u0103 bucura de o \u00eengijire facial\u0103 regal\u0103.<\/p>\n<p>Arsenal Barbershop nu este doar o frizerie. Aici e o atmosfer\u0103 b\u0103rb\u0103teasc\u0103, o companie pl\u0103cut\u0103, un loc de odihn\u0103 \u0219i relaxare. Arsenal Barbershop este un club pentru b\u0103rba\u021bi adev\u0103ra\u021bi. Nimeni nu va r\u0103m\u00e2ne indiferent.<\/p>\n\t\t\n<style>\n#text-2937531912 {\n  font-size: 1.2rem;\n}\n@media (min-width:550px) {\n  #text-2937531912 {\n    font-size: 1.2rem;\n  }\n}\n<\/style>\n\t<\/div>\n\t\n\t\t<\/div>\n\t\t\t\t\t<\/div>\n\n\t\n\n\t<div id=\"col-1016777950\" class=\"col medium-4 small-12 large-4\"  >\n\t\t\t\t<div class=\"col-inner text-center\"  >\n\t\t\t\n\t\t\t\n<a href=\"https:\/\/arsenalbarber.shop\/ro\/despre-companie\/\" class=\"button white is-outline is-smaller\" style=\"border-radius:99px;padding:5px 30px 5px 30px;\">\n\t\t<span>mai mult despre noi<\/span>\n\t<i class=\"icon-angle-right\" aria-hidden=\"true\" ><\/i><\/a>\n\n\t\t<\/div>\n\t\t\t\t\n<style>\n#col-1016777950 > .col-inner {\n  padding: 0px 0px 0px 0px;\n}\n@media (min-width:550px) {\n  #col-1016777950 > .col-inner {\n    padding: 130px 0px 0px 0px;\n  }\n}\n<\/style>\n\t<\/div>\n\n\t\n<\/div>\n\t\t<\/div>\n\n\t\t\n<style>\n#section_1073536624 {\n  padding-top: 30px;\n  padding-bottom: 30px;\n  background-color: rgb(168, 177, 171);\n}\n@media (min-width:550px) {\n  #section_1073536624 {\n    padding-top: 60px;\n    padding-bottom: 60px;\n  }\n}\n@media (min-width:850px) {\n  #section_1073536624 {\n    padding-top: 0px;\n    padding-bottom: 0px;\n  }\n}\n<\/style>\n\t<\/section>","protected":false},"excerpt":{"rendered":"","protected":false},"author":1,"featured_media":1281,"parent":144,"menu_order":0,"comment_status":"closed","ping_status":"closed","template":"page-blank.php","meta":{"footnotes":""},"class_list":["post-176","page","type-page","status-publish","has-post-thumbnail","hentry"],"_links":{"self":[{"href":"https:\/\/arsenalbarber.shop\/ro\/wp-json\/wp\/v2\/pages\/176","targetHints":{"allow":["GET"]}}],"collection":[{"href":"https:\/\/arsenalbarber.shop\/ro\/wp-json\/wp\/v2\/pages"}],"about":[{"href":"https:\/\/arsenalbarber.shop\/ro\/wp-json\/wp\/v2\/types\/page"}],"author":[{"embeddable":true,"href":"https:\/\/arsenalbarber.shop\/ro\/wp-json\/wp\/v2\/users\/1"}],"replies":[{"embeddable":true,"href":"https:\/\/arsenalbarber.shop\/ro\/wp-json\/wp\/v2\/comments?post=176"}],"version-history":[{"count":21,"href":"https:\/\/arsenalbarber.shop\/ro\/wp-json\/wp\/v2\/pages\/176\/revisions"}],"predecessor-version":[{"id":1849,"href":"https:\/\/arsenalbarber.shop\/ro\/wp-json\/wp\/v2\/pages\/176\/revisions\/1849"}],"up":[{"embeddable":true,"href":"https:\/\/arsenalbarber.shop\/ro\/wp-json\/wp\/v2\/pages\/144"}],"wp:featuredmedia":[{"embeddable":true,"href":"https:\/\/arsenalbarber.shop\/ro\/wp-json\/wp\/v2\/media\/1281"}],"wp:attachment":[{"href":"https:\/\/arsenalbarber.shop\/ro\/wp-json\/wp\/v2\/media?parent=176"}],"curies":[{"name":"wp","href":"https:\/\/api.w.org\/{rel}","templated":true}]}}