{"id":174,"date":"2021-10-11T09:44:13","date_gmt":"2021-10-11T09:44:13","guid":{"rendered":"https:\/\/arsenalbarber.shop\/?page_id=174"},"modified":"2025-03-02T14:15:10","modified_gmt":"2025-03-02T14:15:10","slug":"frizura-si-barba","status":"publish","type":"page","link":"https:\/\/arsenalbarber.shop\/ro\/servicii\/frizura-si-barba\/","title":{"rendered":"Complex de servicii &#8211; frizur\u0103 \u0219i barb\u0103"},"content":{"rendered":"<div class=\"banner has-hover\" id=\"banner-1979939298\">\n          <div class=\"banner-inner fill\">\n        <div class=\"banner-bg fill\" >\n                                                \n                    <\/div>\n\t\t\n        <div class=\"banner-layers container\">\n            <div class=\"fill banner-link\"><\/div>            \n   <div id=\"text-box-1253779526\" class=\"text-box banner-layer x0 md-x0 lg-x0 y50 md-y50 lg-y50 res-text\">\n                                <div class=\"text-box-content text dark\">\n              \n              <div class=\"text-inner text-center\">\n                  \n\t<div id=\"text-1331162409\" class=\"text\">\n\t\t\n<h2><span style=\"font-size: 50%;\">ARSENAL BARBERSHOP<\/span><\/h2>\n\t\t\n<style>\n#text-1331162409 {\n  font-size: 0.75rem;\n}\n<\/style>\n\t<\/div>\n\t\n\t<div id=\"text-1936107274\" class=\"text\">\n\t\t\n<h1><span style=\"font-size: 50%;\"><strong>COMPLEX DE SERVICII &#8211; FRIZUR\u0102 \u0218I BARB\u0102<\/strong><\/span><\/12><\/h1>\n\t\t\n<style>\n#text-1936107274 {\n  font-size: 1rem;\n}\n<\/style>\n\t<\/div>\n\t\n              <\/div>\n           <\/div>\n                            \n<style>\n#text-box-1253779526 {\n  width: 100%;\n}\n#text-box-1253779526 .text-box-content {\n  font-size: 50%;\n}\n@media (min-width:550px) {\n  #text-box-1253779526 {\n    width: 66%;\n  }\n}\n<\/style>\n    <\/div>\n \n        <\/div>\n      <\/div>\n\n            \n<style>\n#banner-1979939298 {\n  padding-top: 60%;\n  background-color: #08090d;\n}\n@media (min-width:550px) {\n  #banner-1979939298 {\n    padding-top: 15%;\n  }\n}\n<\/style>\n  <\/div>\n\n\n\n\t<section class=\"section dark\" id=\"section_1180050016\">\n\t\t<div class=\"section-bg fill\" >\n\t\t\t\t\t\t\t\t\t<div class=\"section-bg-overlay absolute fill\"><\/div>\n\t\t\t\n\n\t\t<\/div>\n\n\t\t\n\n\t\t<div class=\"section-content relative\">\n\t\t\t\n<div class=\"row\"  id=\"row-525180921\">\n\n\t<div id=\"col-1962485690\" class=\"col small-12 large-12\"  >\n\t\t\t\t<div class=\"col-inner\"  >\n\t\t\t\n\t\t\t\n\t<div id=\"text-1085563484\" class=\"text\">\n\t\t\n<p><strong>Complex de servicii &#8211; frizur\u0103 \u0219i modelarea b\u0103rbii la Arsenal Barbershop<\/strong><br \/>\n\t\t\n<style>\n#text-1085563484 {\n  font-size: 1.3rem;\n  text-align: center;\n}\n<\/style>\n\t<\/div>\n\t\n\t<div id=\"text-1411228799\" class=\"text\">\n\t\t\n<p>Fiecare b\u0103rbat va aprecia serviciul cuprinz\u0103tor de frizur\u0103 \u0219i modelarea b\u0103rbii la Arsenal Barbershop, deoarece va economisi mul\u021bi bani f\u0103r\u0103 a pierde calitatea.<\/p>\n<p>Personalul calificat va asculta cu atentie toate dorin\u021bele dumneavoastr\u0103 \u0219i le va indeplini la cel mai \u00eenalt nivel. Exper\u021bii v\u0103 vor ajuta, de asemenea, s\u0103 alege\u021bi o tunsoare \u0219i o form\u0103 de barb\u0103 care s\u0103 se potriveasc\u0103 v\u00e2rstei, stilului \u0219i statutului dumneavoastr\u0103. Orice tendin\u021b\u0103 \u00een moda masculin\u0103, orice aspect v\u0103 st\u0103 la dispozi\u021bie al\u0103turi de echipa noastr\u0103 de la Arsenal Barbershop.<\/p>\n\t\t\n<style>\n#text-1411228799 {\n  font-size: 1.15rem;\n}\n<\/style>\n\t<\/div>\n\t\n\t\t<\/div>\n\t\t\t\t\t<\/div>\n\n\t\n<\/div>\n<div class=\"row row-full-width\"  id=\"row-2056642224\">\n\n\t<div id=\"col-2038008835\" class=\"col medium-6 small-12 large-6\"  >\n\t\t\t\t<div class=\"col-inner\"  >\n\t\t\t\n\t\t\t\n\n  <div class=\"banner has-hover\" id=\"banner-690396866\">\n          <div class=\"banner-inner fill\">\n        <div class=\"banner-bg fill\" >\n            <img decoding=\"async\" width=\"1020\" height=\"495\" src=\"https:\/\/arsenalbarber.shop\/wp-content\/uploads\/2021\/11\/-\u041a\u043e\u043c\u043f\u043b\u0435\u043a\u0441-\u0441\u0442\u0440\u0438\u0436\u043a\u0430-\u0411\u043e\u0440\u043e\u0434\u0430-e1637780653551-1024x497.jpg\" class=\"bg attachment-large size-large\" alt=\"frizura si barba\" \/>                                    \n                    <\/div>\n\t\t\n        <div class=\"banner-layers container\">\n            <div class=\"fill banner-link\"><\/div>            \n   <div id=\"text-box-271597940\" class=\"text-box banner-layer x50 md-x50 lg-x50 y50 md-y50 lg-y50 res-text\">\n                                <div class=\"text-box-content text dark\">\n              \n              <div class=\"text-inner text-center\">\n                  \n              <\/div>\n           <\/div>\n                            \n<style>\n#text-box-271597940 {\n  width: 60%;\n}\n#text-box-271597940 .text-box-content {\n  font-size: 100%;\n}\n<\/style>\n    <\/div>\n \n        <\/div>\n      <\/div>\n\n              <div class=\"height-fix is-invisible\"><img decoding=\"async\" width=\"1020\" height=\"495\" src=\"https:\/\/arsenalbarber.shop\/wp-content\/uploads\/2021\/11\/-\u041a\u043e\u043c\u043f\u043b\u0435\u043a\u0441-\u0441\u0442\u0440\u0438\u0436\u043a\u0430-\u0411\u043e\u0440\u043e\u0434\u0430-e1637780653551-1024x497.jpg\" class=\"attachment-large size-large\" alt=\"frizura si barba\" srcset=\"https:\/\/arsenalbarber.shop\/wp-content\/uploads\/2021\/11\/-\u041a\u043e\u043c\u043f\u043b\u0435\u043a\u0441-\u0441\u0442\u0440\u0438\u0436\u043a\u0430-\u0411\u043e\u0440\u043e\u0434\u0430-e1637780653551-1024x497.jpg 1024w, https:\/\/arsenalbarber.shop\/wp-content\/uploads\/2021\/11\/-\u041a\u043e\u043c\u043f\u043b\u0435\u043a\u0441-\u0441\u0442\u0440\u0438\u0436\u043a\u0430-\u0411\u043e\u0440\u043e\u0434\u0430-e1637780653551-510x248.jpg 510w, https:\/\/arsenalbarber.shop\/wp-content\/uploads\/2021\/11\/-\u041a\u043e\u043c\u043f\u043b\u0435\u043a\u0441-\u0441\u0442\u0440\u0438\u0436\u043a\u0430-\u0411\u043e\u0440\u043e\u0434\u0430-e1637780653551-300x146.jpg 300w, https:\/\/arsenalbarber.shop\/wp-content\/uploads\/2021\/11\/-\u041a\u043e\u043c\u043f\u043b\u0435\u043a\u0441-\u0441\u0442\u0440\u0438\u0436\u043a\u0430-\u0411\u043e\u0440\u043e\u0434\u0430-e1637780653551-768x373.jpg 768w, https:\/\/arsenalbarber.shop\/wp-content\/uploads\/2021\/11\/-\u041a\u043e\u043c\u043f\u043b\u0435\u043a\u0441-\u0441\u0442\u0440\u0438\u0436\u043a\u0430-\u0411\u043e\u0440\u043e\u0434\u0430-e1637780653551-1536x746.jpg 1536w, https:\/\/arsenalbarber.shop\/wp-content\/uploads\/2021\/11\/-\u041a\u043e\u043c\u043f\u043b\u0435\u043a\u0441-\u0441\u0442\u0440\u0438\u0436\u043a\u0430-\u0411\u043e\u0440\u043e\u0434\u0430-e1637780653551-600x291.jpg 600w, https:\/\/arsenalbarber.shop\/wp-content\/uploads\/2021\/11\/-\u041a\u043e\u043c\u043f\u043b\u0435\u043a\u0441-\u0441\u0442\u0440\u0438\u0436\u043a\u0430-\u0411\u043e\u0440\u043e\u0434\u0430-e1637780653551.jpg 1585w\" sizes=\"(max-width: 1020px) 100vw, 1020px\" \/><\/div>\n              <\/div>\n\n\n\t\t<\/div>\n\t\t\t\t\t<\/div>\n\n\t\n\n\t<div id=\"col-1753201751\" class=\"col medium-6 small-12 large-6\"  >\n\t\t\t\t<div class=\"col-inner\"  >\n\t\t\t\n\t\t\t\n\n  <div class=\"banner has-hover\" id=\"banner-264361832\">\n          <div class=\"banner-inner fill\">\n        <div class=\"banner-bg fill\" >\n            <img decoding=\"async\" width=\"1020\" height=\"495\" src=\"https:\/\/arsenalbarber.shop\/wp-content\/uploads\/2021\/11\/\u0411\u0430\u043d\u0435\u0440-\u041a\u043e\u043c\u043f\u043b\u0435\u043a\u0441-\u0441\u0442\u0440\u0438\u0436\u043a\u0430-\u0411\u043e\u0440\u043e\u0434\u0430-\u043f\u0440\u0430\u0432\u044b\u0439-1024x497.jpg\" class=\"bg attachment-large size-large\" alt=\"Stylish confident man\" \/>                                    \n                    <\/div>\n\t\t\n        <div class=\"banner-layers container\">\n            <div class=\"fill banner-link\"><\/div>            \n   <div id=\"text-box-1649098032\" class=\"text-box banner-layer x50 md-x50 lg-x50 y50 md-y50 lg-y50 res-text\">\n                                <div class=\"text-box-content text dark\">\n              \n              <div class=\"text-inner text-center\">\n                  \n              <\/div>\n           <\/div>\n                            \n<style>\n#text-box-1649098032 {\n  width: 60%;\n}\n#text-box-1649098032 .text-box-content {\n  font-size: 100%;\n}\n<\/style>\n    <\/div>\n \n        <\/div>\n      <\/div>\n\n              <div class=\"height-fix is-invisible\"><img decoding=\"async\" width=\"1020\" height=\"495\" src=\"https:\/\/arsenalbarber.shop\/wp-content\/uploads\/2021\/11\/\u0411\u0430\u043d\u0435\u0440-\u041a\u043e\u043c\u043f\u043b\u0435\u043a\u0441-\u0441\u0442\u0440\u0438\u0436\u043a\u0430-\u0411\u043e\u0440\u043e\u0434\u0430-\u043f\u0440\u0430\u0432\u044b\u0439-1024x497.jpg\" class=\"attachment-large size-large\" alt=\"Stylish confident man\" srcset=\"https:\/\/arsenalbarber.shop\/wp-content\/uploads\/2021\/11\/\u0411\u0430\u043d\u0435\u0440-\u041a\u043e\u043c\u043f\u043b\u0435\u043a\u0441-\u0441\u0442\u0440\u0438\u0436\u043a\u0430-\u0411\u043e\u0440\u043e\u0434\u0430-\u043f\u0440\u0430\u0432\u044b\u0439-1024x497.jpg 1024w, https:\/\/arsenalbarber.shop\/wp-content\/uploads\/2021\/11\/\u0411\u0430\u043d\u0435\u0440-\u041a\u043e\u043c\u043f\u043b\u0435\u043a\u0441-\u0441\u0442\u0440\u0438\u0436\u043a\u0430-\u0411\u043e\u0440\u043e\u0434\u0430-\u043f\u0440\u0430\u0432\u044b\u0439-510x247.jpg 510w, https:\/\/arsenalbarber.shop\/wp-content\/uploads\/2021\/11\/\u0411\u0430\u043d\u0435\u0440-\u041a\u043e\u043c\u043f\u043b\u0435\u043a\u0441-\u0441\u0442\u0440\u0438\u0436\u043a\u0430-\u0411\u043e\u0440\u043e\u0434\u0430-\u043f\u0440\u0430\u0432\u044b\u0439-300x146.jpg 300w, https:\/\/arsenalbarber.shop\/wp-content\/uploads\/2021\/11\/\u0411\u0430\u043d\u0435\u0440-\u041a\u043e\u043c\u043f\u043b\u0435\u043a\u0441-\u0441\u0442\u0440\u0438\u0436\u043a\u0430-\u0411\u043e\u0440\u043e\u0434\u0430-\u043f\u0440\u0430\u0432\u044b\u0439-768x372.jpg 768w, https:\/\/arsenalbarber.shop\/wp-content\/uploads\/2021\/11\/\u0411\u0430\u043d\u0435\u0440-\u041a\u043e\u043c\u043f\u043b\u0435\u043a\u0441-\u0441\u0442\u0440\u0438\u0436\u043a\u0430-\u0411\u043e\u0440\u043e\u0434\u0430-\u043f\u0440\u0430\u0432\u044b\u0439-1536x745.jpg 1536w, https:\/\/arsenalbarber.shop\/wp-content\/uploads\/2021\/11\/\u0411\u0430\u043d\u0435\u0440-\u041a\u043e\u043c\u043f\u043b\u0435\u043a\u0441-\u0441\u0442\u0440\u0438\u0436\u043a\u0430-\u0411\u043e\u0440\u043e\u0434\u0430-\u043f\u0440\u0430\u0432\u044b\u0439-600x291.jpg 600w, https:\/\/arsenalbarber.shop\/wp-content\/uploads\/2021\/11\/\u0411\u0430\u043d\u0435\u0440-\u041a\u043e\u043c\u043f\u043b\u0435\u043a\u0441-\u0441\u0442\u0440\u0438\u0436\u043a\u0430-\u0411\u043e\u0440\u043e\u0434\u0430-\u043f\u0440\u0430\u0432\u044b\u0439.jpg 2000w\" sizes=\"(max-width: 1020px) 100vw, 1020px\" \/><\/div>\n              <\/div>\n\n\n\t\t<\/div>\n\t\t\t\t\t<\/div>\n\n\t\n<\/div>\n\t\t<\/div>\n\n\t\t\n<style>\n#section_1180050016 {\n  padding-top: 30px;\n  padding-bottom: 30px;\n  min-height: 400px;\n  background-color: rgb(255,255,255);\n}\n#section_1180050016 .section-bg-overlay {\n  background-color: rgba(0,0,0,.5);\n}\n@media (min-width:550px) {\n  #section_1180050016 {\n    padding-top: 40px;\n    padding-bottom: 40px;\n    min-height: 600px;\n  }\n}\n@media (min-width:850px) {\n  #section_1180050016 {\n    padding-top: 30px;\n    padding-bottom: 30px;\n  }\n}\n<\/style>\n\t<\/section>\n\t\n\n\t<section class=\"section dark\" id=\"section_910756107\">\n\t\t<div class=\"section-bg fill\" >\n\t\t\t\t\t\t\t\t\t\n\t\t\t\n\n\t\t<\/div>\n\n\t\t\n\n\t\t<div class=\"section-content relative\">\n\t\t\t\n<div class=\"row align-center\"  id=\"row-228233338\">\n\n\t<div id=\"col-1893783774\" class=\"col medium-5 small-12 large-5\"  >\n\t\t\t\t<div class=\"col-inner text-center\"  >\n\t\t\t\n\t\t\t\n\t<div id=\"gap-1510690099\" class=\"gap-element clearfix\" style=\"display:block; height:auto;\">\n\t\t\n<style>\n#gap-1510690099 {\n  padding-top: 20px;\n}\n<\/style>\n\t<\/div>\n\t\n\t<div id=\"text-2255228804\" class=\"text\">\n\t\t\n<p>Niciun barber respectat nu va lucra cu produse \u0219i unelte de calitate sc\u0103zut\u0103, prin urmare angaja\u021bii no\u0219tri acord\u0103 o aten\u021bie deosebit\u0103 acestui factor. Doar <a href=\"https:\/\/arsenalbarber.shop\/ro\/produse\/\">produse cosmetice<\/a> de \u00eenalt\u0103 calitate pentru b\u0103rba\u021bi adev\u0103ra\u021bi &#8211; Nishman, doar instrumente profesionale, prelucrate dup\u0103 fiecare client.<br \/>\n\t\t\n<style>\n#text-2255228804 {\n  font-size: 1.3rem;\n}\n<\/style>\n\t<\/div>\n\t\n\t\t<\/div>\n\t\t\t\t\t<\/div>\n\n\t\n\n\t<div id=\"col-1547891154\" class=\"col medium-7 small-12 large-7\"  >\n\t\t\t\t<div class=\"col-inner text-right\"  >\n\t\t\t\n\t\t\t\n\n  <div class=\"banner has-hover\" id=\"banner-1248621331\">\n          <div class=\"banner-inner fill\">\n        <div class=\"banner-bg fill\" >\n            <img decoding=\"async\" width=\"1000\" height=\"690\" src=\"https:\/\/arsenalbarber.shop\/wp-content\/uploads\/2021\/11\/-\u0438\u043d\u0441\u0442\u0440\u0443\u043c\u0435\u043d\u0442-e1637774678590.jpg\" class=\"bg attachment-large size-large\" alt=\"ras royal\" \/>                                    \n                    <\/div>\n\t\t\n        <div class=\"banner-layers container\">\n            <div class=\"fill banner-link\"><\/div>            \n   <div id=\"text-box-24344082\" class=\"text-box banner-layer x50 md-x50 lg-x50 y50 md-y50 lg-y50 res-text\">\n                                <div class=\"text-box-content text dark\">\n              \n              <div class=\"text-inner text-center\">\n                  \n              <\/div>\n           <\/div>\n                            \n<style>\n#text-box-24344082 {\n  width: 60%;\n}\n#text-box-24344082 .text-box-content {\n  font-size: 100%;\n}\n<\/style>\n    <\/div>\n \n        <\/div>\n      <\/div>\n\n              <div class=\"height-fix is-invisible\"><img decoding=\"async\" width=\"1000\" height=\"690\" src=\"https:\/\/arsenalbarber.shop\/wp-content\/uploads\/2021\/11\/-\u0438\u043d\u0441\u0442\u0440\u0443\u043c\u0435\u043d\u0442-e1637774678590.jpg\" class=\"attachment-large size-large\" alt=\"ras royal\" srcset=\"https:\/\/arsenalbarber.shop\/wp-content\/uploads\/2021\/11\/-\u0438\u043d\u0441\u0442\u0440\u0443\u043c\u0435\u043d\u0442-e1637774678590.jpg 1000w, https:\/\/arsenalbarber.shop\/wp-content\/uploads\/2021\/11\/-\u0438\u043d\u0441\u0442\u0440\u0443\u043c\u0435\u043d\u0442-e1637774678590-510x352.jpg 510w, https:\/\/arsenalbarber.shop\/wp-content\/uploads\/2021\/11\/-\u0438\u043d\u0441\u0442\u0440\u0443\u043c\u0435\u043d\u0442-e1637774678590-300x207.jpg 300w, https:\/\/arsenalbarber.shop\/wp-content\/uploads\/2021\/11\/-\u0438\u043d\u0441\u0442\u0440\u0443\u043c\u0435\u043d\u0442-e1637774678590-768x530.jpg 768w, https:\/\/arsenalbarber.shop\/wp-content\/uploads\/2021\/11\/-\u0438\u043d\u0441\u0442\u0440\u0443\u043c\u0435\u043d\u0442-e1637774678590-600x414.jpg 600w\" sizes=\"(max-width: 1000px) 100vw, 1000px\" \/><\/div>\n              <\/div>\n\n\n\t\t<\/div>\n\t\t\t\t\t<\/div>\n\n\t\n<\/div>\n\t\t<\/div>\n\n\t\t\n<style>\n#section_910756107 {\n  padding-top: 40px;\n  padding-bottom: 40px;\n  background-color: #000000;\n}\n@media (min-width:550px) {\n  #section_910756107 {\n    padding-top: 60px;\n    padding-bottom: 60px;\n  }\n}\n@media (min-width:850px) {\n  #section_910756107 {\n    padding-top: 30px;\n    padding-bottom: 30px;\n  }\n}\n<\/style>\n\t<\/section>\n\t\n\n\t<section class=\"section dark\" id=\"section_1431335191\">\n\t\t<div class=\"section-bg fill\" >\n\t\t\t\t\t\t\t\t\t\n\t\t\t\n\n\t\t<\/div>\n\n\t\t\n\n\t\t<div class=\"section-content relative\">\n\t\t\t\n<div class=\"row row-full-width\"  id=\"row-1566984667\">\n\n\t<div id=\"col-394530021\" class=\"col medium-4 small-12 large-4\"  >\n\t\t\t\t<div class=\"col-inner text-center\"  >\n\t\t\t\n\t\t\t\n\n  <div class=\"banner has-hover\" id=\"banner-24982499\">\n          <div class=\"banner-inner fill\">\n        <div class=\"banner-bg fill\" >\n            <img decoding=\"async\" width=\"1020\" height=\"484\" src=\"https:\/\/arsenalbarber.shop\/wp-content\/uploads\/2021\/10\/81vLQS64GRL._SL1500_-1024x486.png\" class=\"bg attachment-large size-large\" alt=\"Nishman products\" \/>                                    \n                    <\/div>\n\t\t\n        <div class=\"banner-layers container\">\n            <div class=\"fill banner-link\"><\/div>            \n   <div id=\"text-box-1653131919\" class=\"text-box banner-layer x50 md-x50 lg-x50 y50 md-y50 lg-y50 res-text\">\n                                <div class=\"text-box-content text dark\">\n              \n              <div class=\"text-inner text-center\">\n                  \n              <\/div>\n           <\/div>\n                            \n<style>\n#text-box-1653131919 {\n  width: 60%;\n}\n#text-box-1653131919 .text-box-content {\n  font-size: 100%;\n}\n<\/style>\n    <\/div>\n \n        <\/div>\n      <\/div>\n\n            \n<style>\n#banner-24982499 {\n  padding-top: 80%;\n}\n#banner-24982499 .banner-bg img {\n  object-position: 100% 0%;\n}\n<\/style>\n  <\/div>\n\n\n\t<div id=\"gap-1001113100\" class=\"gap-element clearfix\" style=\"display:block; height:auto;\">\n\t\t\n<style>\n#gap-1001113100 {\n  padding-top: 30px;\n}\n<\/style>\n\t<\/div>\n\t\n\t\t<\/div>\n\t\t\t\t\t<\/div>\n\n\t\n\n\t<div id=\"col-1923695306\" class=\"col medium-8 small-12 large-8\"  >\n\t\t\t\t<div class=\"col-inner text-center\"  >\n\t\t\t\n\t\t\t\n\t<div id=\"text-3901835682\" class=\"text\">\n\t\t\n<p>Costul unui complex de servicii pentru frizur\u0103 b\u0103rb\u0103teasc\u0103 \u0219i modelarea b\u0103rbii la Arsenal Barbershop este de la 400 la 500 de lei. Un pre\u021b mic de pl\u0103tit pentru stil, aspect bine \u00eengrijit \u0219i \u00eencredere \u00een sine. Complexul va dura \u00een medie aproximativ 60 de minute din timpul dumneavoastr\u0103.<\/p>\n<p>O frizur\u0103 include sp\u0103larea p\u0103rului dup\u0103 proces cu utilizarea produselor cosmetice profesionale, precum \u0219i finisarea coafurii. Modelarea b\u0103rbii este egalizarea lungimii b\u0103rbii \u0219i a musta\u021bei, piept\u0103narea \u0219i alinierea direc\u021biei de cre\u0219tere a p\u0103rului, \u00eendep\u0103rtarea p\u0103rului din afara barbii, coafarea b\u0103rbii \u0219i a musta\u021bei folosind produse cosmetice profesionale <a href=\"https:\/\/nishman.com.tr\/\" target=\"_blank\" rel=\"noopener\">Nishman<\/a>.<\/p>\n\t\t\n<style>\n#text-3901835682 {\n  font-size: 1.2rem;\n  text-align: left;\n}\n<\/style>\n\t<\/div>\n\t\n<a href=\"https:\/\/arsenalbarber.shop\/ro\/produse\/\" class=\"button white is-outline\" style=\"border-radius:99px;padding:5px 20px 0px 20px;\">\n\t\t<span>\u00cen catalog<\/span>\n\t<i class=\"icon-angle-right\" aria-hidden=\"true\" ><\/i><\/a>\n\n\t\t<\/div>\n\t\t\t\t\t<\/div>\n\n\t\n<\/div>\n\t\t<\/div>\n\n\t\t\n<style>\n#section_1431335191 {\n  padding-top: 40px;\n  padding-bottom: 40px;\n  background-color: rgb(53, 53, 53);\n}\n@media (min-width:550px) {\n  #section_1431335191 {\n    padding-top: 60px;\n    padding-bottom: 60px;\n  }\n}\n@media (min-width:850px) {\n  #section_1431335191 {\n    padding-top: 60px;\n    padding-bottom: 60px;\n  }\n}\n<\/style>\n\t<\/section>\n\t\n\n\t<section class=\"section dark\" id=\"section_1034669111\">\n\t\t<div class=\"section-bg fill\" >\n\t\t\t\t\t\t\t\t\t\n\t\t\t\n\n\t\t<\/div>\n\n\t\t\n\n\t\t<div class=\"section-content relative\">\n\t\t\t\n<div class=\"row align-center\" style=\"max-width:700px\" id=\"row-1840689747\">\n\n\t<div id=\"col-1235154725\" class=\"col small-12 large-12\"  >\n\t\t\t\t<div class=\"col-inner\"  >\n\t\t\t\n\t\t\t\n\t<div id=\"text-3243139549\" class=\"text\">\n\t\t\n<p>Arsenal Barbershop nu este doar o frizerie. Aici e este o atmosfer\u0103 b\u0103rb\u0103teasc\u0103, o companie pl\u0103cut\u0103, un loc de odihn\u0103 \u0219i relaxare. Arsenal Barbershop este un club pentru b\u0103rba\u021bi adev\u0103ra\u021bi. Nimeni nu va r\u0103m\u00e2ne indiferent.<\/p>\n\t\t\n<style>\n#text-3243139549 {\n  font-size: 1.2rem;\n  text-align: center;\n}\n<\/style>\n\t<\/div>\n\t\n\t\t<\/div>\n\t\t\t\t\t<\/div>\n\n\t\n\n\t<div id=\"col-96911792\" class=\"col small-12 large-12\"  >\n\t\t\t\t<div class=\"col-inner text-center\"  >\n\t\t\t\n\t\t\t\n<a href=\"https:\/\/arsenalbarber.shop\/ro\/despre-companie\/\" class=\"button white is-outline is-small\" style=\"border-radius:99px;\">\n\t\t<span>mai mult despre noi<\/span>\n\t<i class=\"icon-angle-right\" aria-hidden=\"true\" ><\/i><\/a>\n\n\t\t<\/div>\n\t\t\t\t\t<\/div>\n\n\t\n<\/div>\n\t\t<\/div>\n\n\t\t\n<style>\n#section_1034669111 {\n  padding-top: 0px;\n  padding-bottom: 0px;\n  background-color: rgb(35, 35, 35);\n}\n@media (min-width:550px) {\n  #section_1034669111 {\n    padding-top: 60px;\n    padding-bottom: 60px;\n  }\n}\n@media (min-width:850px) {\n  #section_1034669111 {\n    padding-top: 61px;\n    padding-bottom: 61px;\n  }\n}\n<\/style>\n\t<\/section>","protected":false},"excerpt":{"rendered":"","protected":false},"author":1,"featured_media":1280,"parent":144,"menu_order":0,"comment_status":"closed","ping_status":"closed","template":"page-blank.php","meta":{"footnotes":""},"class_list":["post-174","page","type-page","status-publish","has-post-thumbnail","hentry"],"_links":{"self":[{"href":"https:\/\/arsenalbarber.shop\/ro\/wp-json\/wp\/v2\/pages\/174","targetHints":{"allow":["GET"]}}],"collection":[{"href":"https:\/\/arsenalbarber.shop\/ro\/wp-json\/wp\/v2\/pages"}],"about":[{"href":"https:\/\/arsenalbarber.shop\/ro\/wp-json\/wp\/v2\/types\/page"}],"author":[{"embeddable":true,"href":"https:\/\/arsenalbarber.shop\/ro\/wp-json\/wp\/v2\/users\/1"}],"replies":[{"embeddable":true,"href":"https:\/\/arsenalbarber.shop\/ro\/wp-json\/wp\/v2\/comments?post=174"}],"version-history":[{"count":40,"href":"https:\/\/arsenalbarber.shop\/ro\/wp-json\/wp\/v2\/pages\/174\/revisions"}],"predecessor-version":[{"id":1848,"href":"https:\/\/arsenalbarber.shop\/ro\/wp-json\/wp\/v2\/pages\/174\/revisions\/1848"}],"up":[{"embeddable":true,"href":"https:\/\/arsenalbarber.shop\/ro\/wp-json\/wp\/v2\/pages\/144"}],"wp:featuredmedia":[{"embeddable":true,"href":"https:\/\/arsenalbarber.shop\/ro\/wp-json\/wp\/v2\/media\/1280"}],"wp:attachment":[{"href":"https:\/\/arsenalbarber.shop\/ro\/wp-json\/wp\/v2\/media?parent=174"}],"curies":[{"name":"wp","href":"https:\/\/api.w.org\/{rel}","templated":true}]}}