{"id":170,"date":"2021-10-11T09:41:41","date_gmt":"2021-10-11T09:41:41","guid":{"rendered":"https:\/\/arsenalbarber.shop\/?page_id=170"},"modified":"2025-03-02T14:12:49","modified_gmt":"2025-03-02T14:12:49","slug":"frizura-pentru-barbati","status":"publish","type":"page","link":"https:\/\/arsenalbarber.shop\/ro\/servicii\/frizura-pentru-barbati\/","title":{"rendered":"Frizur\u0103 pentru b\u0103rba\u021bi"},"content":{"rendered":"<div class=\"banner has-hover\" id=\"banner-616469822\">\n          <div class=\"banner-inner fill\">\n        <div class=\"banner-bg fill\" >\n                                                \n                    <\/div>\n\t\t\n        <div class=\"banner-layers container\">\n            <div class=\"fill banner-link\"><\/div>            \n   <div id=\"text-box-244693328\" class=\"text-box banner-layer x0 md-x0 lg-x0 y50 md-y50 lg-y50 res-text\">\n                                <div class=\"text-box-content text dark\">\n              \n              <div class=\"text-inner text-center\">\n                  \n\t<div id=\"text-3403796114\" class=\"text\">\n\t\t\n<h2><span style=\"font-size: 50%;\">ARSENAL BARBERSHOP<\/span><\/h2>\n\t\t\n<style>\n#text-3403796114 {\n  font-size: 0.75rem;\n}\n<\/style>\n\t<\/div>\n\t\n\t<div id=\"text-3015435357\" class=\"text\">\n\t\t\n<h1 class=\"uppercase\"><span style=\"font-size: 50%;\"><strong>frizur\u0103 pentru b\u0103rba\u021bi<\/strong><\/span><\/h1>\n\t\t\n<style>\n#text-3015435357 {\n  font-size: 1rem;\n}\n<\/style>\n\t<\/div>\n\t\n              <\/div>\n           <\/div>\n                            \n<style>\n#text-box-244693328 {\n  width: 100%;\n}\n#text-box-244693328 .text-box-content {\n  font-size: 50%;\n}\n@media (min-width:550px) {\n  #text-box-244693328 {\n    width: 60%;\n  }\n}\n<\/style>\n    <\/div>\n \n        <\/div>\n      <\/div>\n\n            \n<style>\n#banner-616469822 {\n  padding-top: 60%;\n  background-color: #08090d;\n}\n@media (min-width:550px) {\n  #banner-616469822 {\n    padding-top: 15%;\n  }\n}\n<\/style>\n  <\/div>\n\n\n\n\t<section class=\"section dark\" id=\"section_1132981294\">\n\t\t<div class=\"section-bg fill\" >\n\t\t\t\t\t\t\t\t\t<div class=\"section-bg-overlay absolute fill\"><\/div>\n\t\t\t\n\n\t\t<\/div>\n\n\t\t\n\n\t\t<div class=\"section-content relative\">\n\t\t\t\n<div class=\"row align-center\"  id=\"row-31145365\">\n\n\t<div id=\"col-1407039434\" class=\"col medium-9 small-12 large-12\"  >\n\t\t\t\t<div class=\"col-inner text-center\"  >\n\t\t\t\n\t\t\t\n\t<div id=\"text-4173134978\" class=\"text\">\n\t\t\n<h2><span style=\"font-size: 80%;\">Frizur\u0103 pentru b\u0103rba\u021bi la Arsenal Barbershop<\/span><\/h2>\n\t\t\n<style>\n#text-4173134978 {\n  font-size: 1.3rem;\n}\n<\/style>\n\t<\/div>\n\t\n\t<div id=\"text-3502733535\" class=\"text\">\n\t\t\n<p>Ast\u0103zi, b\u0103rba\u021bii au o alegere uria\u0219\u0103 \u00een ceea ce prive\u0219te coafura \u0219i alegerea unei tunsori devine o sarcin\u0103 descurajant\u0103. Dac\u0103 vrei s\u0103 ar\u0103\u021bi bine \u00eengrijit \u0219i elegant, Arsenal Barbershop este ceea ce ai nevoie. Tendin\u021bele modei pentru b\u0103rba\u021bi se schimb\u0103 at\u00e2t de repede \u00eenc\u00e2t doar profesioni\u0219tii adev\u0103ra\u021bi le pot urm\u0103ri.<\/p>\n<p>Barberii no\u0219tri te vor ajuta cu alegerea unei tunsori potrivite \u0219i o vor efectua \u00een cel mai bun mod posibil. To\u021bi lucr\u0103torii no\u0219tri sunt con\u0219tien\u021bi de cele mai recente tendin\u021be \u0219i stiluri populare pentru b\u0103rba\u021bi \u0219i b\u0103ie\u021bi \u0219i sunt gata s\u0103 te ofere orice frizur\u0103 pe care vei fi m\u00e2ndru s\u0103 o por\u021bi.<\/p>\n<p>Pentru a face prima impresie, sim\u021bindu-te impecabil, demonstr\u00e2nd stilul t\u0103u unic altora, \u00een primul r\u00e2nd, te ajut\u0103 tunsoarea ta.<\/p>\n<p>O tunsoare bine aleas\u0103 pentru un b\u0103rbat nu se refer\u0103 doar la aspect vizual, ci \u00ee\u021bi modeleaz\u0103 stilul, reflect\u0103 caracterul \u0219i modul t\u0103u de via\u021b\u0103. O tunsoare bun\u0103 este cheia \u00eencrederii \u00een sine.<br \/>\n\t\t\n<style>\n#text-3502733535 {\n  text-align: left;\n}\n<\/style>\n\t<\/div>\n\t\n\t\t<\/div>\n\t\t\t\t\t<\/div>\n\n\t\n<\/div>\n<div class=\"row\"  id=\"row-82645132\">\n\n\t<div id=\"col-382800050\" class=\"col medium-3 small-6 large-3\"  >\n\t\t\t\t<div class=\"col-inner\"  >\n\t\t\t\n\t\t\t\n\n  <div class=\"banner has-hover\" id=\"banner-82994657\">\n          <div class=\"banner-inner fill\">\n        <div class=\"banner-bg fill\" >\n            <img decoding=\"async\" width=\"500\" height=\"500\" src=\"https:\/\/arsenalbarber.shop\/wp-content\/uploads\/2021\/10\/man-haircut1.jpg\" class=\"bg attachment-large size-large\" alt=\"\" \/>                                    \n                    <\/div>\n\t\t\n        <div class=\"banner-layers container\">\n            <div class=\"fill banner-link\"><\/div>            \n   <div id=\"text-box-351735517\" class=\"text-box banner-layer x50 md-x50 lg-x50 y50 md-y50 lg-y50 res-text\">\n                                <div class=\"text-box-content text dark\">\n              \n              <div class=\"text-inner text-center\">\n                  \n              <\/div>\n           <\/div>\n                            \n<style>\n#text-box-351735517 {\n  width: 60%;\n}\n#text-box-351735517 .text-box-content {\n  font-size: 100%;\n}\n<\/style>\n    <\/div>\n \n        <\/div>\n      <\/div>\n\n            \n<style>\n#banner-82994657 {\n  padding-top: 99.99%;\n}\n<\/style>\n  <\/div>\n\n\n\t\t<\/div>\n\t\t\t\t\t<\/div>\n\n\t\n\n\t<div id=\"col-22075152\" class=\"col medium-3 small-6 large-3\"  >\n\t\t\t\t<div class=\"col-inner\"  >\n\t\t\t\n\t\t\t\n\n  <div class=\"banner has-hover\" id=\"banner-1334268831\">\n          <div class=\"banner-inner fill\">\n        <div class=\"banner-bg fill\" >\n            <img decoding=\"async\" width=\"1000\" height=\"1000\" src=\"https:\/\/arsenalbarber.shop\/wp-content\/uploads\/2021\/10\/man-haircut2.jpg\" class=\"bg attachment-large size-large\" alt=\"\" \/>                                    \n                    <\/div>\n\t\t\n        <div class=\"banner-layers container\">\n            <div class=\"fill banner-link\"><\/div>            \n   <div id=\"text-box-271231939\" class=\"text-box banner-layer x50 md-x50 lg-x50 y50 md-y50 lg-y50 res-text\">\n                                <div class=\"text-box-content text dark\">\n              \n              <div class=\"text-inner text-center\">\n                  \n              <\/div>\n           <\/div>\n                            \n<style>\n#text-box-271231939 {\n  width: 60%;\n}\n#text-box-271231939 .text-box-content {\n  font-size: 100%;\n}\n<\/style>\n    <\/div>\n \n        <\/div>\n      <\/div>\n\n            \n<style>\n#banner-1334268831 {\n  padding-top: 99.99%;\n}\n<\/style>\n  <\/div>\n\n\n\t\t<\/div>\n\t\t\t\t\t<\/div>\n\n\t\n\n\t<div id=\"col-1752784624\" class=\"col medium-3 small-6 large-3\"  >\n\t\t\t\t<div class=\"col-inner\"  >\n\t\t\t\n\t\t\t\n\n  <div class=\"banner has-hover\" id=\"banner-591149394\">\n          <div class=\"banner-inner fill\">\n        <div class=\"banner-bg fill\" >\n            <img decoding=\"async\" width=\"1020\" height=\"1020\" src=\"https:\/\/arsenalbarber.shop\/wp-content\/uploads\/2021\/11\/4f8130844e31a4e9bf7526fa72bf2d36-1024x1024.jpg\" class=\"bg attachment-large size-large\" alt=\"Frizura barbati\" \/>                                    \n                    <\/div>\n\t\t\n        <div class=\"banner-layers container\">\n            <div class=\"fill banner-link\"><\/div>            \n   <div id=\"text-box-245529471\" class=\"text-box banner-layer x50 md-x50 lg-x50 y50 md-y50 lg-y50 res-text\">\n                                <div class=\"text-box-content text dark\">\n              \n              <div class=\"text-inner text-center\">\n                  \n              <\/div>\n           <\/div>\n                            \n<style>\n#text-box-245529471 {\n  width: 60%;\n}\n#text-box-245529471 .text-box-content {\n  font-size: 100%;\n}\n<\/style>\n    <\/div>\n \n        <\/div>\n      <\/div>\n\n              <div class=\"height-fix is-invisible\"><img decoding=\"async\" width=\"1020\" height=\"1020\" src=\"https:\/\/arsenalbarber.shop\/wp-content\/uploads\/2021\/11\/4f8130844e31a4e9bf7526fa72bf2d36-1024x1024.jpg\" class=\"attachment-large size-large\" alt=\"Frizura barbati\" srcset=\"https:\/\/arsenalbarber.shop\/wp-content\/uploads\/2021\/11\/4f8130844e31a4e9bf7526fa72bf2d36-1024x1024.jpg 1024w, https:\/\/arsenalbarber.shop\/wp-content\/uploads\/2021\/11\/4f8130844e31a4e9bf7526fa72bf2d36-100x100.jpg 100w, https:\/\/arsenalbarber.shop\/wp-content\/uploads\/2021\/11\/4f8130844e31a4e9bf7526fa72bf2d36-510x510.jpg 510w, https:\/\/arsenalbarber.shop\/wp-content\/uploads\/2021\/11\/4f8130844e31a4e9bf7526fa72bf2d36-300x300.jpg 300w, https:\/\/arsenalbarber.shop\/wp-content\/uploads\/2021\/11\/4f8130844e31a4e9bf7526fa72bf2d36-150x150.jpg 150w, https:\/\/arsenalbarber.shop\/wp-content\/uploads\/2021\/11\/4f8130844e31a4e9bf7526fa72bf2d36-768x768.jpg 768w, https:\/\/arsenalbarber.shop\/wp-content\/uploads\/2021\/11\/4f8130844e31a4e9bf7526fa72bf2d36-600x600.jpg 600w, https:\/\/arsenalbarber.shop\/wp-content\/uploads\/2021\/11\/4f8130844e31a4e9bf7526fa72bf2d36.jpg 1080w\" sizes=\"(max-width: 1020px) 100vw, 1020px\" \/><\/div>\n              <\/div>\n\n\n\t\t<\/div>\n\t\t\t\t\t<\/div>\n\n\t\n\n\t<div id=\"col-1012972508\" class=\"col medium-3 small-6 large-3\"  >\n\t\t\t\t<div class=\"col-inner\"  >\n\t\t\t\n\t\t\t\n\n  <div class=\"banner has-hover\" id=\"banner-1297315253\">\n          <div class=\"banner-inner fill\">\n        <div class=\"banner-bg fill\" >\n            <img decoding=\"async\" width=\"554\" height=\"554\" src=\"https:\/\/arsenalbarber.shop\/wp-content\/uploads\/2021\/11\/1-7.jpg\" class=\"bg attachment-large size-large\" alt=\"Man with beard\" \/>                                    \n                    <\/div>\n\t\t\n        <div class=\"banner-layers container\">\n            <div class=\"fill banner-link\"><\/div>            \n   <div id=\"text-box-302111507\" class=\"text-box banner-layer x50 md-x50 lg-x50 y50 md-y50 lg-y50 res-text\">\n                                <div class=\"text-box-content text dark\">\n              \n              <div class=\"text-inner text-center\">\n                  \n              <\/div>\n           <\/div>\n                            \n<style>\n#text-box-302111507 {\n  width: 60%;\n}\n#text-box-302111507 .text-box-content {\n  font-size: 100%;\n}\n<\/style>\n    <\/div>\n \n        <\/div>\n      <\/div>\n\n              <div class=\"height-fix is-invisible\"><img decoding=\"async\" width=\"554\" height=\"554\" src=\"https:\/\/arsenalbarber.shop\/wp-content\/uploads\/2021\/11\/1-7.jpg\" class=\"attachment-large size-large\" alt=\"Man with beard\" srcset=\"https:\/\/arsenalbarber.shop\/wp-content\/uploads\/2021\/11\/1-7.jpg 554w, https:\/\/arsenalbarber.shop\/wp-content\/uploads\/2021\/11\/1-7-100x100.jpg 100w, https:\/\/arsenalbarber.shop\/wp-content\/uploads\/2021\/11\/1-7-510x510.jpg 510w, https:\/\/arsenalbarber.shop\/wp-content\/uploads\/2021\/11\/1-7-300x300.jpg 300w, https:\/\/arsenalbarber.shop\/wp-content\/uploads\/2021\/11\/1-7-150x150.jpg 150w\" sizes=\"(max-width: 554px) 100vw, 554px\" \/><\/div>\n              <\/div>\n\n\n\t\t<\/div>\n\t\t\t\t\t<\/div>\n\n\t\n<\/div>\n\t\t<\/div>\n\n\t\t\n<style>\n#section_1132981294 {\n  padding-top: 50px;\n  padding-bottom: 50px;\n  background-color: #3b3b39;\n}\n#section_1132981294 .section-bg-overlay {\n  background-color: rgba(0,0,0,.5);\n}\n@media (min-width:550px) {\n  #section_1132981294 {\n    padding-top: 90px;\n    padding-bottom: 90px;\n  }\n}\n@media (min-width:850px) {\n  #section_1132981294 {\n    padding-top: 30px;\n    padding-bottom: 30px;\n  }\n}\n<\/style>\n\t<\/section>\n\t\n\n\t<section class=\"section\" id=\"section_1242737805\">\n\t\t<div class=\"section-bg fill\" >\n\t\t\t\t\t\t\t\t\t\n\t\t\t\n\n\t\t<\/div>\n\n\t\t\n\n\t\t<div class=\"section-content relative\">\n\t\t\t\n\t<div id=\"text-2773254716\" class=\"text\">\n\t\t\n<p><span style=\"font-size: 130%;\">Sarcina barberului este de a discuta cu clientul dorin\u021bele, precum \u0219i de a transpune aceste dorin\u021be \u00een realitate c\u00e2t mai competent \u0219i corect. C\u00e2nd vine vorba de tunsori, lucr\u0103torii no\u0219tri \u00ee\u021bi tund \u0219i coafeaz\u0103 p\u0103rul folosind o gam\u0103 larg\u0103 de tehnici \u0219i instrumente.<\/span><\/p>\n<p><span style=\"font-size: 130%;\">O parte a meserii unui barber este s\u0103 \u021bin\u0103 mereu cont de igien\u0103 \u0219i siguran\u021b\u0103. Personalul nostru este instruit \u0219i lucreaz\u0103 \u00een a\u0219a fel \u00eenc\u00e2t s\u0103 respecte toate regulile pentru a se proteja pe sine \u0219i pe client de orice riscuri pentru s\u0103n\u0103tate.<\/span><br \/>\n\t\t\n<style>\n#text-2773254716 {\n  text-align: center;\n}\n<\/style>\n\t<\/div>\n\t\n\t<div id=\"gap-742367126\" class=\"gap-element clearfix\" style=\"display:block; height:auto;\">\n\t\t\n<style>\n#gap-742367126 {\n  padding-top: 63px;\n}\n<\/style>\n\t<\/div>\n\t\n<div class=\"row\"  id=\"row-688577118\">\n\n\t<div id=\"col-119133308\" class=\"col medium-7 small-12 large-7\"  >\n\t\t\t\t<div class=\"col-inner text-center\"  >\n\t\t\t\n\t\t\t\n\t<div id=\"text-1488742935\" class=\"text\">\n\t\t\n<p>Nu uita\u021bi de s\u0103n\u0103tatea p\u0103rului \u0219i a pielii, de aceea, <a href=\"https:\/\/arsenalbarber.shop\/produse\/\">produsele cosmetice<\/a> folosite atunci c\u00e2nd lucr\u0103m cu p\u0103rul sunt extrem de importante. Folosim numai produse de calitate din seria profesional\u0103 de \u00eengrijire a p\u0103rului \u0219i a pielii <a href=\"https:\/\/nishman.com.tr\/urun-kategori\/skin-care\/page\/2\/\" target=\"_blank\" rel=\"noopener\">Nishman<\/a>. Un p\u0103r bine \u00eengrijit este la fel de important ca o tunsoare corect\u0103. Vom acorda o aten\u021bie deosebit\u0103 tipului de p\u0103r \u0219i piele al fiec\u0103rui client, vom ob\u021bine lux \u0219i luciu \u00een fiecare detaliu.<br \/>\n\t\t\n<style>\n#text-1488742935 {\n  font-size: 1.3rem;\n}\n<\/style>\n\t<\/div>\n\t\n<a href=\"https:\/\/arsenalbarber.shop\/ro\/produse\/\" class=\"button white is-outline is-large\" style=\"border-radius:99px;padding:px 20px 0px 20px;\">\n\t\t<span>catalog<\/span>\n\t<i class=\"icon-angle-right\" aria-hidden=\"true\" ><\/i><\/a>\n\n\t\t<\/div>\n\t\t\t\t\t<\/div>\n\n\t\n\n\t<div id=\"col-1533961308\" class=\"col medium-5 small-12 large-5\"  >\n\t\t\t\t<div class=\"col-inner\"  >\n\t\t\t\n\t\t\t\n\t<div class=\"img has-hover x md-x lg-x y md-y lg-y\" id=\"image_99587952\">\n\t\t\t\t\t\t\t\t<div class=\"img-inner image-cover dark\" style=\"padding-top:64%;\">\n\t\t\t<img decoding=\"async\" width=\"731\" height=\"454\" src=\"https:\/\/arsenalbarber.shop\/wp-content\/uploads\/2021\/11\/Nishman-for-hair.jpg\" class=\"attachment-large size-large\" alt=\"Produse Nishman\" srcset=\"https:\/\/arsenalbarber.shop\/wp-content\/uploads\/2021\/11\/Nishman-for-hair.jpg 731w, https:\/\/arsenalbarber.shop\/wp-content\/uploads\/2021\/11\/Nishman-for-hair-510x317.jpg 510w, https:\/\/arsenalbarber.shop\/wp-content\/uploads\/2021\/11\/Nishman-for-hair-300x186.jpg 300w, https:\/\/arsenalbarber.shop\/wp-content\/uploads\/2021\/11\/Nishman-for-hair-600x373.jpg 600w\" sizes=\"(max-width: 731px) 100vw, 731px\" \/>\t\t\t\t\t\t\n\t\t\t\t\t<\/div>\n\t\t\t\t\t\t\t\t\n<style>\n#image_99587952 {\n  width: 100%;\n}\n<\/style>\n\t<\/div>\n\t\n\t\t<\/div>\n\t\t\t\t\t<\/div>\n\n\t\n<\/div>\n\t\t<\/div>\n\n\t\t\n<style>\n#section_1242737805 {\n  padding-top: 30px;\n  padding-bottom: 30px;\n  background-color: #3b3b39;\n}\n<\/style>\n\t<\/section>\n\t\n\n\t<section class=\"section dark\" id=\"section_2074537981\">\n\t\t<div class=\"section-bg fill\" >\n\t\t\t\t\t\t\t\t\t\n\t\t\t\n\n\t\t<\/div>\n\n\t\t\n\n\t\t<div class=\"section-content relative\">\n\t\t\t\n\t<div id=\"gap-403542294\" class=\"gap-element clearfix\" style=\"display:block; height:auto;\">\n\t\t\n<style>\n#gap-403542294 {\n  padding-top: 30px;\n}\n<\/style>\n\t<\/div>\n\t\n<div class=\"row\"  id=\"row-1190347025\">\n\n\t<div id=\"col-742526570\" class=\"col medium-8 small-12 large-8\"  >\n\t\t\t\t<div class=\"col-inner\"  >\n\t\t\t\n\t\t\t\n\t<div id=\"text-2102362866\" class=\"text\">\n\t\t\n<p>To\u021bi barberii no\u0219tri au o vast\u0103 experien\u021b\u0103 \u00een comunicarea cu clien\u021bii, \u00een\u021beleg \u0219i anticipeaz\u0103 dorin\u021bele acestora. Munca de calitate este \u00eentotdeauna apreciat\u0103. Recompensa noastr\u0103 este un client mul\u021bumit, iar scopul nostru principal este s\u0103 te dep\u0103\u0219im a\u0219tept\u0103rile. Costul serviciului frizur\u0103 pentru b\u0103rba\u021bi la Arsenal Barbershop este de la 300 la 400 de lei. Un pre\u021b rezonabil pentru stil, aspect bine \u00eengrijit \u0219i \u00eencredere \u00een sine. Pe l\u00e2ng\u0103 frizur\u0103, serviciul include sp\u0103larea capului dup\u0103 proces cu utilizarea produselor cosmetice profesionale, precum \u0219i finisarea coafurii. Arsenal Barbershop nu este doar un salon. Aici e o atmosfer\u0103 b\u0103rb\u0103teasc\u0103, o companie pl\u0103cut\u0103, un loc de odihn\u0103 \u0219i relaxare. Arsenal Barbershop este un club pentru b\u0103rba\u021bi adev\u0103ra\u021bi. Nimeni nu va r\u0103m\u00e2ne indiferent.<\/p>\n\t\t\n<style>\n#text-2102362866 {\n  font-size: 1.2rem;\n}\n@media (min-width:550px) {\n  #text-2102362866 {\n    font-size: 1.2rem;\n  }\n}\n<\/style>\n\t<\/div>\n\t\n\t\t<\/div>\n\t\t\t\t\t<\/div>\n\n\t\n\n\t<div id=\"col-1395848105\" class=\"col medium-4 small-12 large-4\"  >\n\t\t\t\t<div class=\"col-inner text-center\"  >\n\t\t\t\n\t\t\t\n\t<div id=\"gap-1879310797\" class=\"gap-element clearfix\" style=\"display:block; height:auto;\">\n\t\t\n<style>\n#gap-1879310797 {\n  padding-top: 5px;\n}\n<\/style>\n\t<\/div>\n\t\n<a href=\"https:\/\/arsenalbarber.shop\/ro\/despre-companie\/\" class=\"button white is-outline is-smaller\" style=\"border-radius:99px;padding:5px 30px 5px 30px;\">\n\t\t<span>mai mult despre noi<\/span>\n\t<i class=\"icon-angle-right\" aria-hidden=\"true\" ><\/i><\/a>\n\n\t\t<\/div>\n\t\t\t\t\n<style>\n#col-1395848105 > .col-inner {\n  padding: 185px 0px 0px 0px;\n}\n<\/style>\n\t<\/div>\n\n\t\n<\/div>\n\t\t<\/div>\n\n\t\t\n<style>\n#section_2074537981 {\n  padding-top: 30px;\n  padding-bottom: 30px;\n  background-color: rgb(168, 177, 171);\n}\n@media (min-width:550px) {\n  #section_2074537981 {\n    padding-top: 60px;\n    padding-bottom: 60px;\n  }\n}\n@media (min-width:850px) {\n  #section_2074537981 {\n    padding-top: 0px;\n    padding-bottom: 0px;\n  }\n}\n<\/style>\n\t<\/section>","protected":false},"excerpt":{"rendered":"","protected":false},"author":1,"featured_media":0,"parent":144,"menu_order":0,"comment_status":"closed","ping_status":"closed","template":"page-blank.php","meta":{"footnotes":""},"class_list":["post-170","page","type-page","status-publish","hentry"],"_links":{"self":[{"href":"https:\/\/arsenalbarber.shop\/ro\/wp-json\/wp\/v2\/pages\/170","targetHints":{"allow":["GET"]}}],"collection":[{"href":"https:\/\/arsenalbarber.shop\/ro\/wp-json\/wp\/v2\/pages"}],"about":[{"href":"https:\/\/arsenalbarber.shop\/ro\/wp-json\/wp\/v2\/types\/page"}],"author":[{"embeddable":true,"href":"https:\/\/arsenalbarber.shop\/ro\/wp-json\/wp\/v2\/users\/1"}],"replies":[{"embeddable":true,"href":"https:\/\/arsenalbarber.shop\/ro\/wp-json\/wp\/v2\/comments?post=170"}],"version-history":[{"count":54,"href":"https:\/\/arsenalbarber.shop\/ro\/wp-json\/wp\/v2\/pages\/170\/revisions"}],"predecessor-version":[{"id":1846,"href":"https:\/\/arsenalbarber.shop\/ro\/wp-json\/wp\/v2\/pages\/170\/revisions\/1846"}],"up":[{"embeddable":true,"href":"https:\/\/arsenalbarber.shop\/ro\/wp-json\/wp\/v2\/pages\/144"}],"wp:attachment":[{"href":"https:\/\/arsenalbarber.shop\/ro\/wp-json\/wp\/v2\/media?parent=170"}],"curies":[{"name":"wp","href":"https:\/\/api.w.org\/{rel}","templated":true}]}}