{"id":116,"date":"2021-10-11T06:25:45","date_gmt":"2021-10-11T06:25:45","guid":{"rendered":"https:\/\/arsenalbarber.shop\/?page_id=116"},"modified":"2021-12-24T11:01:06","modified_gmt":"2021-12-24T11:01:06","slug":"home","status":"publish","type":"page","link":"https:\/\/arsenalbarber.shop\/ro\/","title":{"rendered":"Principal\u0103"},"content":{"rendered":"\n  <div class=\"banner has-hover is-full-height hide-for-medium\" id=\"banner-1211615338\">\n          <div class=\"banner-inner fill\">\n        <div class=\"banner-bg fill\" >\n            <img decoding=\"async\" width=\"2200\" height=\"1045\" src=\"https:\/\/arsenalbarber.shop\/wp-content\/uploads\/2021\/12\/Banner-main.png\" class=\"bg attachment-original size-original\" alt=\"Banner main\" \/>                                    \n\t<div class=\"is-border\"\n\t\tstyle=\"border-width:0px 0px 0px 0px;\">\n\t<\/div>\n                    <\/div>\n\t\t\n        <div class=\"banner-layers container\">\n            <div class=\"fill banner-link\"><\/div>            \n        <\/div>\n      <\/div>\n\n            \n<style>\n#banner-1211615338 {\n  padding-top: 100%;\n}\n#banner-1211615338 .banner-bg img {\n  object-position: 83% 0%;\n}\n@media (min-width:550px) {\n  #banner-1211615338 {\n    padding-top: 100%;\n  }\n}\n<\/style>\n  <\/div>\n\n\n\n  <div class=\"banner has-hover is-full-height show-for-medium\" id=\"banner-1320384125\">\n          <div class=\"banner-inner fill\">\n        <div class=\"banner-bg fill\" >\n            <img decoding=\"async\" width=\"809\" height=\"1024\" src=\"https:\/\/arsenalbarber.shop\/wp-content\/uploads\/2021\/12\/Banner-main-mob-e1640332625512-809x1024.png\" class=\"bg attachment-large size-large\" alt=\"Banner main mob\" \/>                                    \n                    <\/div>\n\t\t\n        <div class=\"banner-layers container\">\n            <div class=\"fill banner-link\"><\/div>            \n        <\/div>\n      <\/div>\n\n            \n<style>\n#banner-1320384125 {\n  padding-top: 80%;\n}\n#banner-1320384125 .banner-bg img {\n  object-position: 51% 100%;\n}\n@media (min-width:550px) {\n  #banner-1320384125 {\n    padding-top: 100%;\n  }\n}\n<\/style>\n  <\/div>\n\n\n","protected":false},"excerpt":{"rendered":"<p>Primul barbershop \u00een stil militar din lume ofer\u0103 o gam\u0103 larg\u0103 de servicii, precum \u0219i linia de produse profesionale pentru b\u0103rba\u021bi Nishman.<\/p>\n","protected":false},"author":1,"featured_media":0,"parent":0,"menu_order":0,"comment_status":"closed","ping_status":"closed","template":"page-transparent-header.php","meta":{"footnotes":""},"class_list":["post-116","page","type-page","status-publish","hentry"],"_links":{"self":[{"href":"https:\/\/arsenalbarber.shop\/ro\/wp-json\/wp\/v2\/pages\/116","targetHints":{"allow":["GET"]}}],"collection":[{"href":"https:\/\/arsenalbarber.shop\/ro\/wp-json\/wp\/v2\/pages"}],"about":[{"href":"https:\/\/arsenalbarber.shop\/ro\/wp-json\/wp\/v2\/types\/page"}],"author":[{"embeddable":true,"href":"https:\/\/arsenalbarber.shop\/ro\/wp-json\/wp\/v2\/users\/1"}],"replies":[{"embeddable":true,"href":"https:\/\/arsenalbarber.shop\/ro\/wp-json\/wp\/v2\/comments?post=116"}],"version-history":[{"count":129,"href":"https:\/\/arsenalbarber.shop\/ro\/wp-json\/wp\/v2\/pages\/116\/revisions"}],"predecessor-version":[{"id":1779,"href":"https:\/\/arsenalbarber.shop\/ro\/wp-json\/wp\/v2\/pages\/116\/revisions\/1779"}],"wp:attachment":[{"href":"https:\/\/arsenalbarber.shop\/ro\/wp-json\/wp\/v2\/media?parent=116"}],"curies":[{"name":"wp","href":"https:\/\/api.w.org\/{rel}","templated":true}]}}